{"id":76598,"date":"2020-08-17T23:18:38","date_gmt":"2020-08-17T21:18:38","guid":{"rendered":"http:\/\/multimedium.eu\/?post_type=product&#038;p=76598"},"modified":"2025-09-20T20:55:51","modified_gmt":"2025-09-20T18:55:51","slug":"biedermeier-historismus-gold-medaillon-anhaenger-emaille-tuerkis-tracht","status":"publish","type":"product","link":"https:\/\/www.multimedium.eu\/?product=biedermeier-historismus-gold-medaillon-anhaenger-emaille-tuerkis-tracht","title":{"rendered":"Biedermeier Historismus Gold Medaillon Anh\u00e4nger Emaille T\u00fcrkis Tracht"},"content":{"rendered":"<h6>Biedermeier Historismus Gold Medaillon Anh\u00e4nger Emaille T\u00fcrkis Tracht<\/h6>\n<p>-VERKAUFT-<\/p>\n<p>Prachtvoller dekorativer Historismus Biedermeier Medaillon-Anh\u00e4nger<br \/>\num ca. 1850, in 18 Karat Gold,<br \/>\nVorderseite mit sch\u00f6ner Ornamentik<br \/>\n4mit erhabener Goldapplikation<br \/>\nmit aufgel\u00f6teter sch\u00f6ner zeittypischen Ornamentik<br \/>\nmit T\u00fcrkisen und einer Saatperle<br \/>\nR\u00fcckseite in gew\u00f6bter Form<br \/>\n5Innen ohne Rahmen, schlie\u00dft sehr gut,<br \/>\nmit etwas Gegendruck gegengleich an den K\u00fcgelchen zu \u00f6ffnen<br \/>\nungestempelt, auf 18 Karat Gold gepr\u00fcft<br \/>\nauch f\u00fcr Tracht gut geeignet, edel<br \/>\nInnenrand mit Gebrauchsspuren,<\/p>\n<p>sonst altersgem\u00e4\u00df in einem guten sch\u00f6nen Erhaltungszustand<\/p>\n<p>H\u00f6he incl. fest verl\u00f6teter kleiner \u00d6se<br \/>\n(ohne Aufh\u00e4nger-\u00d6se): 3,8 cm<br \/>\nBreite: 2,7 cm<br \/>\nGesamt-Gewicht: 6,7 g<\/p>\n","protected":false},"excerpt":{"rendered":"<h6><strong>Biedermeier Historismus Gold Medaillon Anh\u00e4nger Emaille T\u00fcrkis Tracht<\/strong><\/h6>\n<p>-VERKAUFT-<\/p>\n<p>Prachtvoller dekorativer Historismus Biedermeier Medaillon-Anh\u00e4nger<br \/>\num ca. 1850, in 18 Karat Gold,<br \/>\nVorderseite mit sch\u00f6ner Ornamentik<br \/>\n4mit erhabener Goldapplikation<br \/>\nmit aufgel\u00f6teter sch\u00f6ner zeittypischen Ornamentik<br \/>\nmit T\u00fcrkisen und einer Saatperle<br \/>\nR\u00fcckseite in gew\u00f6bter Form<br \/>\n5Innen ohne Rahmen, schlie\u00dft sehr gut,<br \/>\nmit etwas Gegendruck gegengleich an den K\u00fcgelchen zu \u00f6ffnen<br \/>\nungestempelt, auf 18 Karat Gold gepr\u00fcft<br \/>\nauch f\u00fcr Tracht gut geeignet, edel<br \/>\nInnenrand mit Gebrauchsspuren,<\/p>\n<p>sonst altersgem\u00e4\u00df in einem guten sch\u00f6nen Erhaltungszustand<\/p>\n<p>H\u00f6he incl. fest verl\u00f6teter kleiner \u00d6se<br \/>\n(ohne Aufh\u00e4nger-\u00d6se): 3,8 cm<br \/>\nBreite: 2,7 cm<br \/>\nGesamt-Gewicht: 6,7 g<\/p>\n","protected":false},"featured_media":76600,"template":"","meta":{"site-sidebar-layout":"default","site-content-layout":"default","ast-site-content-layout":"default","site-content-style":"default","site-sidebar-style":"default","ast-global-header-display":"","ast-banner-title-visibility":"","ast-main-header-display":"","ast-hfb-above-header-display":"","ast-hfb-below-header-display":"","ast-hfb-mobile-header-display":"","site-post-title":"","ast-breadcrumbs-content":"","ast-featured-img":"","footer-sml-layout":"","theme-transparent-header-meta":"default","adv-header-id-meta":"","stick-header-meta":"","header-above-stick-meta":"","header-main-stick-meta":"","header-below-stick-meta":"","astra-migrate-meta-layouts":"set","ast-page-background-enabled":"default","ast-page-background-meta":{"desktop":{"background-color":"","background-image":"","background-repeat":"repeat","background-position":"center center","background-size":"auto","background-attachment":"scroll","background-type":"","background-media":"","overlay-type":"","overlay-color":"","overlay-opacity":"","overlay-gradient":""},"tablet":{"background-color":"","background-image":"","background-repeat":"repeat","background-position":"center center","background-size":"auto","background-attachment":"scroll","background-type":"","background-media":"","overlay-type":"","overlay-color":"","overlay-opacity":"","overlay-gradient":""},"mobile":{"background-color":"","background-image":"","background-repeat":"repeat","background-position":"center center","background-size":"auto","background-attachment":"scroll","background-type":"","background-media":"","overlay-type":"","overlay-color":"","overlay-opacity":"","overlay-gradient":""}},"ast-content-background-meta":{"desktop":{"background-color":"var(--ast-global-color-5)","background-image":"","background-repeat":"repeat","background-position":"center center","background-size":"auto","background-attachment":"scroll","background-type":"","background-media":"","overlay-type":"","overlay-color":"","overlay-opacity":"","overlay-gradient":""},"tablet":{"background-color":"var(--ast-global-color-5)","background-image":"","background-repeat":"repeat","background-position":"center center","background-size":"auto","background-attachment":"scroll","background-type":"","background-media":"","overlay-type":"","overlay-color":"","overlay-opacity":"","overlay-gradient":""},"mobile":{"background-color":"var(--ast-global-color-5)","background-image":"","background-repeat":"repeat","background-position":"center center","background-size":"auto","background-attachment":"scroll","background-type":"","background-media":"","overlay-type":"","overlay-color":"","overlay-opacity":"","overlay-gradient":""}}},"product_brand":[],"product_cat":[4450,4101,3564,4121,3572,3982,4322,4754,4321,4149,4320],"product_tag":[3647,3639,3654,3710,4123,3707,3341,5014,3832,3677,4215],"class_list":{"0":"post-76598","1":"product","2":"type-product","3":"status-publish","4":"has-post-thumbnail","6":"product_cat-anhaenger","7":"product_cat-biedermeier","8":"product_cat-gold","9":"product_cat-historismus","10":"product_cat-juwelen","11":"product_cat-medaillon","12":"product_cat-periode","13":"product_cat-perle","14":"product_cat-steine","15":"product_cat-tuerkis","16":"product_cat-verkauft","17":"product_tag-anhaenger","18":"product_tag-emaille","19":"product_tag-enamel","20":"product_tag-gold","21":"product_tag-locket","22":"product_tag-medaillon","23":"product_tag-pendant","24":"product_tag-saatperle","25":"product_tag-tuerkis","26":"product_tag-turquoise","27":"product_tag-verkauft","28":"desktop-align-left","29":"tablet-align-left","30":"mobile-align-left","32":"first","33":"outofstock","34":"sold-individually","35":"shipping-taxable","36":"product-type-simple"},"_links":{"self":[{"href":"https:\/\/www.multimedium.eu\/index.php?rest_route=\/wp\/v2\/product\/76598","targetHints":{"allow":["GET"]}}],"collection":[{"href":"https:\/\/www.multimedium.eu\/index.php?rest_route=\/wp\/v2\/product"}],"about":[{"href":"https:\/\/www.multimedium.eu\/index.php?rest_route=\/wp\/v2\/types\/product"}],"version-history":[{"count":7,"href":"https:\/\/www.multimedium.eu\/index.php?rest_route=\/wp\/v2\/product\/76598\/revisions"}],"predecessor-version":[{"id":92270,"href":"https:\/\/www.multimedium.eu\/index.php?rest_route=\/wp\/v2\/product\/76598\/revisions\/92270"}],"wp:featuredmedia":[{"embeddable":true,"href":"https:\/\/www.multimedium.eu\/index.php?rest_route=\/wp\/v2\/media\/76600"}],"wp:attachment":[{"href":"https:\/\/www.multimedium.eu\/index.php?rest_route=%2Fwp%2Fv2%2Fmedia&parent=76598"}],"wp:term":[{"taxonomy":"product_brand","embeddable":true,"href":"https:\/\/www.multimedium.eu\/index.php?rest_route=%2Fwp%2Fv2%2Fproduct_brand&post=76598"},{"taxonomy":"product_cat","embeddable":true,"href":"https:\/\/www.multimedium.eu\/index.php?rest_route=%2Fwp%2Fv2%2Fproduct_cat&post=76598"},{"taxonomy":"product_tag","embeddable":true,"href":"https:\/\/www.multimedium.eu\/index.php?rest_route=%2Fwp%2Fv2%2Fproduct_tag&post=76598"}],"curies":[{"name":"wp","href":"https:\/\/api.w.org\/{rel}","templated":true}]}}