{"id":76620,"date":"2020-08-17T23:58:33","date_gmt":"2020-08-17T21:58:33","guid":{"rendered":"http:\/\/multimedium.eu\/?post_type=product&#038;p=76620"},"modified":"2025-03-13T09:30:18","modified_gmt":"2025-03-13T08:30:18","slug":"grosser-art-deco-silber-anhaenger-bergkristall-silver-pendant-mountain-crystal","status":"publish","type":"product","link":"https:\/\/www.multimedium.eu\/?product=grosser-art-deco-silber-anhaenger-bergkristall-silver-pendant-mountain-crystal","title":{"rendered":"Gro\u00dfer Art Deco Silber Anh\u00e4nger Bergkristall silver pendant mountain crystal"},"content":{"rendered":"","protected":false},"excerpt":{"rendered":"<p><strong>Gro\u00dfer Art Deco Silber Anh\u00e4nger Bergkristall silver pendant mountain crystal<\/strong><\/p>\n<p>Gro\u00dfer sehr sch\u00f6ner Art Deco Silber Anh\u00e4nger aus den 30er Jahren, Traumst\u00fcck,<br \/>\nmittig mit einem gefassten geschliffenen sch\u00f6nen klaren Bergkristall,<br \/>\nsch\u00f6n funkelnd was auf dem Bild nicht so sch\u00f6n leuchtend zu erkennen ist,<br \/>\nsch\u00f6n gearbeitet mit Rocaillen Blattrispen mit Kugelbel\u00f6tung<br \/>\nHandarbeit, mit einfacher Aufh\u00e4ngung<br \/>\nungestempelt: auf Silber gepr\u00fcft<\/p>\n<p>in einem guten sch\u00f6nen Erhaltungszustand<\/p>\n<p>H\u00f6he des Anh\u00e4ngers incl. Aufh\u00e4nger-\u00d6se: 5,58 cm (ohne Aufh\u00e4nger 4,9 cm)<br \/>\nBreite des Anh\u00e4ngers : 3,76\u00a0 cm<\/p>\n","protected":false},"featured_media":76622,"template":"","meta":{"site-sidebar-layout":"default","site-content-layout":"default","ast-site-content-layout":"","site-content-style":"default","site-sidebar-style":"default","ast-global-header-display":"","ast-banner-title-visibility":"","ast-main-header-display":"","ast-hfb-above-header-display":"","ast-hfb-below-header-display":"","ast-hfb-mobile-header-display":"","site-post-title":"","ast-breadcrumbs-content":"","ast-featured-img":"","footer-sml-layout":"","theme-transparent-header-meta":"default","adv-header-id-meta":"","stick-header-meta":"","header-above-stick-meta":"","header-main-stick-meta":"","header-below-stick-meta":"","astra-migrate-meta-layouts":"default","ast-page-background-enabled":"default","ast-page-background-meta":{"desktop":{"background-color":"","background-image":"","background-repeat":"repeat","background-position":"center center","background-size":"auto","background-attachment":"scroll","background-type":"","background-media":"","overlay-type":"","overlay-color":"","overlay-opacity":"","overlay-gradient":""},"tablet":{"background-color":"","background-image":"","background-repeat":"repeat","background-position":"center center","background-size":"auto","background-attachment":"scroll","background-type":"","background-media":"","overlay-type":"","overlay-color":"","overlay-opacity":"","overlay-gradient":""},"mobile":{"background-color":"","background-image":"","background-repeat":"repeat","background-position":"center center","background-size":"auto","background-attachment":"scroll","background-type":"","background-media":"","overlay-type":"","overlay-color":"","overlay-opacity":"","overlay-gradient":""}},"ast-content-background-meta":{"desktop":{"background-color":"var(--ast-global-color-5)","background-image":"","background-repeat":"repeat","background-position":"center center","background-size":"auto","background-attachment":"scroll","background-type":"","background-media":"","overlay-type":"","overlay-color":"","overlay-opacity":"","overlay-gradient":""},"tablet":{"background-color":"var(--ast-global-color-5)","background-image":"","background-repeat":"repeat","background-position":"center center","background-size":"auto","background-attachment":"scroll","background-type":"","background-media":"","overlay-type":"","overlay-color":"","overlay-opacity":"","overlay-gradient":""},"mobile":{"background-color":"var(--ast-global-color-5)","background-image":"","background-repeat":"repeat","background-position":"center center","background-size":"auto","background-attachment":"scroll","background-type":"","background-media":"","overlay-type":"","overlay-color":"","overlay-opacity":"","overlay-gradient":""}}},"product_brand":[],"product_cat":[4450,3806,4802,3572,4322,4325],"product_tag":[4565,4590,3647,3716,3842,3905,4223,4222,3341,3641,3342],"class_list":{"0":"post-76620","1":"product","2":"type-product","3":"status-publish","4":"has-post-thumbnail","6":"product_cat-anhaenger","7":"product_cat-art-deco","8":"product_cat-bergkristall","9":"product_cat-juwelen","10":"product_cat-periode","11":"product_cat-silber","12":"product_tag-30er-jahre","13":"product_tag-30s","14":"product_tag-anhaenger","15":"product_tag-art-deco","16":"product_tag-bergkristall","17":"product_tag-blatt","18":"product_tag-blaetter","19":"product_tag-leaves","20":"product_tag-pendant","21":"product_tag-silber","22":"product_tag-silver","23":"desktop-align-left","24":"tablet-align-left","25":"mobile-align-left","27":"first","28":"instock","29":"sold-individually","30":"shipping-taxable","31":"purchasable","32":"product-type-simple"},"_links":{"self":[{"href":"https:\/\/www.multimedium.eu\/index.php?rest_route=\/wp\/v2\/product\/76620","targetHints":{"allow":["GET"]}}],"collection":[{"href":"https:\/\/www.multimedium.eu\/index.php?rest_route=\/wp\/v2\/product"}],"about":[{"href":"https:\/\/www.multimedium.eu\/index.php?rest_route=\/wp\/v2\/types\/product"}],"version-history":[{"count":2,"href":"https:\/\/www.multimedium.eu\/index.php?rest_route=\/wp\/v2\/product\/76620\/revisions"}],"predecessor-version":[{"id":83402,"href":"https:\/\/www.multimedium.eu\/index.php?rest_route=\/wp\/v2\/product\/76620\/revisions\/83402"}],"wp:featuredmedia":[{"embeddable":true,"href":"https:\/\/www.multimedium.eu\/index.php?rest_route=\/wp\/v2\/media\/76622"}],"wp:attachment":[{"href":"https:\/\/www.multimedium.eu\/index.php?rest_route=%2Fwp%2Fv2%2Fmedia&parent=76620"}],"wp:term":[{"taxonomy":"product_brand","embeddable":true,"href":"https:\/\/www.multimedium.eu\/index.php?rest_route=%2Fwp%2Fv2%2Fproduct_brand&post=76620"},{"taxonomy":"product_cat","embeddable":true,"href":"https:\/\/www.multimedium.eu\/index.php?rest_route=%2Fwp%2Fv2%2Fproduct_cat&post=76620"},{"taxonomy":"product_tag","embeddable":true,"href":"https:\/\/www.multimedium.eu\/index.php?rest_route=%2Fwp%2Fv2%2Fproduct_tag&post=76620"}],"curies":[{"name":"wp","href":"https:\/\/api.w.org\/{rel}","templated":true}]}}