{"id":76627,"date":"2020-08-18T00:16:26","date_gmt":"2020-08-17T22:16:26","guid":{"rendered":"http:\/\/multimedium.eu\/?post_type=product&#038;p=76627"},"modified":"2025-03-13T09:30:18","modified_gmt":"2025-03-13T08:30:18","slug":"art-deco-gold-anhaenger-585-er-aquamarin-e-pendant","status":"publish","type":"product","link":"https:\/\/www.multimedium.eu\/?product=art-deco-gold-anhaenger-585-er-aquamarin-e-pendant","title":{"rendered":"Art Deco Gold Anh\u00e4nger 585 er Aquamarin e pendant"},"content":{"rendered":"<h6>Art Deco gold pendant 585 aquamarine pendant<\/h6>\n<p>Beautiful decorative solid Art Deco 585 gold pendant<br \/>\nwith a delicate blue cut aquamarine setting<br \/>\nstamped: 585<\/p>\n<p>good, beautiful condition<\/p>\n<p>Height including hanging eyelet: 3.7cm<br \/>\nWidth: 1.7 cm<\/p>\n","protected":false},"excerpt":{"rendered":"<h6><strong>Art Deco Gold Anh\u00e4nger 585 er Aquamarin e pendant<\/strong><\/h6>\n<p>Sch\u00f6ner dekorativer masssiver Art Deco 585er Gold Anh\u00e4nger<br \/>\nmit gefasstem zartblauen geschliffenen Aquamarin<br \/>\ngestempelt: 585<\/p>\n<p>guter sch\u00f6ner Erhaltungszustand<\/p>\n<p>H\u00f6he incl. Aufh\u00e4nger-\u00d6se : 3,7cm<br \/>\nBreite : 1,7 cm<\/p>\n","protected":false},"featured_media":76632,"template":"","meta":{"site-sidebar-layout":"default","site-content-layout":"default","ast-site-content-layout":"default","site-content-style":"default","site-sidebar-style":"default","ast-global-header-display":"","ast-banner-title-visibility":"","ast-main-header-display":"","ast-hfb-above-header-display":"","ast-hfb-below-header-display":"","ast-hfb-mobile-header-display":"","site-post-title":"","ast-breadcrumbs-content":"","ast-featured-img":"","footer-sml-layout":"","theme-transparent-header-meta":"default","adv-header-id-meta":"","stick-header-meta":"","header-above-stick-meta":"","header-main-stick-meta":"","header-below-stick-meta":"","astra-migrate-meta-layouts":"set","ast-page-background-enabled":"default","ast-page-background-meta":{"desktop":{"background-color":"","background-image":"","background-repeat":"repeat","background-position":"center center","background-size":"auto","background-attachment":"scroll","background-type":"","background-media":"","overlay-type":"","overlay-color":"","overlay-opacity":"","overlay-gradient":""},"tablet":{"background-color":"","background-image":"","background-repeat":"repeat","background-position":"center center","background-size":"auto","background-attachment":"scroll","background-type":"","background-media":"","overlay-type":"","overlay-color":"","overlay-opacity":"","overlay-gradient":""},"mobile":{"background-color":"","background-image":"","background-repeat":"repeat","background-position":"center center","background-size":"auto","background-attachment":"scroll","background-type":"","background-media":"","overlay-type":"","overlay-color":"","overlay-opacity":"","overlay-gradient":""}},"ast-content-background-meta":{"desktop":{"background-color":"var(--ast-global-color-5)","background-image":"","background-repeat":"repeat","background-position":"center center","background-size":"auto","background-attachment":"scroll","background-type":"","background-media":"","overlay-type":"","overlay-color":"","overlay-opacity":"","overlay-gradient":""},"tablet":{"background-color":"var(--ast-global-color-5)","background-image":"","background-repeat":"repeat","background-position":"center center","background-size":"auto","background-attachment":"scroll","background-type":"","background-media":"","overlay-type":"","overlay-color":"","overlay-opacity":"","overlay-gradient":""},"mobile":{"background-color":"var(--ast-global-color-5)","background-image":"","background-repeat":"repeat","background-position":"center center","background-size":"auto","background-attachment":"scroll","background-type":"","background-media":"","overlay-type":"","overlay-color":"","overlay-opacity":"","overlay-gradient":""}}},"product_brand":[],"product_cat":[4450,4425,3806,3564,3572,4322,4321],"product_tag":[3647,3752,3753,3716,3710,3341],"class_list":{"0":"post-76627","1":"product","2":"type-product","3":"status-publish","4":"has-post-thumbnail","6":"product_cat-anhaenger","7":"product_cat-aquamarin","8":"product_cat-art-deco","9":"product_cat-gold","10":"product_cat-juwelen","11":"product_cat-periode","12":"product_cat-steine","13":"product_tag-anhaenger","14":"product_tag-aquamarin","15":"product_tag-aquamarine","16":"product_tag-art-deco","17":"product_tag-gold","18":"product_tag-pendant","19":"desktop-align-left","20":"tablet-align-left","21":"mobile-align-left","23":"first","24":"instock","25":"sold-individually","26":"shipping-taxable","27":"purchasable","28":"product-type-simple"},"_links":{"self":[{"href":"https:\/\/www.multimedium.eu\/index.php?rest_route=\/wp\/v2\/product\/76627","targetHints":{"allow":["GET"]}}],"collection":[{"href":"https:\/\/www.multimedium.eu\/index.php?rest_route=\/wp\/v2\/product"}],"about":[{"href":"https:\/\/www.multimedium.eu\/index.php?rest_route=\/wp\/v2\/types\/product"}],"version-history":[{"count":4,"href":"https:\/\/www.multimedium.eu\/index.php?rest_route=\/wp\/v2\/product\/76627\/revisions"}],"predecessor-version":[{"id":89936,"href":"https:\/\/www.multimedium.eu\/index.php?rest_route=\/wp\/v2\/product\/76627\/revisions\/89936"}],"wp:featuredmedia":[{"embeddable":true,"href":"https:\/\/www.multimedium.eu\/index.php?rest_route=\/wp\/v2\/media\/76632"}],"wp:attachment":[{"href":"https:\/\/www.multimedium.eu\/index.php?rest_route=%2Fwp%2Fv2%2Fmedia&parent=76627"}],"wp:term":[{"taxonomy":"product_brand","embeddable":true,"href":"https:\/\/www.multimedium.eu\/index.php?rest_route=%2Fwp%2Fv2%2Fproduct_brand&post=76627"},{"taxonomy":"product_cat","embeddable":true,"href":"https:\/\/www.multimedium.eu\/index.php?rest_route=%2Fwp%2Fv2%2Fproduct_cat&post=76627"},{"taxonomy":"product_tag","embeddable":true,"href":"https:\/\/www.multimedium.eu\/index.php?rest_route=%2Fwp%2Fv2%2Fproduct_tag&post=76627"}],"curies":[{"name":"wp","href":"https:\/\/api.w.org\/{rel}","templated":true}]}}