{"id":76653,"date":"2020-08-18T22:04:42","date_gmt":"2020-08-18T20:04:42","guid":{"rendered":"http:\/\/multimedium.eu\/?post_type=product&#038;p=76653"},"modified":"2025-03-13T09:30:17","modified_gmt":"2025-03-13T08:30:17","slug":"historismus-brosche-silber-amethyst-flussperlen-saatperlen-perlen-antik-trachten","status":"publish","type":"product","link":"https:\/\/www.multimedium.eu\/?product=historismus-brosche-silber-amethyst-flussperlen-saatperlen-perlen-antik-trachten","title":{"rendered":"Historismus Brosche Silber Amethyst Flu\u00dfperlen Saatperlen Perlen antik Trachten"},"content":{"rendered":"<p><strong>Exceptional beautiful and rare Victorian Brooch c. 1850\/60<\/strong><br \/>\n<strong>Unmarked, Silver proved<\/strong><br \/>\n<strong>Set and cut hexagonal Amethyst<\/strong><br \/>\n<strong>Numerous freshwater pearls<\/strong><\/p>\n<p><strong>in a good beautiful condition<\/strong><\/p>\n<p><strong>Width of the brooch: 2 1\/3 &#8220; (5,9 cm)<\/strong><br \/>\n<strong>Height of the brooch: 1,14 &#8220; (2,9 cm)<\/strong><\/p>\n","protected":false},"excerpt":{"rendered":"<p><strong>Historismus Brosche Silber Amethyst Flu\u00dfperlen Saatperlen Perlen antik Trachten<\/strong><\/p>\n<p>Au\u00dfergew\u00f6hnlich sch\u00f6ne und seltene Historismus Brosche um1850\/60<br \/>\nSilber gepr\u00fcft<br \/>\ngefasster sechseckiger geschliffener Amethyst<br \/>\nzahlreiche Flu\u00df-Perlchen<\/p>\n<p>guter sch\u00f6ner Erhaltungszustand<\/p>\n<p>Breite der Brosche:5,9 cm<br \/>\nH\u00f6he der Brosche: 2,9 cm<\/p>\n","protected":false},"featured_media":76655,"template":"","meta":{"site-sidebar-layout":"default","site-content-layout":"default","ast-site-content-layout":"","site-content-style":"default","site-sidebar-style":"default","ast-global-header-display":"","ast-banner-title-visibility":"","ast-main-header-display":"","ast-hfb-above-header-display":"","ast-hfb-below-header-display":"","ast-hfb-mobile-header-display":"","site-post-title":"","ast-breadcrumbs-content":"","ast-featured-img":"","footer-sml-layout":"","theme-transparent-header-meta":"default","adv-header-id-meta":"","stick-header-meta":"","header-above-stick-meta":"","header-main-stick-meta":"","header-below-stick-meta":"","astra-migrate-meta-layouts":"default","ast-page-background-enabled":"default","ast-page-background-meta":{"desktop":{"background-color":"","background-image":"","background-repeat":"repeat","background-position":"center center","background-size":"auto","background-attachment":"scroll","background-type":"","background-media":"","overlay-type":"","overlay-color":"","overlay-opacity":"","overlay-gradient":""},"tablet":{"background-color":"","background-image":"","background-repeat":"repeat","background-position":"center center","background-size":"auto","background-attachment":"scroll","background-type":"","background-media":"","overlay-type":"","overlay-color":"","overlay-opacity":"","overlay-gradient":""},"mobile":{"background-color":"","background-image":"","background-repeat":"repeat","background-position":"center center","background-size":"auto","background-attachment":"scroll","background-type":"","background-media":"","overlay-type":"","overlay-color":"","overlay-opacity":"","overlay-gradient":""}},"ast-content-background-meta":{"desktop":{"background-color":"var(--ast-global-color-5)","background-image":"","background-repeat":"repeat","background-position":"center center","background-size":"auto","background-attachment":"scroll","background-type":"","background-media":"","overlay-type":"","overlay-color":"","overlay-opacity":"","overlay-gradient":""},"tablet":{"background-color":"var(--ast-global-color-5)","background-image":"","background-repeat":"repeat","background-position":"center center","background-size":"auto","background-attachment":"scroll","background-type":"","background-media":"","overlay-type":"","overlay-color":"","overlay-opacity":"","overlay-gradient":""},"mobile":{"background-color":"var(--ast-global-color-5)","background-image":"","background-repeat":"repeat","background-position":"center center","background-size":"auto","background-attachment":"scroll","background-type":"","background-media":"","overlay-type":"","overlay-color":"","overlay-opacity":"","overlay-gradient":""}}},"product_brand":[],"product_cat":[4761,3580,4121,3572,4322,4754,4325,4321],"product_tag":[3651,3643,3636,3667,4010,3641,3342],"class_list":{"0":"post-76653","1":"product","2":"type-product","3":"status-publish","4":"has-post-thumbnail","6":"product_cat-amethyst","7":"product_cat-broschen","8":"product_cat-historismus","9":"product_cat-juwelen","10":"product_cat-periode","11":"product_cat-perle","12":"product_cat-silber","13":"product_cat-steine","14":"product_tag-amethyst","15":"product_tag-brooch","16":"product_tag-brosche","17":"product_tag-perle","18":"product_tag-saatperlen","19":"product_tag-silber","20":"product_tag-silver","21":"desktop-align-left","22":"tablet-align-left","23":"mobile-align-left","25":"first","26":"instock","27":"sold-individually","28":"shipping-taxable","29":"purchasable","30":"product-type-simple"},"_links":{"self":[{"href":"https:\/\/www.multimedium.eu\/index.php?rest_route=\/wp\/v2\/product\/76653","targetHints":{"allow":["GET"]}}],"collection":[{"href":"https:\/\/www.multimedium.eu\/index.php?rest_route=\/wp\/v2\/product"}],"about":[{"href":"https:\/\/www.multimedium.eu\/index.php?rest_route=\/wp\/v2\/types\/product"}],"version-history":[{"count":2,"href":"https:\/\/www.multimedium.eu\/index.php?rest_route=\/wp\/v2\/product\/76653\/revisions"}],"predecessor-version":[{"id":83377,"href":"https:\/\/www.multimedium.eu\/index.php?rest_route=\/wp\/v2\/product\/76653\/revisions\/83377"}],"wp:featuredmedia":[{"embeddable":true,"href":"https:\/\/www.multimedium.eu\/index.php?rest_route=\/wp\/v2\/media\/76655"}],"wp:attachment":[{"href":"https:\/\/www.multimedium.eu\/index.php?rest_route=%2Fwp%2Fv2%2Fmedia&parent=76653"}],"wp:term":[{"taxonomy":"product_brand","embeddable":true,"href":"https:\/\/www.multimedium.eu\/index.php?rest_route=%2Fwp%2Fv2%2Fproduct_brand&post=76653"},{"taxonomy":"product_cat","embeddable":true,"href":"https:\/\/www.multimedium.eu\/index.php?rest_route=%2Fwp%2Fv2%2Fproduct_cat&post=76653"},{"taxonomy":"product_tag","embeddable":true,"href":"https:\/\/www.multimedium.eu\/index.php?rest_route=%2Fwp%2Fv2%2Fproduct_tag&post=76653"}],"curies":[{"name":"wp","href":"https:\/\/api.w.org\/{rel}","templated":true}]}}