{"id":76745,"date":"2020-08-20T00:02:15","date_gmt":"2020-08-19T22:02:15","guid":{"rendered":"http:\/\/multimedium.eu\/?post_type=product&#038;p=76745"},"modified":"2025-03-13T09:30:15","modified_gmt":"2025-03-13T08:30:15","slug":"art-deco-silber-lorgnon-tula-niello-lorgnette-klappbrille-grimminger-1920-silver","status":"publish","type":"product","link":"https:\/\/www.multimedium.eu\/?product=art-deco-silber-lorgnon-tula-niello-lorgnette-klappbrille-grimminger-1920-silver","title":{"rendered":"Art Deco Silber Lorgnon Tula Niello Lorgnette Klappbrille Grimminger 1920 silver"},"content":{"rendered":"","protected":false},"excerpt":{"rendered":"<p><strong>Art Deco Silber Lorgnon Tula Niello Lorgnette Klappbrille Grimminger 1920 silver<\/strong><\/p>\n<p>Sch\u00f6nes seltenes Art Deco Tula Silber Lorgnon aus den 20er Jahren<br \/>\nvon Jakob Grimminger, Schw\u00e4bisch Gm\u00fcnd,<br \/>\n2 optische Gl\u00e4ser, klappt mit verstecktem Mechanismus automatisch auf,<br \/>\nmit Tula Silber in Schachbrett Musterung,<br \/>\nteiweise ziseliert<br \/>\ngestempelt: 935 und Firmenpunze (Jakob Grimminger, Schw\u00e4bisch Gm\u00fcnd)<\/p>\n<p>in einem guten sch\u00f6nen Erhaltungszustand, voll funktionsf\u00e4hig,H\u00f6he: ca. 15 cm<\/p>\n<p>Au\u00dfenma\u00df der Brillenglas-Fassung: 3,97 cm<br \/>\nDurchmesser eines Brillenglases (sichtbare Fl\u00e4che): 3,66 cm<br \/>\nMa\u00dfe der Schatulle (L x B x H): 19,5 x 7 x 2,6 cm<\/p>\n","protected":false},"featured_media":76749,"template":"","meta":{"site-sidebar-layout":"default","site-content-layout":"default","ast-site-content-layout":"","site-content-style":"default","site-sidebar-style":"default","ast-global-header-display":"","ast-banner-title-visibility":"","ast-main-header-display":"","ast-hfb-above-header-display":"","ast-hfb-below-header-display":"","ast-hfb-mobile-header-display":"","site-post-title":"","ast-breadcrumbs-content":"","ast-featured-img":"","footer-sml-layout":"","theme-transparent-header-meta":"default","adv-header-id-meta":"","stick-header-meta":"","header-above-stick-meta":"","header-main-stick-meta":"","header-below-stick-meta":"","astra-migrate-meta-layouts":"default","ast-page-background-enabled":"default","ast-page-background-meta":{"desktop":{"background-color":"","background-image":"","background-repeat":"repeat","background-position":"center center","background-size":"auto","background-attachment":"scroll","background-type":"","background-media":"","overlay-type":"","overlay-color":"","overlay-opacity":"","overlay-gradient":""},"tablet":{"background-color":"","background-image":"","background-repeat":"repeat","background-position":"center center","background-size":"auto","background-attachment":"scroll","background-type":"","background-media":"","overlay-type":"","overlay-color":"","overlay-opacity":"","overlay-gradient":""},"mobile":{"background-color":"","background-image":"","background-repeat":"repeat","background-position":"center center","background-size":"auto","background-attachment":"scroll","background-type":"","background-media":"","overlay-type":"","overlay-color":"","overlay-opacity":"","overlay-gradient":""}},"ast-content-background-meta":{"desktop":{"background-color":"var(--ast-global-color-5)","background-image":"","background-repeat":"repeat","background-position":"center center","background-size":"auto","background-attachment":"scroll","background-type":"","background-media":"","overlay-type":"","overlay-color":"","overlay-opacity":"","overlay-gradient":""},"tablet":{"background-color":"var(--ast-global-color-5)","background-image":"","background-repeat":"repeat","background-position":"center center","background-size":"auto","background-attachment":"scroll","background-type":"","background-media":"","overlay-type":"","overlay-color":"","overlay-opacity":"","overlay-gradient":""},"mobile":{"background-color":"var(--ast-global-color-5)","background-image":"","background-repeat":"repeat","background-position":"center center","background-size":"auto","background-attachment":"scroll","background-type":"","background-media":"","overlay-type":"","overlay-color":"","overlay-opacity":"","overlay-gradient":""}}},"product_brand":[],"product_cat":[3806,3598,3572,4738,4322,4325,3620,4321],"product_tag":[3716,5046,4496,3984,5047,4080,3641,3983],"class_list":{"0":"post-76745","1":"product","2":"type-product","3":"status-publish","4":"has-post-thumbnail","6":"product_cat-art-deco","7":"product_cat-emaille","8":"product_cat-juwelen","9":"product_cat-lorgnon","10":"product_cat-periode","11":"product_cat-silber","12":"product_cat-silber-objekte","13":"product_cat-steine","14":"product_tag-art-deco","15":"product_tag-jakob-grimminger","16":"product_tag-lorgnon","17":"product_tag-niello","18":"product_tag-schachbrett","19":"product_tag-schwaebisch-gmuend","20":"product_tag-silber","21":"product_tag-tula","22":"desktop-align-left","23":"tablet-align-left","24":"mobile-align-left","26":"first","27":"instock","28":"sold-individually","29":"shipping-taxable","30":"purchasable","31":"product-type-simple"},"_links":{"self":[{"href":"https:\/\/www.multimedium.eu\/index.php?rest_route=\/wp\/v2\/product\/76745","targetHints":{"allow":["GET"]}}],"collection":[{"href":"https:\/\/www.multimedium.eu\/index.php?rest_route=\/wp\/v2\/product"}],"about":[{"href":"https:\/\/www.multimedium.eu\/index.php?rest_route=\/wp\/v2\/types\/product"}],"version-history":[{"count":2,"href":"https:\/\/www.multimedium.eu\/index.php?rest_route=\/wp\/v2\/product\/76745\/revisions"}],"predecessor-version":[{"id":83392,"href":"https:\/\/www.multimedium.eu\/index.php?rest_route=\/wp\/v2\/product\/76745\/revisions\/83392"}],"wp:featuredmedia":[{"embeddable":true,"href":"https:\/\/www.multimedium.eu\/index.php?rest_route=\/wp\/v2\/media\/76749"}],"wp:attachment":[{"href":"https:\/\/www.multimedium.eu\/index.php?rest_route=%2Fwp%2Fv2%2Fmedia&parent=76745"}],"wp:term":[{"taxonomy":"product_brand","embeddable":true,"href":"https:\/\/www.multimedium.eu\/index.php?rest_route=%2Fwp%2Fv2%2Fproduct_brand&post=76745"},{"taxonomy":"product_cat","embeddable":true,"href":"https:\/\/www.multimedium.eu\/index.php?rest_route=%2Fwp%2Fv2%2Fproduct_cat&post=76745"},{"taxonomy":"product_tag","embeddable":true,"href":"https:\/\/www.multimedium.eu\/index.php?rest_route=%2Fwp%2Fv2%2Fproduct_tag&post=76745"}],"curies":[{"name":"wp","href":"https:\/\/api.w.org\/{rel}","templated":true}]}}