{"id":76801,"date":"2020-08-22T20:00:31","date_gmt":"2020-08-22T18:00:31","guid":{"rendered":"http:\/\/multimedium.eu\/?post_type=product&#038;p=76801"},"modified":"2025-03-13T09:30:14","modified_gmt":"2025-03-13T08:30:14","slug":"natur-bernstein-butterscotch-armband-mit-gummizug-real-amber-bracelet","status":"publish","type":"product","link":"https:\/\/www.multimedium.eu\/?product=natur-bernstein-butterscotch-armband-mit-gummizug-real-amber-bracelet","title":{"rendered":"Natur Bernstein Butterscotch Armband mit Gummizug real amber bracelet"},"content":{"rendered":"","protected":false},"excerpt":{"rendered":"<p><strong>Natur Bernstein Butterscotch Armband mit Gummizug real amber bracelet<\/strong><\/p>\n<p>Au\u00dfergew\u00f6hnlich sch\u00f6nes dekoratives Natur Bernstein<br \/>\nButterscotch Armband mit Gummizug<br \/>\nin sch\u00f6nen Farben von hell Eigelb bis Ockergelb<br \/>\nteils mit nat\u00fcrlicher marmor-artiger Maserung<\/p>\n<p>in einem guten sch\u00f6nen Erhaltungszustand<\/p>\n<p>H\u00f6he der Bernsteinglieder (Breite des Armbands): ca. 3 &#8211; 3,5 cm<br \/>\nBreite der Bernstein-Glieder: 2,1 bis 2,3 cm<br \/>\nInnen-Durchmesser des Armbands: 6 cm<br \/>\nTiefe (Dicke) der Bernsteinglieder: ca. 8,7 mm<br \/>\nGesamtgewicht: 44,3 g<\/p>\n","protected":false},"featured_media":76804,"template":"","meta":{"site-sidebar-layout":"default","site-content-layout":"default","ast-site-content-layout":"","site-content-style":"default","site-sidebar-style":"default","ast-global-header-display":"","ast-banner-title-visibility":"","ast-main-header-display":"","ast-hfb-above-header-display":"","ast-hfb-below-header-display":"","ast-hfb-mobile-header-display":"","site-post-title":"","ast-breadcrumbs-content":"","ast-featured-img":"","footer-sml-layout":"","theme-transparent-header-meta":"default","adv-header-id-meta":"","stick-header-meta":"","header-above-stick-meta":"","header-main-stick-meta":"","header-below-stick-meta":"","astra-migrate-meta-layouts":"default","ast-page-background-enabled":"default","ast-page-background-meta":{"desktop":{"background-color":"","background-image":"","background-repeat":"repeat","background-position":"center center","background-size":"auto","background-attachment":"scroll","background-type":"","background-media":"","overlay-type":"","overlay-color":"","overlay-opacity":"","overlay-gradient":""},"tablet":{"background-color":"","background-image":"","background-repeat":"repeat","background-position":"center center","background-size":"auto","background-attachment":"scroll","background-type":"","background-media":"","overlay-type":"","overlay-color":"","overlay-opacity":"","overlay-gradient":""},"mobile":{"background-color":"","background-image":"","background-repeat":"repeat","background-position":"center center","background-size":"auto","background-attachment":"scroll","background-type":"","background-media":"","overlay-type":"","overlay-color":"","overlay-opacity":"","overlay-gradient":""}},"ast-content-background-meta":{"desktop":{"background-color":"var(--ast-global-color-5)","background-image":"","background-repeat":"repeat","background-position":"center center","background-size":"auto","background-attachment":"scroll","background-type":"","background-media":"","overlay-type":"","overlay-color":"","overlay-opacity":"","overlay-gradient":""},"tablet":{"background-color":"var(--ast-global-color-5)","background-image":"","background-repeat":"repeat","background-position":"center center","background-size":"auto","background-attachment":"scroll","background-type":"","background-media":"","overlay-type":"","overlay-color":"","overlay-opacity":"","overlay-gradient":""},"mobile":{"background-color":"var(--ast-global-color-5)","background-image":"","background-repeat":"repeat","background-position":"center center","background-size":"auto","background-attachment":"scroll","background-type":"","background-media":"","overlay-type":"","overlay-color":"","overlay-opacity":"","overlay-gradient":""}}},"product_brand":[],"product_cat":[3581,3563,3561,3572,4322,4321],"product_tag":[3661,3731,3663,4036],"class_list":{"0":"post-76801","1":"product","2":"type-product","3":"status-publish","4":"has-post-thumbnail","6":"product_cat-armbaender-armreif","7":"product_cat-bernstein","8":"product_cat-design-nach-1945","9":"product_cat-juwelen","10":"product_cat-periode","11":"product_cat-steine","12":"product_tag-armband","13":"product_tag-bernstein","14":"product_tag-bracelet","15":"product_tag-butterscotch","16":"desktop-align-left","17":"tablet-align-left","18":"mobile-align-left","20":"first","21":"instock","22":"sold-individually","23":"shipping-taxable","24":"purchasable","25":"product-type-simple"},"_links":{"self":[{"href":"https:\/\/www.multimedium.eu\/index.php?rest_route=\/wp\/v2\/product\/76801","targetHints":{"allow":["GET"]}}],"collection":[{"href":"https:\/\/www.multimedium.eu\/index.php?rest_route=\/wp\/v2\/product"}],"about":[{"href":"https:\/\/www.multimedium.eu\/index.php?rest_route=\/wp\/v2\/types\/product"}],"version-history":[{"count":3,"href":"https:\/\/www.multimedium.eu\/index.php?rest_route=\/wp\/v2\/product\/76801\/revisions"}],"predecessor-version":[{"id":83380,"href":"https:\/\/www.multimedium.eu\/index.php?rest_route=\/wp\/v2\/product\/76801\/revisions\/83380"}],"wp:featuredmedia":[{"embeddable":true,"href":"https:\/\/www.multimedium.eu\/index.php?rest_route=\/wp\/v2\/media\/76804"}],"wp:attachment":[{"href":"https:\/\/www.multimedium.eu\/index.php?rest_route=%2Fwp%2Fv2%2Fmedia&parent=76801"}],"wp:term":[{"taxonomy":"product_brand","embeddable":true,"href":"https:\/\/www.multimedium.eu\/index.php?rest_route=%2Fwp%2Fv2%2Fproduct_brand&post=76801"},{"taxonomy":"product_cat","embeddable":true,"href":"https:\/\/www.multimedium.eu\/index.php?rest_route=%2Fwp%2Fv2%2Fproduct_cat&post=76801"},{"taxonomy":"product_tag","embeddable":true,"href":"https:\/\/www.multimedium.eu\/index.php?rest_route=%2Fwp%2Fv2%2Fproduct_tag&post=76801"}],"curies":[{"name":"wp","href":"https:\/\/api.w.org\/{rel}","templated":true}]}}