{"id":76822,"date":"2020-08-22T20:37:39","date_gmt":"2020-08-22T18:37:39","guid":{"rendered":"http:\/\/multimedium.eu\/?post_type=product&#038;p=76822"},"modified":"2025-03-13T09:30:14","modified_gmt":"2025-03-13T08:30:14","slug":"antike-585er-gold-biedermeier-granat-ohrringe-14ct-earrings-garnet","status":"publish","type":"product","link":"https:\/\/www.multimedium.eu\/?product=antike-585er-gold-biedermeier-granat-ohrringe-14ct-earrings-garnet","title":{"rendered":"Antike 585er Gold Biedermeier Granat Ohrringe 14ct earrings garnet"},"content":{"rendered":"<h6><strong>-VERKAUFT- Antike 585er Gold Biedermeier Granat Ohrringe 14ct earrings garnet<\/strong><\/h6>\n<p>Wundersch\u00f6ne dekorative antike 585er Gold Biedermeier Granat Ohrringe,<br \/>\nmit roten Granaten, um 1800 &#8211; 1840<br \/>\nOhrringe auf 585er Gold gepr\u00fcft, (Ohrschrauben nicht aus Gold)<\/p>\n<p>\u00e4ltere Umarbeitung, Schraubverschu\u00df wurde erg\u00e4nzt,<br \/>\nan einem Ohrring Fassung mit Gebrauchsspuren,<br \/>\nam obereren Teil des Schraubverschlu\u00dfes der Bl\u00fcte mit Abrieb,<br \/>\neine \u00d6se wurde verst\u00e4rkt,<br \/>\nansonsten in einem guten Erhaltungszustand<\/p>\n<p>L\u00e4nge eines Ohrrings incl. Brisur: 4,35 cm<br \/>\nBreite eines Ohrrings: ca. 1,4 cm<\/p>\n","protected":false},"excerpt":{"rendered":"<p>-VERKAUFT- Antike 585er Gold Biedermeier Granat Ohrringe 14ct earrings garnet Wundersch\u00f6ne dekorative antike 585er Gold Biedermeier Granat Ohrringe, mit roten Granaten, um 1800 &#8211; 1840 Ohrringe auf 585er Gold gepr\u00fcft, (Ohrschrauben nicht aus Gold) \u00e4ltere Umarbeitung, Schraubverschu\u00df wurde erg\u00e4nzt, an einem Ohrring Fassung mit Gebrauchsspuren, am obereren Teil des Schraubverschlu\u00dfes der Bl\u00fcte mit Abrieb, eine [&hellip;]<\/p>\n","protected":false},"featured_media":76826,"template":"","meta":{"site-sidebar-layout":"default","site-content-layout":"default","ast-site-content-layout":"","site-content-style":"default","site-sidebar-style":"default","ast-global-header-display":"","ast-banner-title-visibility":"","ast-main-header-display":"","ast-hfb-above-header-display":"","ast-hfb-below-header-display":"","ast-hfb-mobile-header-display":"","site-post-title":"","ast-breadcrumbs-content":"","ast-featured-img":"","footer-sml-layout":"","theme-transparent-header-meta":"default","adv-header-id-meta":"","stick-header-meta":"","header-above-stick-meta":"","header-main-stick-meta":"","header-below-stick-meta":"","astra-migrate-meta-layouts":"default","ast-page-background-enabled":"default","ast-page-background-meta":{"desktop":{"background-color":"","background-image":"","background-repeat":"repeat","background-position":"center center","background-size":"auto","background-attachment":"scroll","background-type":"","background-media":"","overlay-type":"","overlay-color":"","overlay-opacity":"","overlay-gradient":""},"tablet":{"background-color":"","background-image":"","background-repeat":"repeat","background-position":"center center","background-size":"auto","background-attachment":"scroll","background-type":"","background-media":"","overlay-type":"","overlay-color":"","overlay-opacity":"","overlay-gradient":""},"mobile":{"background-color":"","background-image":"","background-repeat":"repeat","background-position":"center center","background-size":"auto","background-attachment":"scroll","background-type":"","background-media":"","overlay-type":"","overlay-color":"","overlay-opacity":"","overlay-gradient":""}},"ast-content-background-meta":{"desktop":{"background-color":"var(--ast-global-color-5)","background-image":"","background-repeat":"repeat","background-position":"center center","background-size":"auto","background-attachment":"scroll","background-type":"","background-media":"","overlay-type":"","overlay-color":"","overlay-opacity":"","overlay-gradient":""},"tablet":{"background-color":"var(--ast-global-color-5)","background-image":"","background-repeat":"repeat","background-position":"center center","background-size":"auto","background-attachment":"scroll","background-type":"","background-media":"","overlay-type":"","overlay-color":"","overlay-opacity":"","overlay-gradient":""},"mobile":{"background-color":"var(--ast-global-color-5)","background-image":"","background-repeat":"repeat","background-position":"center center","background-size":"auto","background-attachment":"scroll","background-type":"","background-media":"","overlay-type":"","overlay-color":"","overlay-opacity":"","overlay-gradient":""}}},"product_brand":[],"product_cat":[4101,3564,3573,3572,3584,4322,4321,4320],"product_tag":[3823,3672,3725,3710,3724,3671,5062,4215],"class_list":{"0":"post-76822","1":"product","2":"type-product","3":"status-publish","4":"has-post-thumbnail","6":"product_cat-biedermeier","7":"product_cat-gold","8":"product_cat-granat","9":"product_cat-juwelen","10":"product_cat-ohrringe","11":"product_cat-periode","12":"product_cat-steine","13":"product_cat-verkauft","14":"product_tag-biedermeier","15":"product_tag-earrings","16":"product_tag-garnet","17":"product_tag-gold","18":"product_tag-granat","19":"product_tag-ohrringe","20":"product_tag-ohrschrauben","21":"product_tag-verkauft","22":"desktop-align-left","23":"tablet-align-left","24":"mobile-align-left","26":"first","27":"outofstock","28":"sold-individually","29":"shipping-taxable","30":"product-type-simple"},"_links":{"self":[{"href":"https:\/\/www.multimedium.eu\/index.php?rest_route=\/wp\/v2\/product\/76822","targetHints":{"allow":["GET"]}}],"collection":[{"href":"https:\/\/www.multimedium.eu\/index.php?rest_route=\/wp\/v2\/product"}],"about":[{"href":"https:\/\/www.multimedium.eu\/index.php?rest_route=\/wp\/v2\/types\/product"}],"version-history":[{"count":7,"href":"https:\/\/www.multimedium.eu\/index.php?rest_route=\/wp\/v2\/product\/76822\/revisions"}],"predecessor-version":[{"id":87855,"href":"https:\/\/www.multimedium.eu\/index.php?rest_route=\/wp\/v2\/product\/76822\/revisions\/87855"}],"wp:featuredmedia":[{"embeddable":true,"href":"https:\/\/www.multimedium.eu\/index.php?rest_route=\/wp\/v2\/media\/76826"}],"wp:attachment":[{"href":"https:\/\/www.multimedium.eu\/index.php?rest_route=%2Fwp%2Fv2%2Fmedia&parent=76822"}],"wp:term":[{"taxonomy":"product_brand","embeddable":true,"href":"https:\/\/www.multimedium.eu\/index.php?rest_route=%2Fwp%2Fv2%2Fproduct_brand&post=76822"},{"taxonomy":"product_cat","embeddable":true,"href":"https:\/\/www.multimedium.eu\/index.php?rest_route=%2Fwp%2Fv2%2Fproduct_cat&post=76822"},{"taxonomy":"product_tag","embeddable":true,"href":"https:\/\/www.multimedium.eu\/index.php?rest_route=%2Fwp%2Fv2%2Fproduct_tag&post=76822"}],"curies":[{"name":"wp","href":"https:\/\/api.w.org\/{rel}","templated":true}]}}