{"id":76887,"date":"2020-08-22T22:37:40","date_gmt":"2020-08-22T20:37:40","guid":{"rendered":"http:\/\/multimedium.eu\/?post_type=product&#038;p=76887"},"modified":"2025-03-13T09:30:13","modified_gmt":"2025-03-13T08:30:13","slug":"bengt-hallberg-schweden-bergkristall-silber-set-ring-armreif-ohrclips-ohrringe","status":"publish","type":"product","link":"https:\/\/www.multimedium.eu\/?product=bengt-hallberg-schweden-bergkristall-silber-set-ring-armreif-ohrclips-ohrringe","title":{"rendered":"Bengt Hallberg Schweden Bergkristall Silber Set Ring Armreif Ohrclips Ohrringe"},"content":{"rendered":"","protected":false},"excerpt":{"rendered":"<p><strong>Bengt Hallberg Schweden Bergkristall Silber Set Ring Armreif Ohrclips Ohrringe<\/strong><\/p>\n<p>Sch\u00f6nes dekoratives vintage Set von Bengt Hallberg, Schweden,<br \/>\nbestehemd aus Armreif, Ring und Ohrclips,<br \/>\njeweils mit einem gefassten geschliffenen Bergkristall,<br \/>\nArmreif zus\u00e4tzlich signiert mit: Lindstr\u00f6m<br \/>\nalle Schmuckst\u00fccke signiert: 925S und Punze von Bengt Hallberg<\/p>\n<p>Altersspuren, da getragen,<br \/>\nsonst in einem guten Erhaltungszustand<\/p>\n<p>Ringgr\u00f6\u00dfe : 57 (Ringschiene offen, Ringgr\u00f6\u00dfe ver\u00e4nderbar)<br \/>\nSeitenl\u00e4nge der Ringkopfs: 2,1 cm<\/p>\n","protected":false},"featured_media":76895,"template":"","meta":{"site-sidebar-layout":"default","site-content-layout":"default","ast-site-content-layout":"","site-content-style":"default","site-sidebar-style":"default","ast-global-header-display":"","ast-banner-title-visibility":"","ast-main-header-display":"","ast-hfb-above-header-display":"","ast-hfb-below-header-display":"","ast-hfb-mobile-header-display":"","site-post-title":"","ast-breadcrumbs-content":"","ast-featured-img":"","footer-sml-layout":"","theme-transparent-header-meta":"default","adv-header-id-meta":"","stick-header-meta":"","header-above-stick-meta":"","header-main-stick-meta":"","header-below-stick-meta":"","astra-migrate-meta-layouts":"default","ast-page-background-enabled":"default","ast-page-background-meta":{"desktop":{"background-color":"","background-image":"","background-repeat":"repeat","background-position":"center center","background-size":"auto","background-attachment":"scroll","background-type":"","background-media":"","overlay-type":"","overlay-color":"","overlay-opacity":"","overlay-gradient":""},"tablet":{"background-color":"","background-image":"","background-repeat":"repeat","background-position":"center center","background-size":"auto","background-attachment":"scroll","background-type":"","background-media":"","overlay-type":"","overlay-color":"","overlay-opacity":"","overlay-gradient":""},"mobile":{"background-color":"","background-image":"","background-repeat":"repeat","background-position":"center center","background-size":"auto","background-attachment":"scroll","background-type":"","background-media":"","overlay-type":"","overlay-color":"","overlay-opacity":"","overlay-gradient":""}},"ast-content-background-meta":{"desktop":{"background-color":"var(--ast-global-color-5)","background-image":"","background-repeat":"repeat","background-position":"center center","background-size":"auto","background-attachment":"scroll","background-type":"","background-media":"","overlay-type":"","overlay-color":"","overlay-opacity":"","overlay-gradient":""},"tablet":{"background-color":"var(--ast-global-color-5)","background-image":"","background-repeat":"repeat","background-position":"center center","background-size":"auto","background-attachment":"scroll","background-type":"","background-media":"","overlay-type":"","overlay-color":"","overlay-opacity":"","overlay-gradient":""},"mobile":{"background-color":"var(--ast-global-color-5)","background-image":"","background-repeat":"repeat","background-position":"center center","background-size":"auto","background-attachment":"scroll","background-type":"","background-media":"","overlay-type":"","overlay-color":"","overlay-opacity":"","overlay-gradient":""}}},"product_brand":[],"product_cat":[4322],"product_tag":[3661,3755,5070,3842,3663,5071,4981,3841,3641,3342],"class_list":{"0":"post-76887","1":"product","2":"type-product","3":"status-publish","4":"has-post-thumbnail","6":"product_cat-periode","7":"product_tag-armband","8":"product_tag-armreif","9":"product_tag-bengt-hallberg","10":"product_tag-bergkristall","11":"product_tag-bracelet","12":"product_tag-lindstroem","13":"product_tag-ohrclips","14":"product_tag-schweden","15":"product_tag-silber","16":"product_tag-silver","17":"desktop-align-left","18":"tablet-align-left","19":"mobile-align-left","21":"first","22":"instock","23":"sold-individually","24":"shipping-taxable","25":"purchasable","26":"product-type-simple"},"_links":{"self":[{"href":"https:\/\/www.multimedium.eu\/index.php?rest_route=\/wp\/v2\/product\/76887","targetHints":{"allow":["GET"]}}],"collection":[{"href":"https:\/\/www.multimedium.eu\/index.php?rest_route=\/wp\/v2\/product"}],"about":[{"href":"https:\/\/www.multimedium.eu\/index.php?rest_route=\/wp\/v2\/types\/product"}],"version-history":[{"count":2,"href":"https:\/\/www.multimedium.eu\/index.php?rest_route=\/wp\/v2\/product\/76887\/revisions"}],"predecessor-version":[{"id":83371,"href":"https:\/\/www.multimedium.eu\/index.php?rest_route=\/wp\/v2\/product\/76887\/revisions\/83371"}],"wp:featuredmedia":[{"embeddable":true,"href":"https:\/\/www.multimedium.eu\/index.php?rest_route=\/wp\/v2\/media\/76895"}],"wp:attachment":[{"href":"https:\/\/www.multimedium.eu\/index.php?rest_route=%2Fwp%2Fv2%2Fmedia&parent=76887"}],"wp:term":[{"taxonomy":"product_brand","embeddable":true,"href":"https:\/\/www.multimedium.eu\/index.php?rest_route=%2Fwp%2Fv2%2Fproduct_brand&post=76887"},{"taxonomy":"product_cat","embeddable":true,"href":"https:\/\/www.multimedium.eu\/index.php?rest_route=%2Fwp%2Fv2%2Fproduct_cat&post=76887"},{"taxonomy":"product_tag","embeddable":true,"href":"https:\/\/www.multimedium.eu\/index.php?rest_route=%2Fwp%2Fv2%2Fproduct_tag&post=76887"}],"curies":[{"name":"wp","href":"https:\/\/api.w.org\/{rel}","templated":true}]}}