{"id":76934,"date":"2020-08-23T12:06:20","date_gmt":"2020-08-23T10:06:20","guid":{"rendered":"http:\/\/multimedium.eu\/?post_type=product&#038;p=76934"},"modified":"2025-03-13T09:30:12","modified_gmt":"2025-03-13T08:30:12","slug":"art-deco-halskette-bergkristall-karneol-jade-granat-achat-necklace","status":"publish","type":"product","link":"https:\/\/www.multimedium.eu\/?product=art-deco-halskette-bergkristall-karneol-jade-granat-achat-necklace","title":{"rendered":"Art Deco Halskette Bergkristall Karneol Jade Granat Achat necklace"},"content":{"rendered":"","protected":false},"excerpt":{"rendered":"<p><strong>Art Deco Halskette Bergkristall Karneol Jade Granat Achat necklace<\/strong><\/p>\n<p>Seltene dekorative antike Art Deco Edelstein Halskette<br \/>\naus den 30er Jahren<br \/>\nneu auf Perlseide aufgezogen mit alten Steinen<br \/>\ngeschliffenen Granaten Bergkristall Achaten und Karneolen Zwischenperlen,<br \/>\nso, wie die Kette aufgezogen ist, ist sie ein Unikat,<br \/>\nFederring-Verschlu\u00df und Kapseln in 925er Silber<\/p>\n<p>in einem guten sch\u00f6nen Erhaltungszustand<\/p>\n<p>L\u00e4nge : 46,5 cm<br \/>\nMa\u00df der gr\u00f6\u00dften Kugel: 2cm<\/p>\n","protected":false},"featured_media":76936,"template":"","meta":{"site-sidebar-layout":"default","site-content-layout":"default","ast-site-content-layout":"","site-content-style":"default","site-sidebar-style":"default","ast-global-header-display":"","ast-banner-title-visibility":"","ast-main-header-display":"","ast-hfb-above-header-display":"","ast-hfb-below-header-display":"","ast-hfb-mobile-header-display":"","site-post-title":"","ast-breadcrumbs-content":"","ast-featured-img":"","footer-sml-layout":"","theme-transparent-header-meta":"default","adv-header-id-meta":"","stick-header-meta":"","header-above-stick-meta":"","header-main-stick-meta":"","header-below-stick-meta":"","astra-migrate-meta-layouts":"default","ast-page-background-enabled":"default","ast-page-background-meta":{"desktop":{"background-color":"","background-image":"","background-repeat":"repeat","background-position":"center center","background-size":"auto","background-attachment":"scroll","background-type":"","background-media":"","overlay-type":"","overlay-color":"","overlay-opacity":"","overlay-gradient":""},"tablet":{"background-color":"","background-image":"","background-repeat":"repeat","background-position":"center center","background-size":"auto","background-attachment":"scroll","background-type":"","background-media":"","overlay-type":"","overlay-color":"","overlay-opacity":"","overlay-gradient":""},"mobile":{"background-color":"","background-image":"","background-repeat":"repeat","background-position":"center center","background-size":"auto","background-attachment":"scroll","background-type":"","background-media":"","overlay-type":"","overlay-color":"","overlay-opacity":"","overlay-gradient":""}},"ast-content-background-meta":{"desktop":{"background-color":"var(--ast-global-color-5)","background-image":"","background-repeat":"repeat","background-position":"center center","background-size":"auto","background-attachment":"scroll","background-type":"","background-media":"","overlay-type":"","overlay-color":"","overlay-opacity":"","overlay-gradient":""},"tablet":{"background-color":"var(--ast-global-color-5)","background-image":"","background-repeat":"repeat","background-position":"center center","background-size":"auto","background-attachment":"scroll","background-type":"","background-media":"","overlay-type":"","overlay-color":"","overlay-opacity":"","overlay-gradient":""},"mobile":{"background-color":"var(--ast-global-color-5)","background-image":"","background-repeat":"repeat","background-position":"center center","background-size":"auto","background-attachment":"scroll","background-type":"","background-media":"","overlay-type":"","overlay-color":"","overlay-opacity":"","overlay-gradient":""}}},"product_brand":[],"product_cat":[4814,3806,4802,3573,3572,4810,3582,4322,4325,4321],"product_tag":[3691,3693,3716,3842,3686,3649,3725,3724,3650,3685,4982,3652,3641,3342],"class_list":{"0":"post-76934","1":"product","2":"type-product","3":"status-publish","4":"has-post-thumbnail","6":"product_cat-achat","7":"product_cat-art-deco","8":"product_cat-bergkristall","9":"product_cat-granat","10":"product_cat-juwelen","11":"product_cat-karneol","12":"product_cat-ketten-colliers","13":"product_cat-periode","14":"product_cat-silber","15":"product_cat-steine","16":"product_tag-achat","17":"product_tag-agate","18":"product_tag-art-deco","19":"product_tag-bergkristall","20":"product_tag-carnelian","21":"product_tag-collier","22":"product_tag-garnet","23":"product_tag-granat","24":"product_tag-halskette","25":"product_tag-karneol","26":"product_tag-mountain-crystal","27":"product_tag-necklace","28":"product_tag-silber","29":"product_tag-silver","30":"desktop-align-left","31":"tablet-align-left","32":"mobile-align-left","34":"first","35":"instock","36":"sold-individually","37":"shipping-taxable","38":"purchasable","39":"product-type-simple"},"_links":{"self":[{"href":"https:\/\/www.multimedium.eu\/index.php?rest_route=\/wp\/v2\/product\/76934","targetHints":{"allow":["GET"]}}],"collection":[{"href":"https:\/\/www.multimedium.eu\/index.php?rest_route=\/wp\/v2\/product"}],"about":[{"href":"https:\/\/www.multimedium.eu\/index.php?rest_route=\/wp\/v2\/types\/product"}],"version-history":[{"count":2,"href":"https:\/\/www.multimedium.eu\/index.php?rest_route=\/wp\/v2\/product\/76934\/revisions"}],"predecessor-version":[{"id":83367,"href":"https:\/\/www.multimedium.eu\/index.php?rest_route=\/wp\/v2\/product\/76934\/revisions\/83367"}],"wp:featuredmedia":[{"embeddable":true,"href":"https:\/\/www.multimedium.eu\/index.php?rest_route=\/wp\/v2\/media\/76936"}],"wp:attachment":[{"href":"https:\/\/www.multimedium.eu\/index.php?rest_route=%2Fwp%2Fv2%2Fmedia&parent=76934"}],"wp:term":[{"taxonomy":"product_brand","embeddable":true,"href":"https:\/\/www.multimedium.eu\/index.php?rest_route=%2Fwp%2Fv2%2Fproduct_brand&post=76934"},{"taxonomy":"product_cat","embeddable":true,"href":"https:\/\/www.multimedium.eu\/index.php?rest_route=%2Fwp%2Fv2%2Fproduct_cat&post=76934"},{"taxonomy":"product_tag","embeddable":true,"href":"https:\/\/www.multimedium.eu\/index.php?rest_route=%2Fwp%2Fv2%2Fproduct_tag&post=76934"}],"curies":[{"name":"wp","href":"https:\/\/api.w.org\/{rel}","templated":true}]}}