{"id":76996,"date":"2020-08-25T21:39:06","date_gmt":"2020-08-25T19:39:06","guid":{"rendered":"http:\/\/multimedium.eu\/?post_type=product&#038;p=76996"},"modified":"2025-03-13T09:30:10","modified_gmt":"2025-03-13T08:30:10","slug":"jugendstil-tula-silber-medaillon-anhaenger-lutz-weiss-pforzheim","status":"publish","type":"product","link":"https:\/\/www.multimedium.eu\/?product=jugendstil-tula-silber-medaillon-anhaenger-lutz-weiss-pforzheim","title":{"rendered":"Jugendstil Tula Silber Medaillon Anh\u00e4nger Lutz &#038; Wei\u00df Pforzheim"},"content":{"rendered":"<h6>Art Nouveau Tula silver locket pendant Lutz &amp; Weiss Pforzheim<\/h6>\n<p>Outstanding rare Tula enamel Art Nouveau silver locket pendant<br \/>\nin the form of a pocket watch, by the company Lutz and Weiss, Pforzheim c.1910<br \/>\nwith black Tula enamel with stripes and small squares,<br \/>\nto open with pressure mechanism,<br \/>\ninside with 2 frames and glass,<br \/>\nMarked on the eyelet: 800 and company mark<br \/>\nby Lutz &amp; Weiss, Pforzheim<\/p>\n<p>age-appropriate in good condition<\/p>\n<p>Total length incl, eyelet:2,55&#8243; (6.47 cm)<br \/>\nCase diameter: 1,85&#8243; (4.7 cm)<\/p>\n","protected":false},"excerpt":{"rendered":"<p><strong>Jugendstil Tula Silber Medaillon Anh\u00e4nger Lutz &amp; Wei\u00df Pforzheim<\/strong><\/p>\n<p>Ausgefallener seltener Tula Emaille Jugendstil Silber Medaillon Anh\u00e4nger<br \/>\nin Form einer Taschenuhr, von der Firma Lutz und Wei\u00df ca. um 1910<br \/>\nmit schwarzen Tula Emaille mit Streifen und kleinen Quadraten,<br \/>\nzum \u00d6ffnen mit Druck-Mechanismus,<br \/>\ninnen mit 2 R\u00e4hmchen und Glas,<br \/>\nan der Anh\u00e4nger\u00f6se gestempelt: 800 und Firmenpunze<br \/>\nvon Lutz &amp; Wei\u00df, Pforzheim<\/p>\n<p>altersgem\u00e4\u00df in einem\u00a0 guten Erhaltungszustand<\/p>\n<p>Gesamtl\u00e4nge mit Aufh\u00e4nger-\u00d6se: 6,47<br \/>\nDurchmesser des Geh\u00e4uses: 4,7 cm<\/p>\n","protected":false},"featured_media":77000,"template":"","meta":{"site-sidebar-layout":"default","site-content-layout":"default","ast-site-content-layout":"","site-content-style":"default","site-sidebar-style":"default","ast-global-header-display":"","ast-banner-title-visibility":"","ast-main-header-display":"","ast-hfb-above-header-display":"","ast-hfb-below-header-display":"","ast-hfb-mobile-header-display":"","site-post-title":"","ast-breadcrumbs-content":"","ast-featured-img":"","footer-sml-layout":"","theme-transparent-header-meta":"default","adv-header-id-meta":"","stick-header-meta":"","header-above-stick-meta":"","header-main-stick-meta":"","header-below-stick-meta":"","astra-migrate-meta-layouts":"default","ast-page-background-enabled":"default","ast-page-background-meta":{"desktop":{"background-color":"","background-image":"","background-repeat":"repeat","background-position":"center center","background-size":"auto","background-attachment":"scroll","background-type":"","background-media":"","overlay-type":"","overlay-color":"","overlay-opacity":"","overlay-gradient":""},"tablet":{"background-color":"","background-image":"","background-repeat":"repeat","background-position":"center center","background-size":"auto","background-attachment":"scroll","background-type":"","background-media":"","overlay-type":"","overlay-color":"","overlay-opacity":"","overlay-gradient":""},"mobile":{"background-color":"","background-image":"","background-repeat":"repeat","background-position":"center center","background-size":"auto","background-attachment":"scroll","background-type":"","background-media":"","overlay-type":"","overlay-color":"","overlay-opacity":"","overlay-gradient":""}},"ast-content-background-meta":{"desktop":{"background-color":"var(--ast-global-color-5)","background-image":"","background-repeat":"repeat","background-position":"center center","background-size":"auto","background-attachment":"scroll","background-type":"","background-media":"","overlay-type":"","overlay-color":"","overlay-opacity":"","overlay-gradient":""},"tablet":{"background-color":"var(--ast-global-color-5)","background-image":"","background-repeat":"repeat","background-position":"center center","background-size":"auto","background-attachment":"scroll","background-type":"","background-media":"","overlay-type":"","overlay-color":"","overlay-opacity":"","overlay-gradient":""},"mobile":{"background-color":"var(--ast-global-color-5)","background-image":"","background-repeat":"repeat","background-position":"center center","background-size":"auto","background-attachment":"scroll","background-type":"","background-media":"","overlay-type":"","overlay-color":"","overlay-opacity":"","overlay-gradient":""}}},"product_brand":[],"product_cat":[4450,3598,3559,3572,3982,5078,4322,4325,4321],"product_tag":[3647,3700,3639,3654,3698,5080,3707,3341,3641,3342],"class_list":{"0":"post-76996","1":"product","2":"type-product","3":"status-publish","4":"has-post-thumbnail","6":"product_cat-anhaenger","7":"product_cat-emaille","8":"product_cat-jugendstil","9":"product_cat-juwelen","10":"product_cat-medaillon","11":"product_cat-metall-2","12":"product_cat-periode","13":"product_cat-silber","14":"product_cat-steine","15":"product_tag-anhaenger","16":"product_tag-art-nouveau","17":"product_tag-emaille","18":"product_tag-enamel","19":"product_tag-jugendstil","20":"product_tag-lutz-und-weiss","21":"product_tag-medaillon","22":"product_tag-pendant","23":"product_tag-silber","24":"product_tag-silver","25":"desktop-align-left","26":"tablet-align-left","27":"mobile-align-left","29":"first","30":"instock","31":"sold-individually","32":"shipping-taxable","33":"purchasable","34":"product-type-simple"},"_links":{"self":[{"href":"https:\/\/www.multimedium.eu\/index.php?rest_route=\/wp\/v2\/product\/76996","targetHints":{"allow":["GET"]}}],"collection":[{"href":"https:\/\/www.multimedium.eu\/index.php?rest_route=\/wp\/v2\/product"}],"about":[{"href":"https:\/\/www.multimedium.eu\/index.php?rest_route=\/wp\/v2\/types\/product"}],"version-history":[{"count":5,"href":"https:\/\/www.multimedium.eu\/index.php?rest_route=\/wp\/v2\/product\/76996\/revisions"}],"predecessor-version":[{"id":84886,"href":"https:\/\/www.multimedium.eu\/index.php?rest_route=\/wp\/v2\/product\/76996\/revisions\/84886"}],"wp:featuredmedia":[{"embeddable":true,"href":"https:\/\/www.multimedium.eu\/index.php?rest_route=\/wp\/v2\/media\/77000"}],"wp:attachment":[{"href":"https:\/\/www.multimedium.eu\/index.php?rest_route=%2Fwp%2Fv2%2Fmedia&parent=76996"}],"wp:term":[{"taxonomy":"product_brand","embeddable":true,"href":"https:\/\/www.multimedium.eu\/index.php?rest_route=%2Fwp%2Fv2%2Fproduct_brand&post=76996"},{"taxonomy":"product_cat","embeddable":true,"href":"https:\/\/www.multimedium.eu\/index.php?rest_route=%2Fwp%2Fv2%2Fproduct_cat&post=76996"},{"taxonomy":"product_tag","embeddable":true,"href":"https:\/\/www.multimedium.eu\/index.php?rest_route=%2Fwp%2Fv2%2Fproduct_tag&post=76996"}],"curies":[{"name":"wp","href":"https:\/\/api.w.org\/{rel}","templated":true}]}}