{"id":77075,"date":"2020-08-26T20:45:47","date_gmt":"2020-08-26T18:45:47","guid":{"rendered":"http:\/\/multimedium.eu\/?post_type=product&#038;p=77075"},"modified":"2025-03-13T09:30:07","modified_gmt":"2025-03-13T08:30:07","slug":"modernist-silber-collier-halskette-mexiko-mexico-silver-necklace","status":"publish","type":"product","link":"https:\/\/www.multimedium.eu\/?product=modernist-silber-collier-halskette-mexiko-mexico-silver-necklace","title":{"rendered":"Modernist Silber Collier Halskette Mexiko Mexico silver necklace"},"content":{"rendered":"<p>Beautiful decorative craftsmanship vintage silver necklace<br \/>\nin the Mexican style from the 70s,<br \/>\nindividual silver elements in the form of a dragon or fantasy animal,<br \/>\nwith set round turquoise cabochons and triangular coral stones,<br \/>\nSilver partially blackened,<br \/>\nevery single element is handcrafted,<br \/>\nwith soldered decorative border in silver wire,<br \/>\nconnected with soldered eyelets,<br \/>\ninteresting shape of the chain links with toggle clasp,<br \/>\neach link individually stamped on the reverse on a soldered plate: 925<\/p>\n<p>in a good, beautiful condition<\/p>\n<p>Length of the necklace: 51 cm<br \/>\nHeight of one element: 2.4 cm<br \/>\nWidth of one element: 3.7 cm<br \/>\nTotal weight: 25 g<\/p>\n","protected":false},"excerpt":{"rendered":"<p><strong>Modernist Silber Collier Halskette Mexiko Mexico silver necklace<\/strong><\/p>\n<p>Sch\u00f6nes dekoratives kunstgewerbliches vintage Silber Collier<br \/>\nim mexikanischem Stil aus den 70er Jahren,<br \/>\neinzelne Silberelemente in Form eines Drachen oder Fantasie-Tieres,<br \/>\nmit gefassten runden T\u00fcrkis Cabochons und dreieckigen Koralle Steinen,<br \/>\nSilber teilweise geschw\u00e4rzt,<br \/>\njedes einzelne Element in Handarbeit getrieben,<br \/>\nmit aufgel\u00f6tetem Zierrand in Silberdraht,<br \/>\nmit angel\u00f6teten \u00d6sen miteinander verbunden,<br \/>\ninteresssante Form der Kettenglieder mit Knebel-Verschlu\u00df,<br \/>\njedes Glied einzeln r\u00fcckseitig auf aufgel\u00f6tetem Pl\u00e4ttchen gestempelt: 925<\/p>\n<p>in einem guten sch\u00f6nen Erhaltungszustand<\/p>\n<p>L\u00e4nge des Colliers: 51 cm<br \/>\nH\u00f6he eines Elemants: 2,4 cm<br \/>\nBreite eines Elements: 3,7 cm<br \/>\nGesamt-Gewicht: 25 g<\/p>\n","protected":false},"featured_media":77081,"template":"","meta":{"site-sidebar-layout":"default","site-content-layout":"default","ast-site-content-layout":"","site-content-style":"default","site-sidebar-style":"default","ast-global-header-display":"","ast-banner-title-visibility":"","ast-main-header-display":"","ast-hfb-above-header-display":"","ast-hfb-below-header-display":"","ast-hfb-mobile-header-display":"","site-post-title":"","ast-breadcrumbs-content":"","ast-featured-img":"","footer-sml-layout":"","theme-transparent-header-meta":"default","adv-header-id-meta":"","stick-header-meta":"","header-above-stick-meta":"","header-main-stick-meta":"","header-below-stick-meta":"","astra-migrate-meta-layouts":"default","ast-page-background-enabled":"default","ast-page-background-meta":{"desktop":{"background-color":"","background-image":"","background-repeat":"repeat","background-position":"center center","background-size":"auto","background-attachment":"scroll","background-type":"","background-media":"","overlay-type":"","overlay-color":"","overlay-opacity":"","overlay-gradient":""},"tablet":{"background-color":"","background-image":"","background-repeat":"repeat","background-position":"center center","background-size":"auto","background-attachment":"scroll","background-type":"","background-media":"","overlay-type":"","overlay-color":"","overlay-opacity":"","overlay-gradient":""},"mobile":{"background-color":"","background-image":"","background-repeat":"repeat","background-position":"center center","background-size":"auto","background-attachment":"scroll","background-type":"","background-media":"","overlay-type":"","overlay-color":"","overlay-opacity":"","overlay-gradient":""}},"ast-content-background-meta":{"desktop":{"background-color":"var(--ast-global-color-5)","background-image":"","background-repeat":"repeat","background-position":"center center","background-size":"auto","background-attachment":"scroll","background-type":"","background-media":"","overlay-type":"","overlay-color":"","overlay-opacity":"","overlay-gradient":""},"tablet":{"background-color":"var(--ast-global-color-5)","background-image":"","background-repeat":"repeat","background-position":"center center","background-size":"auto","background-attachment":"scroll","background-type":"","background-media":"","overlay-type":"","overlay-color":"","overlay-opacity":"","overlay-gradient":""},"mobile":{"background-color":"var(--ast-global-color-5)","background-image":"","background-repeat":"repeat","background-position":"center center","background-size":"auto","background-attachment":"scroll","background-type":"","background-media":"","overlay-type":"","overlay-color":"","overlay-opacity":"","overlay-gradient":""}}},"product_brand":[],"product_cat":[3561,3572,3582,3574,5078,4322,4325,4321,4149],"product_tag":[4555,4666,5081,3649,3729,4077,3650,3728,3894,3897,3835,3652,3641,3342,3832,3677],"class_list":{"0":"post-77075","1":"product","2":"type-product","3":"status-publish","4":"has-post-thumbnail","6":"product_cat-design-nach-1945","7":"product_cat-juwelen","8":"product_cat-ketten-colliers","9":"product_cat-koralle","10":"product_cat-metall-2","11":"product_cat-periode","12":"product_cat-silber","13":"product_cat-steine","14":"product_cat-tuerkis","15":"product_tag-70er-jahre","16":"product_tag-70s","17":"product_tag-cabochons","18":"product_tag-collier","19":"product_tag-coral","20":"product_tag-drachen","21":"product_tag-halskette","22":"product_tag-koralle","23":"product_tag-mexico","24":"product_tag-mexiko","25":"product_tag-modernist","26":"product_tag-necklace","27":"product_tag-silber","28":"product_tag-silver","29":"product_tag-tuerkis","30":"product_tag-turquoise","31":"desktop-align-left","32":"tablet-align-left","33":"mobile-align-left","35":"first","36":"instock","37":"sold-individually","38":"shipping-taxable","39":"purchasable","40":"product-type-simple"},"_links":{"self":[{"href":"https:\/\/www.multimedium.eu\/index.php?rest_route=\/wp\/v2\/product\/77075","targetHints":{"allow":["GET"]}}],"collection":[{"href":"https:\/\/www.multimedium.eu\/index.php?rest_route=\/wp\/v2\/product"}],"about":[{"href":"https:\/\/www.multimedium.eu\/index.php?rest_route=\/wp\/v2\/types\/product"}],"version-history":[{"count":4,"href":"https:\/\/www.multimedium.eu\/index.php?rest_route=\/wp\/v2\/product\/77075\/revisions"}],"predecessor-version":[{"id":83352,"href":"https:\/\/www.multimedium.eu\/index.php?rest_route=\/wp\/v2\/product\/77075\/revisions\/83352"}],"wp:featuredmedia":[{"embeddable":true,"href":"https:\/\/www.multimedium.eu\/index.php?rest_route=\/wp\/v2\/media\/77081"}],"wp:attachment":[{"href":"https:\/\/www.multimedium.eu\/index.php?rest_route=%2Fwp%2Fv2%2Fmedia&parent=77075"}],"wp:term":[{"taxonomy":"product_brand","embeddable":true,"href":"https:\/\/www.multimedium.eu\/index.php?rest_route=%2Fwp%2Fv2%2Fproduct_brand&post=77075"},{"taxonomy":"product_cat","embeddable":true,"href":"https:\/\/www.multimedium.eu\/index.php?rest_route=%2Fwp%2Fv2%2Fproduct_cat&post=77075"},{"taxonomy":"product_tag","embeddable":true,"href":"https:\/\/www.multimedium.eu\/index.php?rest_route=%2Fwp%2Fv2%2Fproduct_tag&post=77075"}],"curies":[{"name":"wp","href":"https:\/\/api.w.org\/{rel}","templated":true}]}}