{"id":77124,"date":"2020-08-26T22:16:13","date_gmt":"2020-08-26T20:16:13","guid":{"rendered":"http:\/\/multimedium.eu\/?post_type=product&#038;p=77124"},"modified":"2025-03-13T09:30:06","modified_gmt":"2025-03-13T08:30:06","slug":"lauer-wiedmann-pforzheim-jugendstil-silber-anhaenger-chimere-greif","status":"publish","type":"product","link":"https:\/\/www.multimedium.eu\/?product=lauer-wiedmann-pforzheim-jugendstil-silber-anhaenger-chimere-greif","title":{"rendered":"Lauer &#038; Wiedmann Pforzheim Jugendstil Silber Anh\u00e4nger Chim\u00e8re Greif"},"content":{"rendered":"","protected":false},"excerpt":{"rendered":"<p><strong>Lauer &amp; Wiedmann Pforzheim Jugendstil Silber Anh\u00e4nger Chim\u00e8re Greif<\/strong><\/p>\n<p>Prachtvoller Silber verg. Jugendstil Anh\u00e4nger,<br \/>\nsp\u00e4tes 19.Jhd (ca.1890)<br \/>\nvon Lauer &amp; Wiedmann, Pforzheim,<br \/>\nmit der Darstellung einer Chim\u00e4re bzw. einem Greif, selten<br \/>\nmit S\u00fc\u00dfwasserperle<br \/>\nmit \u00d6se f\u00fcr Kette,<br \/>\nr\u00fcckseitig gestempelt: 925 und Firmenpunze von Lauer &amp; Wiedmann<\/p>\n<p>Literatur: siehe Geschichte von Lauer &amp; Wiedmann und Chim\u00e4ren<br \/>\nSchmuckst\u00fccke aus dem Musterbuch (Privatbesitz) in<br \/>\n&#8222;Jugendstilschmuck aus Pforzheim&#8220; (Arnoldsche) von Fritz Falk ab S. 120<\/p>\n<p>in einem guten sch\u00f6nen Erhaltungszustand<\/p>\n<p>H\u00f6he (ohne Aufh\u00e4nger\u00f6se): 3,3 cm<br \/>\nBreite: 3,3 cm<\/p>\n","protected":false},"featured_media":77125,"template":"","meta":{"site-sidebar-layout":"default","site-content-layout":"default","ast-site-content-layout":"","site-content-style":"default","site-sidebar-style":"default","ast-global-header-display":"","ast-banner-title-visibility":"","ast-main-header-display":"","ast-hfb-above-header-display":"","ast-hfb-below-header-display":"","ast-hfb-mobile-header-display":"","site-post-title":"","ast-breadcrumbs-content":"","ast-featured-img":"","footer-sml-layout":"","theme-transparent-header-meta":"default","adv-header-id-meta":"","stick-header-meta":"","header-above-stick-meta":"","header-main-stick-meta":"","header-below-stick-meta":"","astra-migrate-meta-layouts":"default","ast-page-background-enabled":"default","ast-page-background-meta":{"desktop":{"background-color":"","background-image":"","background-repeat":"repeat","background-position":"center center","background-size":"auto","background-attachment":"scroll","background-type":"","background-media":"","overlay-type":"","overlay-color":"","overlay-opacity":"","overlay-gradient":""},"tablet":{"background-color":"","background-image":"","background-repeat":"repeat","background-position":"center center","background-size":"auto","background-attachment":"scroll","background-type":"","background-media":"","overlay-type":"","overlay-color":"","overlay-opacity":"","overlay-gradient":""},"mobile":{"background-color":"","background-image":"","background-repeat":"repeat","background-position":"center center","background-size":"auto","background-attachment":"scroll","background-type":"","background-media":"","overlay-type":"","overlay-color":"","overlay-opacity":"","overlay-gradient":""}},"ast-content-background-meta":{"desktop":{"background-color":"var(--ast-global-color-5)","background-image":"","background-repeat":"repeat","background-position":"center center","background-size":"auto","background-attachment":"scroll","background-type":"","background-media":"","overlay-type":"","overlay-color":"","overlay-opacity":"","overlay-gradient":""},"tablet":{"background-color":"var(--ast-global-color-5)","background-image":"","background-repeat":"repeat","background-position":"center center","background-size":"auto","background-attachment":"scroll","background-type":"","background-media":"","overlay-type":"","overlay-color":"","overlay-opacity":"","overlay-gradient":""},"mobile":{"background-color":"var(--ast-global-color-5)","background-image":"","background-repeat":"repeat","background-position":"center center","background-size":"auto","background-attachment":"scroll","background-type":"","background-media":"","overlay-type":"","overlay-color":"","overlay-opacity":"","overlay-gradient":""}}},"product_brand":[],"product_cat":[4450,3559,3572,5078,4322,4325],"product_tag":[3647,3700,5097,3662,5098,3698,3911,3341,3667,3882,3641,3342,5099,3660],"class_list":{"0":"post-77124","1":"product","2":"type-product","3":"status-publish","4":"has-post-thumbnail","6":"product_cat-anhaenger","7":"product_cat-jugendstil","8":"product_cat-juwelen","9":"product_cat-metall-2","10":"product_cat-periode","11":"product_cat-silber","12":"product_tag-anhaenger","13":"product_tag-art-nouveau","14":"product_tag-chimaere","15":"product_tag-gilt","16":"product_tag-greif","17":"product_tag-jugendstil","18":"product_tag-lauer-wiedmann","19":"product_tag-pendant","20":"product_tag-perle","21":"product_tag-pforzheim","22":"product_tag-silber","23":"product_tag-silver","24":"product_tag-suesswasserperle","25":"product_tag-vergoldet","26":"desktop-align-left","27":"tablet-align-left","28":"mobile-align-left","30":"first","31":"instock","32":"sold-individually","33":"shipping-taxable","34":"purchasable","35":"product-type-simple"},"_links":{"self":[{"href":"https:\/\/www.multimedium.eu\/index.php?rest_route=\/wp\/v2\/product\/77124","targetHints":{"allow":["GET"]}}],"collection":[{"href":"https:\/\/www.multimedium.eu\/index.php?rest_route=\/wp\/v2\/product"}],"about":[{"href":"https:\/\/www.multimedium.eu\/index.php?rest_route=\/wp\/v2\/types\/product"}],"version-history":[{"count":2,"href":"https:\/\/www.multimedium.eu\/index.php?rest_route=\/wp\/v2\/product\/77124\/revisions"}],"predecessor-version":[{"id":83344,"href":"https:\/\/www.multimedium.eu\/index.php?rest_route=\/wp\/v2\/product\/77124\/revisions\/83344"}],"wp:featuredmedia":[{"embeddable":true,"href":"https:\/\/www.multimedium.eu\/index.php?rest_route=\/wp\/v2\/media\/77125"}],"wp:attachment":[{"href":"https:\/\/www.multimedium.eu\/index.php?rest_route=%2Fwp%2Fv2%2Fmedia&parent=77124"}],"wp:term":[{"taxonomy":"product_brand","embeddable":true,"href":"https:\/\/www.multimedium.eu\/index.php?rest_route=%2Fwp%2Fv2%2Fproduct_brand&post=77124"},{"taxonomy":"product_cat","embeddable":true,"href":"https:\/\/www.multimedium.eu\/index.php?rest_route=%2Fwp%2Fv2%2Fproduct_cat&post=77124"},{"taxonomy":"product_tag","embeddable":true,"href":"https:\/\/www.multimedium.eu\/index.php?rest_route=%2Fwp%2Fv2%2Fproduct_tag&post=77124"}],"curies":[{"name":"wp","href":"https:\/\/api.w.org\/{rel}","templated":true}]}}