{"id":77257,"date":"2020-08-28T22:29:40","date_gmt":"2020-08-28T20:29:40","guid":{"rendered":"http:\/\/multimedium.eu\/?post_type=product&#038;p=77257"},"modified":"2025-03-13T09:29:59","modified_gmt":"2025-03-13T08:29:59","slug":"art-deco-roter-bernstein-optik-bakelit-hals-kette-30er-cherry-amber-necklace-30s","status":"publish","type":"product","link":"https:\/\/www.multimedium.eu\/?product=art-deco-roter-bernstein-optik-bakelit-hals-kette-30er-cherry-amber-necklace-30s","title":{"rendered":"Art Deco roter Bernstein Optik Bakelit Hals kette 30er cherry amber necklace 30s"},"content":{"rendered":"<p>Gorgeous cherry amber colored bakelite necklace 30s<br \/>\nbeautyful clear bakelite necklace, no amber, beautyful red cherry color<br \/>\nin good beautyful condition<\/p>\n","protected":false},"excerpt":{"rendered":"<p><strong>Art Deco roter Bernstein Optik Bakelit Hals kette 30er cherry amber necklace 30s<\/strong><\/p>\n<p>Prachtvolles dekoratives Art Deco Collier aus Bakelit<br \/>\nin &#8222;roter cherry -Bernstein Optik&#8220;, 30er Jahre, selten<br \/>\nsch\u00f6ne klare Bakelit-Halskette, kein Bernstein, sch\u00f6ne rote Farbe<br \/>\nmit gr\u00f6\u00dferen Zwischenkugeln zu Verschlu\u00df hin kleiner werdend<br \/>\nund kleinen Scheiben als Zwischenst\u00fccke<br \/>\nOriginal F\u00e4delung und originaler Messing-Verschlu\u00df<\/p>\n<p>in einem guten sch\u00f6nen Erhaltungszustand<\/p>\n<p>L\u00e4nge : 60 cm<br \/>\nDurchmesser der gr\u00f6\u00dften Perle : 1,8 cm<br \/>\n46,2 gr<\/p>\n<p>&nbsp;<\/p>\n<p>&nbsp;<\/p>\n","protected":false},"featured_media":77262,"template":"","meta":{"site-sidebar-layout":"default","site-content-layout":"default","ast-site-content-layout":"","site-content-style":"default","site-sidebar-style":"default","ast-global-header-display":"","ast-banner-title-visibility":"","ast-main-header-display":"","ast-hfb-above-header-display":"","ast-hfb-below-header-display":"","ast-hfb-mobile-header-display":"","site-post-title":"","ast-breadcrumbs-content":"","ast-featured-img":"","footer-sml-layout":"","theme-transparent-header-meta":"default","adv-header-id-meta":"","stick-header-meta":"","header-above-stick-meta":"","header-main-stick-meta":"","header-below-stick-meta":"","astra-migrate-meta-layouts":"default","ast-page-background-enabled":"default","ast-page-background-meta":{"desktop":{"background-color":"","background-image":"","background-repeat":"repeat","background-position":"center center","background-size":"auto","background-attachment":"scroll","background-type":"","background-media":"","overlay-type":"","overlay-color":"","overlay-opacity":"","overlay-gradient":""},"tablet":{"background-color":"","background-image":"","background-repeat":"repeat","background-position":"center center","background-size":"auto","background-attachment":"scroll","background-type":"","background-media":"","overlay-type":"","overlay-color":"","overlay-opacity":"","overlay-gradient":""},"mobile":{"background-color":"","background-image":"","background-repeat":"repeat","background-position":"center center","background-size":"auto","background-attachment":"scroll","background-type":"","background-media":"","overlay-type":"","overlay-color":"","overlay-opacity":"","overlay-gradient":""}},"ast-content-background-meta":{"desktop":{"background-color":"var(--ast-global-color-5)","background-image":"","background-repeat":"repeat","background-position":"center center","background-size":"auto","background-attachment":"scroll","background-type":"","background-media":"","overlay-type":"","overlay-color":"","overlay-opacity":"","overlay-gradient":""},"tablet":{"background-color":"var(--ast-global-color-5)","background-image":"","background-repeat":"repeat","background-position":"center center","background-size":"auto","background-attachment":"scroll","background-type":"","background-media":"","overlay-type":"","overlay-color":"","overlay-opacity":"","overlay-gradient":""},"mobile":{"background-color":"var(--ast-global-color-5)","background-image":"","background-repeat":"repeat","background-position":"center center","background-size":"auto","background-attachment":"scroll","background-type":"","background-media":"","overlay-type":"","overlay-color":"","overlay-opacity":"","overlay-gradient":""}}},"product_brand":[],"product_cat":[3806,4759,3572,3582,4322,4321],"product_tag":[4565,4590,3716,3767,3768,4758,4757,3649,3650,3652],"class_list":{"0":"post-77257","1":"product","2":"type-product","3":"status-publish","4":"has-post-thumbnail","6":"product_cat-art-deco","7":"product_cat-bakelit","8":"product_cat-juwelen","9":"product_cat-ketten-colliers","10":"product_cat-periode","11":"product_cat-steine","12":"product_tag-30er-jahre","13":"product_tag-30s","14":"product_tag-art-deco","15":"product_tag-bakelit","16":"product_tag-bakelite","17":"product_tag-cherry-amber-optic","18":"product_tag-cherry-bernstein-optik","19":"product_tag-collier","20":"product_tag-halskette","21":"product_tag-necklace","22":"desktop-align-left","23":"tablet-align-left","24":"mobile-align-left","26":"first","27":"instock","28":"sold-individually","29":"shipping-taxable","30":"purchasable","31":"product-type-simple"},"_links":{"self":[{"href":"https:\/\/www.multimedium.eu\/index.php?rest_route=\/wp\/v2\/product\/77257","targetHints":{"allow":["GET"]}}],"collection":[{"href":"https:\/\/www.multimedium.eu\/index.php?rest_route=\/wp\/v2\/product"}],"about":[{"href":"https:\/\/www.multimedium.eu\/index.php?rest_route=\/wp\/v2\/types\/product"}],"version-history":[{"count":2,"href":"https:\/\/www.multimedium.eu\/index.php?rest_route=\/wp\/v2\/product\/77257\/revisions"}],"predecessor-version":[{"id":83328,"href":"https:\/\/www.multimedium.eu\/index.php?rest_route=\/wp\/v2\/product\/77257\/revisions\/83328"}],"wp:featuredmedia":[{"embeddable":true,"href":"https:\/\/www.multimedium.eu\/index.php?rest_route=\/wp\/v2\/media\/77262"}],"wp:attachment":[{"href":"https:\/\/www.multimedium.eu\/index.php?rest_route=%2Fwp%2Fv2%2Fmedia&parent=77257"}],"wp:term":[{"taxonomy":"product_brand","embeddable":true,"href":"https:\/\/www.multimedium.eu\/index.php?rest_route=%2Fwp%2Fv2%2Fproduct_brand&post=77257"},{"taxonomy":"product_cat","embeddable":true,"href":"https:\/\/www.multimedium.eu\/index.php?rest_route=%2Fwp%2Fv2%2Fproduct_cat&post=77257"},{"taxonomy":"product_tag","embeddable":true,"href":"https:\/\/www.multimedium.eu\/index.php?rest_route=%2Fwp%2Fv2%2Fproduct_tag&post=77257"}],"curies":[{"name":"wp","href":"https:\/\/api.w.org\/{rel}","templated":true}]}}