{"id":77284,"date":"2020-08-29T21:07:15","date_gmt":"2020-08-29T19:07:15","guid":{"rendered":"http:\/\/multimedium.eu\/?post_type=product&#038;p=77284"},"modified":"2025-03-13T09:29:58","modified_gmt":"2025-03-13T08:29:58","slug":"jugendstil-anhaenger-um-1905-1910-silber-bernstein-signiert","status":"publish","type":"product","link":"https:\/\/www.multimedium.eu\/?product=jugendstil-anhaenger-um-1905-1910-silber-bernstein-signiert","title":{"rendered":"Jugendstil Anh\u00e4nger um 1905 &#8211; 1910 Silber Bernstein signiert"},"content":{"rendered":"","protected":false},"excerpt":{"rendered":"<p><strong>Jugendstil Anh\u00e4nger um 1905 &#8211; 1910 Silber Bernstein signiert<\/strong><\/p>\n<p>Gro\u00dfer dekorativer Jugendstil Anh\u00e4nger um 1905<br \/>\nin Schildform mit Vernietungen, Handarbeit, selten<br \/>\nSilber geh\u00e4mmert gest.:835 , massiv, doppelseitig gearbeitet<br \/>\nBernstein, signiert<\/p>\n<p>guter sch\u00f6ner Erhaltungszustand<\/p>\n<p>H\u00f6he des Anh\u00e4ngers incl. \u00d6se: 5,2 cm<br \/>\nBreite des Anh\u00e4ngers: 3,2 cm<\/p>\n","protected":false},"featured_media":77287,"template":"","meta":{"site-sidebar-layout":"default","site-content-layout":"default","ast-site-content-layout":"","site-content-style":"default","site-sidebar-style":"default","ast-global-header-display":"","ast-banner-title-visibility":"","ast-main-header-display":"","ast-hfb-above-header-display":"","ast-hfb-below-header-display":"","ast-hfb-mobile-header-display":"","site-post-title":"","ast-breadcrumbs-content":"","ast-featured-img":"","footer-sml-layout":"","theme-transparent-header-meta":"default","adv-header-id-meta":"","stick-header-meta":"","header-above-stick-meta":"","header-main-stick-meta":"","header-below-stick-meta":"","astra-migrate-meta-layouts":"default","ast-page-background-enabled":"default","ast-page-background-meta":{"desktop":{"background-color":"","background-image":"","background-repeat":"repeat","background-position":"center center","background-size":"auto","background-attachment":"scroll","background-type":"","background-media":"","overlay-type":"","overlay-color":"","overlay-opacity":"","overlay-gradient":""},"tablet":{"background-color":"","background-image":"","background-repeat":"repeat","background-position":"center center","background-size":"auto","background-attachment":"scroll","background-type":"","background-media":"","overlay-type":"","overlay-color":"","overlay-opacity":"","overlay-gradient":""},"mobile":{"background-color":"","background-image":"","background-repeat":"repeat","background-position":"center center","background-size":"auto","background-attachment":"scroll","background-type":"","background-media":"","overlay-type":"","overlay-color":"","overlay-opacity":"","overlay-gradient":""}},"ast-content-background-meta":{"desktop":{"background-color":"var(--ast-global-color-5)","background-image":"","background-repeat":"repeat","background-position":"center center","background-size":"auto","background-attachment":"scroll","background-type":"","background-media":"","overlay-type":"","overlay-color":"","overlay-opacity":"","overlay-gradient":""},"tablet":{"background-color":"var(--ast-global-color-5)","background-image":"","background-repeat":"repeat","background-position":"center center","background-size":"auto","background-attachment":"scroll","background-type":"","background-media":"","overlay-type":"","overlay-color":"","overlay-opacity":"","overlay-gradient":""},"mobile":{"background-color":"var(--ast-global-color-5)","background-image":"","background-repeat":"repeat","background-position":"center center","background-size":"auto","background-attachment":"scroll","background-type":"","background-media":"","overlay-type":"","overlay-color":"","overlay-opacity":"","overlay-gradient":""}}},"product_brand":[],"product_cat":[4450,3563,3559,3572,5078,4322,3599,4325,4321],"product_tag":[3732,3647,3700,3731,3789,4013,3698,3341,5147,3641,3342,5148],"class_list":{"0":"post-77284","1":"product","2":"type-product","3":"status-publish","4":"has-post-thumbnail","6":"product_cat-anhaenger","7":"product_cat-bernstein","8":"product_cat-jugendstil","9":"product_cat-juwelen","10":"product_cat-metall-2","11":"product_cat-periode","12":"product_cat-signierter-schmuck","13":"product_cat-silber","14":"product_cat-steine","15":"product_tag-amber","16":"product_tag-anhaenger","17":"product_tag-art-nouveau","18":"product_tag-bernstein","19":"product_tag-handarbeit","20":"product_tag-handwork","21":"product_tag-jugendstil","22":"product_tag-pendant","23":"product_tag-schildform","24":"product_tag-silber","25":"product_tag-silver","26":"product_tag-vernietet","27":"desktop-align-left","28":"tablet-align-left","29":"mobile-align-left","31":"first","32":"instock","33":"sold-individually","34":"shipping-taxable","35":"purchasable","36":"product-type-simple"},"_links":{"self":[{"href":"https:\/\/www.multimedium.eu\/index.php?rest_route=\/wp\/v2\/product\/77284","targetHints":{"allow":["GET"]}}],"collection":[{"href":"https:\/\/www.multimedium.eu\/index.php?rest_route=\/wp\/v2\/product"}],"about":[{"href":"https:\/\/www.multimedium.eu\/index.php?rest_route=\/wp\/v2\/types\/product"}],"version-history":[{"count":2,"href":"https:\/\/www.multimedium.eu\/index.php?rest_route=\/wp\/v2\/product\/77284\/revisions"}],"predecessor-version":[{"id":83324,"href":"https:\/\/www.multimedium.eu\/index.php?rest_route=\/wp\/v2\/product\/77284\/revisions\/83324"}],"wp:featuredmedia":[{"embeddable":true,"href":"https:\/\/www.multimedium.eu\/index.php?rest_route=\/wp\/v2\/media\/77287"}],"wp:attachment":[{"href":"https:\/\/www.multimedium.eu\/index.php?rest_route=%2Fwp%2Fv2%2Fmedia&parent=77284"}],"wp:term":[{"taxonomy":"product_brand","embeddable":true,"href":"https:\/\/www.multimedium.eu\/index.php?rest_route=%2Fwp%2Fv2%2Fproduct_brand&post=77284"},{"taxonomy":"product_cat","embeddable":true,"href":"https:\/\/www.multimedium.eu\/index.php?rest_route=%2Fwp%2Fv2%2Fproduct_cat&post=77284"},{"taxonomy":"product_tag","embeddable":true,"href":"https:\/\/www.multimedium.eu\/index.php?rest_route=%2Fwp%2Fv2%2Fproduct_tag&post=77284"}],"curies":[{"name":"wp","href":"https:\/\/api.w.org\/{rel}","templated":true}]}}