{"id":77356,"date":"2020-08-30T19:39:37","date_gmt":"2020-08-30T17:39:37","guid":{"rendered":"http:\/\/multimedium.eu\/?post_type=product&#038;p=77356"},"modified":"2025-03-13T09:29:57","modified_gmt":"2025-03-13T08:29:57","slug":"art-deco-silber-anhaenger-hinterglas-malerei-stil-wiener-werkstaette","status":"publish","type":"product","link":"https:\/\/www.multimedium.eu\/?product=art-deco-silber-anhaenger-hinterglas-malerei-stil-wiener-werkstaette","title":{"rendered":"Art Deco Silber Anh\u00e4nger Hinterglas Malerei Stil Wiener Werkst\u00e4tte"},"content":{"rendered":"<h6>Art Deco silver pendant behind glass painting style Wiener Werkst\u00e4tte<\/h6>\n<p>Very rare and decorative beautiful Art Deco 800 silver pendant,<br \/>\nc.1924, in the style of the Wiener Werkst\u00e4tte for fashion drawings,<br \/>\nRear glass portrait of a lady in a costume with a hat looking at herself in a hand mirror,<br \/>\nBackground with fine fabric (visible with magnification),<br \/>\ninteresting collector&#8217;s item, rarity,<br \/>\nthe drawing is reminiscent of Dagobert Peche, Fritzi L\u00f6w, Wimmer-Wisgrill,<br \/>\nunfortunately no signature and brand is recognizable,<br \/>\nbut it is an original pendant from this time<br \/>\nPendant with beads edge decoration,<br \/>\nthe original patina was left as it is<br \/>\nmarked on the back: 800<\/p>\n<p>with slight signs of age or abrasion of the paint,<br \/>\nelse in good condition<\/p>\n<p>Height without hanger: 5.46 cm<br \/>\nwith hanger: 6.2 cm<br \/>\nWidth: 4 cm<\/p>\n<p>See Lit.: Angela V\u00f6lker, Wiener Mode + Modefotografie, (1911-1932)<br \/>\nThe fashion department of the Wiener Werkst\u00e4tte, Verlag Schneider Henn<\/p>\n","protected":false},"excerpt":{"rendered":"<p><strong>Art Deco Silber Anh\u00e4nger Hinterglas Malerei Stil Wiener Werkst\u00e4tte<\/strong><\/p>\n<p>Sehr seltener und dekorativer wundersch\u00f6ner Art Deco 800er Silber Anh\u00e4nger,<br \/>\num ca. 1924, im Stil der Wiener Werkst\u00e4tte f\u00fcr Modezeichnungen,<br \/>\nHinterglas Bildnis einer Dame im Kost\u00fcm mit Hut sich im Handpiegel betrachtend,<br \/>\nHintergrund mit feinem Stoff (mit Vergr\u00f6\u00dferung erkennbar),<br \/>\ninteressantes Sammlerst\u00fcck, Rarit\u00e4t,<br \/>\ndie Zeichnung erinnert etwas an Dagobert Peche, Fritzi L\u00f6w, Wimmer-Wisgrill,<br \/>\nleider ist keine Signatur und Marke erkennbar,<br \/>\nes handelt sich aber um einen Original-Anh\u00e4nger aus der Zeit,<br \/>\nAnh\u00e4nger mit Perlrandverzierung,<br \/>\n4die original Patina wurde so belassen,<br \/>\nr\u00fcckseitig gestempelt: 800<\/p>\n<p>mit leichten Altersspuren bzw. Abriebspuren der Farbe,<br \/>\nsonst in einem guten Erhaltungszustand<\/p>\n<p>H\u00f6he ohne Aufh\u00e4nger: 5,46 cm<br \/>\nmit Aufh\u00e4nger: 6,2 cm<br \/>\nBreite: 4 cm<\/p>\n<p>Vgl. Lit.: Angela V\u00f6lker, Wiener Mode + Modefotografie, (1911-1932)<br \/>\nDie Modeabteilung der Wiener Werkst\u00e4tte, Verlag Schneider Henn<\/p>\n","protected":false},"featured_media":77360,"template":"","meta":{"site-sidebar-layout":"default","site-content-layout":"default","ast-site-content-layout":"","site-content-style":"default","site-sidebar-style":"default","ast-global-header-display":"","ast-banner-title-visibility":"","ast-main-header-display":"","ast-hfb-above-header-display":"","ast-hfb-below-header-display":"","ast-hfb-mobile-header-display":"","site-post-title":"","ast-breadcrumbs-content":"","ast-featured-img":"","footer-sml-layout":"","theme-transparent-header-meta":"default","adv-header-id-meta":"","stick-header-meta":"","header-above-stick-meta":"","header-main-stick-meta":"","header-below-stick-meta":"","astra-migrate-meta-layouts":"default","ast-page-background-enabled":"default","ast-page-background-meta":{"desktop":{"background-color":"","background-image":"","background-repeat":"repeat","background-position":"center center","background-size":"auto","background-attachment":"scroll","background-type":"","background-media":"","overlay-type":"","overlay-color":"","overlay-opacity":"","overlay-gradient":""},"tablet":{"background-color":"","background-image":"","background-repeat":"repeat","background-position":"center center","background-size":"auto","background-attachment":"scroll","background-type":"","background-media":"","overlay-type":"","overlay-color":"","overlay-opacity":"","overlay-gradient":""},"mobile":{"background-color":"","background-image":"","background-repeat":"repeat","background-position":"center center","background-size":"auto","background-attachment":"scroll","background-type":"","background-media":"","overlay-type":"","overlay-color":"","overlay-opacity":"","overlay-gradient":""}},"ast-content-background-meta":{"desktop":{"background-color":"var(--ast-global-color-5)","background-image":"","background-repeat":"repeat","background-position":"center center","background-size":"auto","background-attachment":"scroll","background-type":"","background-media":"","overlay-type":"","overlay-color":"","overlay-opacity":"","overlay-gradient":""},"tablet":{"background-color":"var(--ast-global-color-5)","background-image":"","background-repeat":"repeat","background-position":"center center","background-size":"auto","background-attachment":"scroll","background-type":"","background-media":"","overlay-type":"","overlay-color":"","overlay-opacity":"","overlay-gradient":""},"mobile":{"background-color":"var(--ast-global-color-5)","background-image":"","background-repeat":"repeat","background-position":"center center","background-size":"auto","background-attachment":"scroll","background-type":"","background-media":"","overlay-type":"","overlay-color":"","overlay-opacity":"","overlay-gradient":""}}},"product_brand":[],"product_cat":[4450,3806,3572,5078,4322,4325],"product_tag":[3647,3716,4218,5165,3912,5166,5162,5163,5161,3341,3641,3342,5164,3969,5167],"class_list":{"0":"post-77356","1":"product","2":"type-product","3":"status-publish","4":"has-post-thumbnail","6":"product_cat-anhaenger","7":"product_cat-art-deco","8":"product_cat-juwelen","9":"product_cat-metall-2","10":"product_cat-periode","11":"product_cat-silber","12":"product_tag-anhaenger","13":"product_tag-art-deco","14":"product_tag-bild","15":"product_tag-dagobert-peche","16":"product_tag-dame","17":"product_tag-fritzi-loew","18":"product_tag-hinterglas","19":"product_tag-kostuem","20":"product_tag-modezeichnungen","21":"product_tag-pendant","22":"product_tag-silber","23":"product_tag-silver","24":"product_tag-stoff","25":"product_tag-wiener-werkstaette","26":"product_tag-wimmer-wisgrill","27":"desktop-align-left","28":"tablet-align-left","29":"mobile-align-left","31":"first","32":"instock","33":"sold-individually","34":"shipping-taxable","35":"purchasable","36":"product-type-simple"},"_links":{"self":[{"href":"https:\/\/www.multimedium.eu\/index.php?rest_route=\/wp\/v2\/product\/77356","targetHints":{"allow":["GET"]}}],"collection":[{"href":"https:\/\/www.multimedium.eu\/index.php?rest_route=\/wp\/v2\/product"}],"about":[{"href":"https:\/\/www.multimedium.eu\/index.php?rest_route=\/wp\/v2\/types\/product"}],"version-history":[{"count":4,"href":"https:\/\/www.multimedium.eu\/index.php?rest_route=\/wp\/v2\/product\/77356\/revisions"}],"predecessor-version":[{"id":84646,"href":"https:\/\/www.multimedium.eu\/index.php?rest_route=\/wp\/v2\/product\/77356\/revisions\/84646"}],"wp:featuredmedia":[{"embeddable":true,"href":"https:\/\/www.multimedium.eu\/index.php?rest_route=\/wp\/v2\/media\/77360"}],"wp:attachment":[{"href":"https:\/\/www.multimedium.eu\/index.php?rest_route=%2Fwp%2Fv2%2Fmedia&parent=77356"}],"wp:term":[{"taxonomy":"product_brand","embeddable":true,"href":"https:\/\/www.multimedium.eu\/index.php?rest_route=%2Fwp%2Fv2%2Fproduct_brand&post=77356"},{"taxonomy":"product_cat","embeddable":true,"href":"https:\/\/www.multimedium.eu\/index.php?rest_route=%2Fwp%2Fv2%2Fproduct_cat&post=77356"},{"taxonomy":"product_tag","embeddable":true,"href":"https:\/\/www.multimedium.eu\/index.php?rest_route=%2Fwp%2Fv2%2Fproduct_tag&post=77356"}],"curies":[{"name":"wp","href":"https:\/\/api.w.org\/{rel}","templated":true}]}}