{"id":77438,"date":"2020-08-30T23:08:06","date_gmt":"2020-08-30T21:08:06","guid":{"rendered":"http:\/\/multimedium.eu\/?post_type=product&#038;p=77438"},"modified":"2025-03-13T09:29:52","modified_gmt":"2025-03-13T08:29:52","slug":"925-silber-mondstein-collier-halskette-moonstone-silver-necklace","status":"publish","type":"product","link":"https:\/\/www.multimedium.eu\/?product=925-silber-mondstein-collier-halskette-moonstone-silver-necklace","title":{"rendered":"925 Silber Mondstein Collier Halskette moonstone silver necklace"},"content":{"rendered":"","protected":false},"excerpt":{"rendered":"<p><strong>925 Silber Mondstein Collier Halskette moonstone silver necklace<\/strong><\/p>\n<p>Prachtvolles 7-reihiges Mondstein 925er Sterlingsilber Collier<br \/>\nmit unz\u00e4hligen facettiert geschliffenen wei\u00dfen Mondsteinperlen,<br \/>\nteilweise bl\u00e4ulich schimmernd (auf den Photos nicht sichtbar),<br \/>\nmit einem sicheren Einhak-Verschlu\u00df,<br \/>\nin 925er Sterlingsilber, verziert mit Blattmotiv<\/p>\n<p>in einem guten sch\u00f6nen Erhaltungszustand (ungetragen)<\/p>\n<p>(Passendes Armband dazu siehe in meinem Shop)<\/p>\n<p>L\u00e4nge der Halskette innen (incl.Verschlu\u00df in Silber): 44 cm<br \/>\nL\u00e4nge der Halskette au\u00dfen (incl.Verschlu\u00df in Silber): ca. 52 cm<br \/>\nBreite des Verschlusses: 2,8cm<br \/>\nGr\u00f6\u00dfe einer Perle: ca. 4 mm<\/p>\n","protected":false},"featured_media":77440,"template":"","meta":{"site-sidebar-layout":"default","site-content-layout":"default","ast-site-content-layout":"","site-content-style":"default","site-sidebar-style":"default","ast-global-header-display":"","ast-banner-title-visibility":"","ast-main-header-display":"","ast-hfb-above-header-display":"","ast-hfb-below-header-display":"","ast-hfb-mobile-header-display":"","site-post-title":"","ast-breadcrumbs-content":"","ast-featured-img":"","footer-sml-layout":"","theme-transparent-header-meta":"default","adv-header-id-meta":"","stick-header-meta":"","header-above-stick-meta":"","header-main-stick-meta":"","header-below-stick-meta":"","astra-migrate-meta-layouts":"default","ast-page-background-enabled":"default","ast-page-background-meta":{"desktop":{"background-color":"","background-image":"","background-repeat":"repeat","background-position":"center center","background-size":"auto","background-attachment":"scroll","background-type":"","background-media":"","overlay-type":"","overlay-color":"","overlay-opacity":"","overlay-gradient":""},"tablet":{"background-color":"","background-image":"","background-repeat":"repeat","background-position":"center center","background-size":"auto","background-attachment":"scroll","background-type":"","background-media":"","overlay-type":"","overlay-color":"","overlay-opacity":"","overlay-gradient":""},"mobile":{"background-color":"","background-image":"","background-repeat":"repeat","background-position":"center center","background-size":"auto","background-attachment":"scroll","background-type":"","background-media":"","overlay-type":"","overlay-color":"","overlay-opacity":"","overlay-gradient":""}},"ast-content-background-meta":{"desktop":{"background-color":"var(--ast-global-color-5)","background-image":"","background-repeat":"repeat","background-position":"center center","background-size":"auto","background-attachment":"scroll","background-type":"","background-media":"","overlay-type":"","overlay-color":"","overlay-opacity":"","overlay-gradient":""},"tablet":{"background-color":"var(--ast-global-color-5)","background-image":"","background-repeat":"repeat","background-position":"center center","background-size":"auto","background-attachment":"scroll","background-type":"","background-media":"","overlay-type":"","overlay-color":"","overlay-opacity":"","overlay-gradient":""},"mobile":{"background-color":"var(--ast-global-color-5)","background-image":"","background-repeat":"repeat","background-position":"center center","background-size":"auto","background-attachment":"scroll","background-type":"","background-media":"","overlay-type":"","overlay-color":"","overlay-opacity":"","overlay-gradient":""}}},"product_brand":[],"product_cat":[3561,5078,5186,4322,4325,4321],"product_tag":[3649,4548,3650,5187,5188,3652,3641,3342,3640],"class_list":{"0":"post-77438","1":"product","2":"type-product","3":"status-publish","4":"has-post-thumbnail","6":"product_cat-design-nach-1945","7":"product_cat-metall-2","8":"product_cat-mondstein","9":"product_cat-periode","10":"product_cat-silber","11":"product_cat-steine","12":"product_tag-collier","13":"product_tag-facettiert","14":"product_tag-halskette","15":"product_tag-mondstein","16":"product_tag-moonstone","17":"product_tag-necklace","18":"product_tag-silber","19":"product_tag-silver","20":"product_tag-sterling","21":"desktop-align-left","22":"tablet-align-left","23":"mobile-align-left","25":"first","26":"instock","27":"sold-individually","28":"shipping-taxable","29":"purchasable","30":"product-type-simple"},"_links":{"self":[{"href":"https:\/\/www.multimedium.eu\/index.php?rest_route=\/wp\/v2\/product\/77438","targetHints":{"allow":["GET"]}}],"collection":[{"href":"https:\/\/www.multimedium.eu\/index.php?rest_route=\/wp\/v2\/product"}],"about":[{"href":"https:\/\/www.multimedium.eu\/index.php?rest_route=\/wp\/v2\/types\/product"}],"version-history":[{"count":3,"href":"https:\/\/www.multimedium.eu\/index.php?rest_route=\/wp\/v2\/product\/77438\/revisions"}],"predecessor-version":[{"id":83306,"href":"https:\/\/www.multimedium.eu\/index.php?rest_route=\/wp\/v2\/product\/77438\/revisions\/83306"}],"wp:featuredmedia":[{"embeddable":true,"href":"https:\/\/www.multimedium.eu\/index.php?rest_route=\/wp\/v2\/media\/77440"}],"wp:attachment":[{"href":"https:\/\/www.multimedium.eu\/index.php?rest_route=%2Fwp%2Fv2%2Fmedia&parent=77438"}],"wp:term":[{"taxonomy":"product_brand","embeddable":true,"href":"https:\/\/www.multimedium.eu\/index.php?rest_route=%2Fwp%2Fv2%2Fproduct_brand&post=77438"},{"taxonomy":"product_cat","embeddable":true,"href":"https:\/\/www.multimedium.eu\/index.php?rest_route=%2Fwp%2Fv2%2Fproduct_cat&post=77438"},{"taxonomy":"product_tag","embeddable":true,"href":"https:\/\/www.multimedium.eu\/index.php?rest_route=%2Fwp%2Fv2%2Fproduct_tag&post=77438"}],"curies":[{"name":"wp","href":"https:\/\/api.w.org\/{rel}","templated":true}]}}