{"id":77477,"date":"2020-08-31T22:00:42","date_gmt":"2020-08-31T20:00:42","guid":{"rendered":"http:\/\/multimedium.eu\/?post_type=product&#038;p=77477"},"modified":"2025-03-13T09:29:52","modified_gmt":"2025-03-13T08:29:52","slug":"werbetraeger-sinalco-clown-auf-kronen-deckel-holz-geschnitzt-selten-rar-um-1930","status":"publish","type":"product","link":"https:\/\/www.multimedium.eu\/?product=werbetraeger-sinalco-clown-auf-kronen-deckel-holz-geschnitzt-selten-rar-um-1930","title":{"rendered":"Werbetr\u00e4ger Sinalco Clown auf Kronen Deckel Holz geschnitzt selten rar um 1930"},"content":{"rendered":"","protected":false},"excerpt":{"rendered":"<p><strong>Werbetr\u00e4ger Sinalco Clown auf Kronen Deckel Holz geschnitzt selten rar um 1930<\/strong><\/p>\n<p>Sch\u00f6ner delorativer Werbetr\u00e4ger Sinalco ? Clown auf Kronen Deckel, um 1930, sammelw\u00fcrdig<br \/>\nHolz geschnitzt , selten, rar<br \/>\nmit Metallhaken zum Aufh\u00e4ngen an die Wand<br \/>\nHersteller-Stempel sehr verbla\u00dft, nicht zu identifizieren<\/p>\n<p>Gebrauchssuren, altersbedingte Haar-Risse,<br \/>\nsonst guter Erhaltungszustand<\/p>\n<p>H\u00f6he: 29 cm<br \/>\nBreite: 27 cm<br \/>\nTiefe: 22 cm<\/p>\n","protected":false},"featured_media":77480,"template":"","meta":{"site-sidebar-layout":"default","site-content-layout":"default","ast-site-content-layout":"","site-content-style":"default","site-sidebar-style":"default","ast-global-header-display":"","ast-banner-title-visibility":"","ast-main-header-display":"","ast-hfb-above-header-display":"","ast-hfb-below-header-display":"","ast-hfb-mobile-header-display":"","site-post-title":"","ast-breadcrumbs-content":"","ast-featured-img":"","footer-sml-layout":"","theme-transparent-header-meta":"default","adv-header-id-meta":"","stick-header-meta":"","header-above-stick-meta":"","header-main-stick-meta":"","header-below-stick-meta":"","astra-migrate-meta-layouts":"default","ast-page-background-enabled":"default","ast-page-background-meta":{"desktop":{"background-color":"","background-image":"","background-repeat":"repeat","background-position":"center center","background-size":"auto","background-attachment":"scroll","background-type":"","background-media":"","overlay-type":"","overlay-color":"","overlay-opacity":"","overlay-gradient":""},"tablet":{"background-color":"","background-image":"","background-repeat":"repeat","background-position":"center center","background-size":"auto","background-attachment":"scroll","background-type":"","background-media":"","overlay-type":"","overlay-color":"","overlay-opacity":"","overlay-gradient":""},"mobile":{"background-color":"","background-image":"","background-repeat":"repeat","background-position":"center center","background-size":"auto","background-attachment":"scroll","background-type":"","background-media":"","overlay-type":"","overlay-color":"","overlay-opacity":"","overlay-gradient":""}},"ast-content-background-meta":{"desktop":{"background-color":"var(--ast-global-color-5)","background-image":"","background-repeat":"repeat","background-position":"center center","background-size":"auto","background-attachment":"scroll","background-type":"","background-media":"","overlay-type":"","overlay-color":"","overlay-opacity":"","overlay-gradient":""},"tablet":{"background-color":"var(--ast-global-color-5)","background-image":"","background-repeat":"repeat","background-position":"center center","background-size":"auto","background-attachment":"scroll","background-type":"","background-media":"","overlay-type":"","overlay-color":"","overlay-opacity":"","overlay-gradient":""},"mobile":{"background-color":"var(--ast-global-color-5)","background-image":"","background-repeat":"repeat","background-position":"center center","background-size":"auto","background-attachment":"scroll","background-type":"","background-media":"","overlay-type":"","overlay-color":"","overlay-opacity":"","overlay-gradient":""}}},"product_brand":[],"product_cat":[3806,4324,4322,3509],"product_tag":[5195,4278,4040,5194,5193,5192],"class_list":{"0":"post-77477","1":"product","2":"type-product","3":"status-publish","4":"has-post-thumbnail","6":"product_cat-art-deco","7":"product_cat-kunstobjekte","8":"product_cat-periode","9":"product_cat-werbung","10":"product_tag-clown","11":"product_tag-geschnitzt","12":"product_tag-holz","13":"product_tag-kronen-deckel","14":"product_tag-sinalco","15":"product_tag-werbetraeger","16":"desktop-align-left","17":"tablet-align-left","18":"mobile-align-left","20":"first","21":"instock","22":"sold-individually","23":"shipping-taxable","24":"purchasable","25":"product-type-simple"},"_links":{"self":[{"href":"https:\/\/www.multimedium.eu\/index.php?rest_route=\/wp\/v2\/product\/77477","targetHints":{"allow":["GET"]}}],"collection":[{"href":"https:\/\/www.multimedium.eu\/index.php?rest_route=\/wp\/v2\/product"}],"about":[{"href":"https:\/\/www.multimedium.eu\/index.php?rest_route=\/wp\/v2\/types\/product"}],"version-history":[{"count":3,"href":"https:\/\/www.multimedium.eu\/index.php?rest_route=\/wp\/v2\/product\/77477\/revisions"}],"predecessor-version":[{"id":83299,"href":"https:\/\/www.multimedium.eu\/index.php?rest_route=\/wp\/v2\/product\/77477\/revisions\/83299"}],"wp:featuredmedia":[{"embeddable":true,"href":"https:\/\/www.multimedium.eu\/index.php?rest_route=\/wp\/v2\/media\/77480"}],"wp:attachment":[{"href":"https:\/\/www.multimedium.eu\/index.php?rest_route=%2Fwp%2Fv2%2Fmedia&parent=77477"}],"wp:term":[{"taxonomy":"product_brand","embeddable":true,"href":"https:\/\/www.multimedium.eu\/index.php?rest_route=%2Fwp%2Fv2%2Fproduct_brand&post=77477"},{"taxonomy":"product_cat","embeddable":true,"href":"https:\/\/www.multimedium.eu\/index.php?rest_route=%2Fwp%2Fv2%2Fproduct_cat&post=77477"},{"taxonomy":"product_tag","embeddable":true,"href":"https:\/\/www.multimedium.eu\/index.php?rest_route=%2Fwp%2Fv2%2Fproduct_tag&post=77477"}],"curies":[{"name":"wp","href":"https:\/\/api.w.org\/{rel}","templated":true}]}}