{"id":77571,"date":"2020-09-01T22:29:09","date_gmt":"2020-09-01T20:29:09","guid":{"rendered":"http:\/\/multimedium.eu\/?post_type=product&#038;p=77571"},"modified":"2025-03-13T09:29:50","modified_gmt":"2025-03-13T08:29:50","slug":"22-ct-gold-anhaenger-synthetischer-alexandrit-22ct-gold-pendant","status":"publish","type":"product","link":"https:\/\/www.multimedium.eu\/?product=22-ct-gold-anhaenger-synthetischer-alexandrit-22ct-gold-pendant","title":{"rendered":"22 ct Gold Anh\u00e4nger Synthetischer Alexandrit 22ct Gold pendant"},"content":{"rendered":"<h6>22 ct Gold Anh\u00e4nger Synthetischer Alexandrit 22ct Gold pendant<\/h6>\n<p>Sch\u00f6ner dekorativer Gold-Anh\u00e4nger<br \/>\nin hochwertiger 22 ct Gold-Fassung (auf 22ct gepr\u00fcft)<br \/>\nSynthetischer geschliffener Alexandrit<br \/>\nohne Kette! ist nicht Bestandteil des Angebots!<br \/>\n(Kette aus 22ct Gold gepr\u00fcft, 390 Euro zus\u00e4tzlich, wenn gew\u00fcnscht, L\u00e4nge der Kette: 46 cm)<br \/>\ngestempelt: ausl\u00e4ndische Punze<\/p>\n<p>guter sch\u00f6ner Erhaltungszustand<\/p>\n<p>H\u00f6he des Anh\u00e4ngers incl. Aufh\u00e4nger-\u00d6se: 2,8 cm<br \/>\nBreite des Anh\u00e4ngers: 1,6 cm<\/p>\n","protected":false},"excerpt":{"rendered":"<h6><strong>22 ct Gold Anh\u00e4nger Synthetischer Alexandrit 22ct Gold pendant<\/strong><\/h6>\n<p>Sch\u00f6ner dekorativer Gold-Anh\u00e4nger<br \/>\nin hochwertiger 22 ct Gold-Fassung (auf 22ct gepr\u00fcft)<br \/>\nSynthetischer geschliffener Alexandrit<br \/>\nohne Kette! ist nicht Bestandteil des Angebots!<br \/>\n(Kette aus 22ct Gold gepr\u00fcft, 390 Euro zus\u00e4tzlich, wenn gew\u00fcnscht, L\u00e4nge der Kette: 46 cm)<br \/>\ngestempelt: ausl\u00e4ndische Punze<\/p>\n<p>guter sch\u00f6ner Erhaltungszustand<\/p>\n<p>H\u00f6he des Anh\u00e4ngers incl. Aufh\u00e4nger-\u00d6se: 2,8 cm<br \/>\nBreite des Anh\u00e4ngers: 1,6 cm<\/p>\n","protected":false},"featured_media":77573,"template":"","meta":{"site-sidebar-layout":"default","site-content-layout":"default","ast-site-content-layout":"default","site-content-style":"default","site-sidebar-style":"default","ast-global-header-display":"","ast-banner-title-visibility":"","ast-main-header-display":"","ast-hfb-above-header-display":"","ast-hfb-below-header-display":"","ast-hfb-mobile-header-display":"","site-post-title":"","ast-breadcrumbs-content":"","ast-featured-img":"","footer-sml-layout":"","theme-transparent-header-meta":"default","adv-header-id-meta":"","stick-header-meta":"","header-above-stick-meta":"","header-main-stick-meta":"","header-below-stick-meta":"","astra-migrate-meta-layouts":"set","ast-page-background-enabled":"default","ast-page-background-meta":{"desktop":{"background-color":"","background-image":"","background-repeat":"repeat","background-position":"center center","background-size":"auto","background-attachment":"scroll","background-type":"","background-media":"","overlay-type":"","overlay-color":"","overlay-opacity":"","overlay-gradient":""},"tablet":{"background-color":"","background-image":"","background-repeat":"repeat","background-position":"center center","background-size":"auto","background-attachment":"scroll","background-type":"","background-media":"","overlay-type":"","overlay-color":"","overlay-opacity":"","overlay-gradient":""},"mobile":{"background-color":"","background-image":"","background-repeat":"repeat","background-position":"center center","background-size":"auto","background-attachment":"scroll","background-type":"","background-media":"","overlay-type":"","overlay-color":"","overlay-opacity":"","overlay-gradient":""}},"ast-content-background-meta":{"desktop":{"background-color":"var(--ast-global-color-5)","background-image":"","background-repeat":"repeat","background-position":"center center","background-size":"auto","background-attachment":"scroll","background-type":"","background-media":"","overlay-type":"","overlay-color":"","overlay-opacity":"","overlay-gradient":""},"tablet":{"background-color":"var(--ast-global-color-5)","background-image":"","background-repeat":"repeat","background-position":"center center","background-size":"auto","background-attachment":"scroll","background-type":"","background-media":"","overlay-type":"","overlay-color":"","overlay-opacity":"","overlay-gradient":""},"mobile":{"background-color":"var(--ast-global-color-5)","background-image":"","background-repeat":"repeat","background-position":"center center","background-size":"auto","background-attachment":"scroll","background-type":"","background-media":"","overlay-type":"","overlay-color":"","overlay-opacity":"","overlay-gradient":""}}},"product_brand":[],"product_cat":[5201,3561,3564,5078,4322,4321],"product_tag":[5202,3647,3710,3341],"class_list":{"0":"post-77571","1":"product","2":"type-product","3":"status-publish","4":"has-post-thumbnail","6":"product_cat-alexandrit","7":"product_cat-design-nach-1945","8":"product_cat-gold","9":"product_cat-metall-2","10":"product_cat-periode","11":"product_cat-steine","12":"product_tag-alexandrit","13":"product_tag-anhaenger","14":"product_tag-gold","15":"product_tag-pendant","16":"desktop-align-left","17":"tablet-align-left","18":"mobile-align-left","20":"first","21":"instock","22":"sold-individually","23":"shipping-taxable","24":"purchasable","25":"product-type-simple"},"_links":{"self":[{"href":"https:\/\/www.multimedium.eu\/index.php?rest_route=\/wp\/v2\/product\/77571","targetHints":{"allow":["GET"]}}],"collection":[{"href":"https:\/\/www.multimedium.eu\/index.php?rest_route=\/wp\/v2\/product"}],"about":[{"href":"https:\/\/www.multimedium.eu\/index.php?rest_route=\/wp\/v2\/types\/product"}],"version-history":[{"count":3,"href":"https:\/\/www.multimedium.eu\/index.php?rest_route=\/wp\/v2\/product\/77571\/revisions"}],"predecessor-version":[{"id":89943,"href":"https:\/\/www.multimedium.eu\/index.php?rest_route=\/wp\/v2\/product\/77571\/revisions\/89943"}],"wp:featuredmedia":[{"embeddable":true,"href":"https:\/\/www.multimedium.eu\/index.php?rest_route=\/wp\/v2\/media\/77573"}],"wp:attachment":[{"href":"https:\/\/www.multimedium.eu\/index.php?rest_route=%2Fwp%2Fv2%2Fmedia&parent=77571"}],"wp:term":[{"taxonomy":"product_brand","embeddable":true,"href":"https:\/\/www.multimedium.eu\/index.php?rest_route=%2Fwp%2Fv2%2Fproduct_brand&post=77571"},{"taxonomy":"product_cat","embeddable":true,"href":"https:\/\/www.multimedium.eu\/index.php?rest_route=%2Fwp%2Fv2%2Fproduct_cat&post=77571"},{"taxonomy":"product_tag","embeddable":true,"href":"https:\/\/www.multimedium.eu\/index.php?rest_route=%2Fwp%2Fv2%2Fproduct_tag&post=77571"}],"curies":[{"name":"wp","href":"https:\/\/api.w.org\/{rel}","templated":true}]}}