{"id":77587,"date":"2020-09-01T22:52:20","date_gmt":"2020-09-01T20:52:20","guid":{"rendered":"http:\/\/multimedium.eu\/?post_type=product&#038;p=77587"},"modified":"2025-03-13T09:29:49","modified_gmt":"2025-03-13T08:29:49","slug":"antiker-historismus-silber-anhaenger-granat-engel-tracht-silver-pendant-garnet","status":"publish","type":"product","link":"https:\/\/www.multimedium.eu\/?product=antiker-historismus-silber-anhaenger-granat-engel-tracht-silver-pendant-garnet","title":{"rendered":"Antiker Historismus Silber Anh\u00e4nger Granat Engel Tracht silver pendant garnet"},"content":{"rendered":"","protected":false},"excerpt":{"rendered":"<p><strong>Antiker Historismus Silber Anh\u00e4nger Granat Engel Tracht silver pendant garnet<\/strong><\/p>\n<p>Antiker wundersch\u00f6ner dekorativer Historismus Silber Anh\u00e4nger ca. um 1870<br \/>\nmit Granaten und Almandinen (Granatgruppe)<br \/>\nmit einh\u00e4ngendem Tropfen mit S\u00fc\u00dfwasser-Perle<br \/>\nmittig mit einer Perle<br \/>\ndurchbrochen gearbeitet<br \/>\nAufh\u00e4nger\u00f6se mit Engel-Abbildung, selten<br \/>\nauch als Trachten-Anh\u00e4nger tragbar<br \/>\nungestempelt: auf Silber gepr\u00fcft<\/p>\n<p>mit leichter Vergoldung, berieben<br \/>\nguter sch\u00f6ner Erhaltungszustand<\/p>\n<p>H\u00f6he incl. Aufh\u00e4nger-\u00d6se : 5,7 cm<br \/>\nBreite : 2,7 cm<\/p>\n<p>&nbsp;<\/p>\n","protected":false},"featured_media":77588,"template":"","meta":{"site-sidebar-layout":"default","site-content-layout":"default","ast-site-content-layout":"","site-content-style":"default","site-sidebar-style":"default","ast-global-header-display":"","ast-banner-title-visibility":"","ast-main-header-display":"","ast-hfb-above-header-display":"","ast-hfb-below-header-display":"","ast-hfb-mobile-header-display":"","site-post-title":"","ast-breadcrumbs-content":"","ast-featured-img":"","footer-sml-layout":"","theme-transparent-header-meta":"default","adv-header-id-meta":"","stick-header-meta":"","header-above-stick-meta":"","header-main-stick-meta":"","header-below-stick-meta":"","astra-migrate-meta-layouts":"default","ast-page-background-enabled":"default","ast-page-background-meta":{"desktop":{"background-color":"","background-image":"","background-repeat":"repeat","background-position":"center center","background-size":"auto","background-attachment":"scroll","background-type":"","background-media":"","overlay-type":"","overlay-color":"","overlay-opacity":"","overlay-gradient":""},"tablet":{"background-color":"","background-image":"","background-repeat":"repeat","background-position":"center center","background-size":"auto","background-attachment":"scroll","background-type":"","background-media":"","overlay-type":"","overlay-color":"","overlay-opacity":"","overlay-gradient":""},"mobile":{"background-color":"","background-image":"","background-repeat":"repeat","background-position":"center center","background-size":"auto","background-attachment":"scroll","background-type":"","background-media":"","overlay-type":"","overlay-color":"","overlay-opacity":"","overlay-gradient":""}},"ast-content-background-meta":{"desktop":{"background-color":"var(--ast-global-color-5)","background-image":"","background-repeat":"repeat","background-position":"center center","background-size":"auto","background-attachment":"scroll","background-type":"","background-media":"","overlay-type":"","overlay-color":"","overlay-opacity":"","overlay-gradient":""},"tablet":{"background-color":"var(--ast-global-color-5)","background-image":"","background-repeat":"repeat","background-position":"center center","background-size":"auto","background-attachment":"scroll","background-type":"","background-media":"","overlay-type":"","overlay-color":"","overlay-opacity":"","overlay-gradient":""},"mobile":{"background-color":"var(--ast-global-color-5)","background-image":"","background-repeat":"repeat","background-position":"center center","background-size":"auto","background-attachment":"scroll","background-type":"","background-media":"","overlay-type":"","overlay-color":"","overlay-opacity":"","overlay-gradient":""}}},"product_brand":[],"product_cat":[5078,4450,3573,4121,3572,4322,3576,4325,4321,4320],"product_tag":[4022,3647,4055,3724,3980,3341,3641,3342,5099,5050,4215],"class_list":{"0":"post-77587","1":"product","2":"type-product","3":"status-publish","4":"has-post-thumbnail","6":"product_cat-metall-2","7":"product_cat-anhaenger","8":"product_cat-granat","9":"product_cat-historismus","10":"product_cat-juwelen","11":"product_cat-periode","12":"product_cat-perlen","13":"product_cat-silber","14":"product_cat-steine","15":"product_cat-verkauft","16":"product_tag-almandin","17":"product_tag-anhaenger","18":"product_tag-engel","19":"product_tag-granat","20":"product_tag-historismus","21":"product_tag-pendant","22":"product_tag-silber","23":"product_tag-silver","24":"product_tag-suesswasserperle","25":"product_tag-tracht","26":"product_tag-verkauft","27":"desktop-align-left","28":"tablet-align-left","29":"mobile-align-left","31":"first","32":"outofstock","33":"sold-individually","34":"shipping-taxable","35":"product-type-simple"},"_links":{"self":[{"href":"https:\/\/www.multimedium.eu\/index.php?rest_route=\/wp\/v2\/product\/77587","targetHints":{"allow":["GET"]}}],"collection":[{"href":"https:\/\/www.multimedium.eu\/index.php?rest_route=\/wp\/v2\/product"}],"about":[{"href":"https:\/\/www.multimedium.eu\/index.php?rest_route=\/wp\/v2\/types\/product"}],"version-history":[{"count":2,"href":"https:\/\/www.multimedium.eu\/index.php?rest_route=\/wp\/v2\/product\/77587\/revisions"}],"predecessor-version":[{"id":83282,"href":"https:\/\/www.multimedium.eu\/index.php?rest_route=\/wp\/v2\/product\/77587\/revisions\/83282"}],"wp:featuredmedia":[{"embeddable":true,"href":"https:\/\/www.multimedium.eu\/index.php?rest_route=\/wp\/v2\/media\/77588"}],"wp:attachment":[{"href":"https:\/\/www.multimedium.eu\/index.php?rest_route=%2Fwp%2Fv2%2Fmedia&parent=77587"}],"wp:term":[{"taxonomy":"product_brand","embeddable":true,"href":"https:\/\/www.multimedium.eu\/index.php?rest_route=%2Fwp%2Fv2%2Fproduct_brand&post=77587"},{"taxonomy":"product_cat","embeddable":true,"href":"https:\/\/www.multimedium.eu\/index.php?rest_route=%2Fwp%2Fv2%2Fproduct_cat&post=77587"},{"taxonomy":"product_tag","embeddable":true,"href":"https:\/\/www.multimedium.eu\/index.php?rest_route=%2Fwp%2Fv2%2Fproduct_tag&post=77587"}],"curies":[{"name":"wp","href":"https:\/\/api.w.org\/{rel}","templated":true}]}}