{"id":77650,"date":"2020-09-02T22:43:36","date_gmt":"2020-09-02T20:43:36","guid":{"rendered":"http:\/\/multimedium.eu\/?post_type=product&#038;p=77650"},"modified":"2025-03-13T09:29:48","modified_gmt":"2025-03-13T08:29:48","slug":"grosses-silber-armband-bernstein-large-amber-sterling-silver-bracelet","status":"publish","type":"product","link":"https:\/\/www.multimedium.eu\/?product=grosses-silber-armband-bernstein-large-amber-sterling-silver-bracelet","title":{"rendered":"Gro\u00dfes Silber Armband Bernstein large amber sterling silver bracelet"},"content":{"rendered":"","protected":false},"excerpt":{"rendered":"<p><strong>Gro\u00dfes Silber Armband Bernstein large amber sterling silver bracelet<\/strong><\/p>\n<p>Prachtvolles, sch\u00f6n gearbeitetes gro\u00dfes vintage Bernstein-Silber-Armband im Jugendstil,<br \/>\nmit einzelnen gro\u00dfen ovalen hochgew\u00f6lbten, gefassten Bernstein-Gliedern,<br \/>\nmit jeweils 2 aufgel\u00f6teten gegengleich gearbeiteten St\u00e4bchen und Kugelbel\u00f6tung,<br \/>\nmassiv verarbeitet, sch\u00f6nes ausgefallenes Teil,<br \/>\ngestempelt: 830<\/p>\n<p>ein sch\u00f6nes Teil, in einem guten sch\u00f6nen Erhaltungszustand<\/p>\n<p>L\u00e4nge des Armbands: 23 cm<\/p>\n<p>&#8211; auf die Ma\u00dfe bitte achten, da es etwas l\u00e4nger<br \/>\nf\u00fcr ein breites Handgelenk gearbeitet ist &#8211;<br \/>\nBreite des Armbands: 3,15 cm<\/p>\n","protected":false},"featured_media":77655,"template":"","meta":{"site-sidebar-layout":"default","site-content-layout":"default","ast-site-content-layout":"","site-content-style":"default","site-sidebar-style":"default","ast-global-header-display":"","ast-banner-title-visibility":"","ast-main-header-display":"","ast-hfb-above-header-display":"","ast-hfb-below-header-display":"","ast-hfb-mobile-header-display":"","site-post-title":"","ast-breadcrumbs-content":"","ast-featured-img":"","footer-sml-layout":"","theme-transparent-header-meta":"default","adv-header-id-meta":"","stick-header-meta":"","header-above-stick-meta":"","header-main-stick-meta":"","header-below-stick-meta":"","astra-migrate-meta-layouts":"default","ast-page-background-enabled":"default","ast-page-background-meta":{"desktop":{"background-color":"","background-image":"","background-repeat":"repeat","background-position":"center center","background-size":"auto","background-attachment":"scroll","background-type":"","background-media":"","overlay-type":"","overlay-color":"","overlay-opacity":"","overlay-gradient":""},"tablet":{"background-color":"","background-image":"","background-repeat":"repeat","background-position":"center center","background-size":"auto","background-attachment":"scroll","background-type":"","background-media":"","overlay-type":"","overlay-color":"","overlay-opacity":"","overlay-gradient":""},"mobile":{"background-color":"","background-image":"","background-repeat":"repeat","background-position":"center center","background-size":"auto","background-attachment":"scroll","background-type":"","background-media":"","overlay-type":"","overlay-color":"","overlay-opacity":"","overlay-gradient":""}},"ast-content-background-meta":{"desktop":{"background-color":"var(--ast-global-color-5)","background-image":"","background-repeat":"repeat","background-position":"center center","background-size":"auto","background-attachment":"scroll","background-type":"","background-media":"","overlay-type":"","overlay-color":"","overlay-opacity":"","overlay-gradient":""},"tablet":{"background-color":"var(--ast-global-color-5)","background-image":"","background-repeat":"repeat","background-position":"center center","background-size":"auto","background-attachment":"scroll","background-type":"","background-media":"","overlay-type":"","overlay-color":"","overlay-opacity":"","overlay-gradient":""},"mobile":{"background-color":"var(--ast-global-color-5)","background-image":"","background-repeat":"repeat","background-position":"center center","background-size":"auto","background-attachment":"scroll","background-type":"","background-media":"","overlay-type":"","overlay-color":"","overlay-opacity":"","overlay-gradient":""}}},"product_brand":[],"product_cat":[3581,3563,3559,3572,5078,4322,4325,4321],"product_tag":[3732,3661,3700,3731,3663,3698],"class_list":{"0":"post-77650","1":"product","2":"type-product","3":"status-publish","4":"has-post-thumbnail","6":"product_cat-armbaender-armreif","7":"product_cat-bernstein","8":"product_cat-jugendstil","9":"product_cat-juwelen","10":"product_cat-metall-2","11":"product_cat-periode","12":"product_cat-silber","13":"product_cat-steine","14":"product_tag-amber","15":"product_tag-armband","16":"product_tag-art-nouveau","17":"product_tag-bernstein","18":"product_tag-bracelet","19":"product_tag-jugendstil","20":"desktop-align-left","21":"tablet-align-left","22":"mobile-align-left","24":"first","25":"instock","26":"sold-individually","27":"shipping-taxable","28":"purchasable","29":"product-type-simple"},"_links":{"self":[{"href":"https:\/\/www.multimedium.eu\/index.php?rest_route=\/wp\/v2\/product\/77650","targetHints":{"allow":["GET"]}}],"collection":[{"href":"https:\/\/www.multimedium.eu\/index.php?rest_route=\/wp\/v2\/product"}],"about":[{"href":"https:\/\/www.multimedium.eu\/index.php?rest_route=\/wp\/v2\/types\/product"}],"version-history":[{"count":2,"href":"https:\/\/www.multimedium.eu\/index.php?rest_route=\/wp\/v2\/product\/77650\/revisions"}],"predecessor-version":[{"id":83272,"href":"https:\/\/www.multimedium.eu\/index.php?rest_route=\/wp\/v2\/product\/77650\/revisions\/83272"}],"wp:featuredmedia":[{"embeddable":true,"href":"https:\/\/www.multimedium.eu\/index.php?rest_route=\/wp\/v2\/media\/77655"}],"wp:attachment":[{"href":"https:\/\/www.multimedium.eu\/index.php?rest_route=%2Fwp%2Fv2%2Fmedia&parent=77650"}],"wp:term":[{"taxonomy":"product_brand","embeddable":true,"href":"https:\/\/www.multimedium.eu\/index.php?rest_route=%2Fwp%2Fv2%2Fproduct_brand&post=77650"},{"taxonomy":"product_cat","embeddable":true,"href":"https:\/\/www.multimedium.eu\/index.php?rest_route=%2Fwp%2Fv2%2Fproduct_cat&post=77650"},{"taxonomy":"product_tag","embeddable":true,"href":"https:\/\/www.multimedium.eu\/index.php?rest_route=%2Fwp%2Fv2%2Fproduct_tag&post=77650"}],"curies":[{"name":"wp","href":"https:\/\/api.w.org\/{rel}","templated":true}]}}