{"id":77774,"date":"2020-09-03T23:33:56","date_gmt":"2020-09-03T21:33:56","guid":{"rendered":"http:\/\/multimedium.eu\/?post_type=product&#038;p=77774"},"modified":"2025-03-13T09:29:45","modified_gmt":"2025-03-13T08:29:45","slug":"jugendstil-silber-anhaenger-emaille-perlmutt-silver-enamel-pendant","status":"publish","type":"product","link":"https:\/\/www.multimedium.eu\/?product=jugendstil-silber-anhaenger-emaille-perlmutt-silver-enamel-pendant","title":{"rendered":"Jugendstil Silber Anh\u00e4nger Emaille Perlmutt silver enamel pendant"},"content":{"rendered":"","protected":false},"excerpt":{"rendered":"<p><strong>Jugendstil Silber Anh\u00e4nger Emaille Perlmutt silver enamel pendant<\/strong><\/p>\n<p>Entz\u00fcckender antiker Jugendstil Silber Anh\u00e4nger um 1900,<br \/>\ndurchbrochen gearbeitet,<br \/>\nmit sch\u00f6nen Rocaillen und Emailleverzierung<br \/>\nin rautenf\u00f6rmigen Gitter<br \/>\nmit 5 runden einh\u00e4ngenden gefassten Perlschalen und<br \/>\nmit einer tropfenf\u00f6rmigen einh\u00e4ngenden gefassten Perlschale,<br \/>\nmittig mit einem einh\u00e4ngenden gefassten ovalen geschliffenen Amethysten,<br \/>\nmit 4 gefassten Markasiten als Verzierung,<\/p>\n<p>r\u00fcckseitig zwei mal gestempelt: 935<\/p>\n<p>in einem guten Erhaltungszustand<\/p>\n<p>H\u00f6he des Anh\u00e4ngers (ohne Aufh\u00e4nger-\u00d6se): 4,9 cm<br \/>\nBreite : 3,4 cm<\/p>\n","protected":false},"featured_media":77779,"template":"","meta":{"site-sidebar-layout":"default","site-content-layout":"default","ast-site-content-layout":"","site-content-style":"default","site-sidebar-style":"default","ast-global-header-display":"","ast-banner-title-visibility":"","ast-main-header-display":"","ast-hfb-above-header-display":"","ast-hfb-below-header-display":"","ast-hfb-mobile-header-display":"","site-post-title":"","ast-breadcrumbs-content":"","ast-featured-img":"","footer-sml-layout":"","theme-transparent-header-meta":"default","adv-header-id-meta":"","stick-header-meta":"","header-above-stick-meta":"","header-main-stick-meta":"","header-below-stick-meta":"","astra-migrate-meta-layouts":"default","ast-page-background-enabled":"default","ast-page-background-meta":{"desktop":{"background-color":"","background-image":"","background-repeat":"repeat","background-position":"center center","background-size":"auto","background-attachment":"scroll","background-type":"","background-media":"","overlay-type":"","overlay-color":"","overlay-opacity":"","overlay-gradient":""},"tablet":{"background-color":"","background-image":"","background-repeat":"repeat","background-position":"center center","background-size":"auto","background-attachment":"scroll","background-type":"","background-media":"","overlay-type":"","overlay-color":"","overlay-opacity":"","overlay-gradient":""},"mobile":{"background-color":"","background-image":"","background-repeat":"repeat","background-position":"center center","background-size":"auto","background-attachment":"scroll","background-type":"","background-media":"","overlay-type":"","overlay-color":"","overlay-opacity":"","overlay-gradient":""}},"ast-content-background-meta":{"desktop":{"background-color":"var(--ast-global-color-5)","background-image":"","background-repeat":"repeat","background-position":"center center","background-size":"auto","background-attachment":"scroll","background-type":"","background-media":"","overlay-type":"","overlay-color":"","overlay-opacity":"","overlay-gradient":""},"tablet":{"background-color":"var(--ast-global-color-5)","background-image":"","background-repeat":"repeat","background-position":"center center","background-size":"auto","background-attachment":"scroll","background-type":"","background-media":"","overlay-type":"","overlay-color":"","overlay-opacity":"","overlay-gradient":""},"mobile":{"background-color":"var(--ast-global-color-5)","background-image":"","background-repeat":"repeat","background-position":"center center","background-size":"auto","background-attachment":"scroll","background-type":"","background-media":"","overlay-type":"","overlay-color":"","overlay-opacity":"","overlay-gradient":""}}},"product_brand":[],"product_cat":[4761,4450,3598,3559,3572,5078,4322,4800,4325,4321],"product_tag":[3651,3647,3700,3639,3654,3698,5067,3341,3702,5160,3641,3342],"class_list":{"0":"post-77774","1":"product","2":"type-product","3":"status-publish","4":"has-post-thumbnail","6":"product_cat-amethyst","7":"product_cat-anhaenger","8":"product_cat-emaille","9":"product_cat-jugendstil","10":"product_cat-juwelen","11":"product_cat-metall-2","12":"product_cat-periode","13":"product_cat-perlmutt","14":"product_cat-silber","15":"product_cat-steine","16":"product_tag-amethyst","17":"product_tag-anhaenger","18":"product_tag-art-nouveau","19":"product_tag-emaille","20":"product_tag-enamel","21":"product_tag-jugendstil","22":"product_tag-markasit","23":"product_tag-pendant","24":"product_tag-perlschale","25":"product_tag-rocaillen","26":"product_tag-silber","27":"product_tag-silver","28":"desktop-align-left","29":"tablet-align-left","30":"mobile-align-left","32":"first","33":"instock","34":"sold-individually","35":"shipping-taxable","36":"purchasable","37":"product-type-simple"},"_links":{"self":[{"href":"https:\/\/www.multimedium.eu\/index.php?rest_route=\/wp\/v2\/product\/77774","targetHints":{"allow":["GET"]}}],"collection":[{"href":"https:\/\/www.multimedium.eu\/index.php?rest_route=\/wp\/v2\/product"}],"about":[{"href":"https:\/\/www.multimedium.eu\/index.php?rest_route=\/wp\/v2\/types\/product"}],"version-history":[{"count":2,"href":"https:\/\/www.multimedium.eu\/index.php?rest_route=\/wp\/v2\/product\/77774\/revisions"}],"predecessor-version":[{"id":83257,"href":"https:\/\/www.multimedium.eu\/index.php?rest_route=\/wp\/v2\/product\/77774\/revisions\/83257"}],"wp:featuredmedia":[{"embeddable":true,"href":"https:\/\/www.multimedium.eu\/index.php?rest_route=\/wp\/v2\/media\/77779"}],"wp:attachment":[{"href":"https:\/\/www.multimedium.eu\/index.php?rest_route=%2Fwp%2Fv2%2Fmedia&parent=77774"}],"wp:term":[{"taxonomy":"product_brand","embeddable":true,"href":"https:\/\/www.multimedium.eu\/index.php?rest_route=%2Fwp%2Fv2%2Fproduct_brand&post=77774"},{"taxonomy":"product_cat","embeddable":true,"href":"https:\/\/www.multimedium.eu\/index.php?rest_route=%2Fwp%2Fv2%2Fproduct_cat&post=77774"},{"taxonomy":"product_tag","embeddable":true,"href":"https:\/\/www.multimedium.eu\/index.php?rest_route=%2Fwp%2Fv2%2Fproduct_tag&post=77774"}],"curies":[{"name":"wp","href":"https:\/\/api.w.org\/{rel}","templated":true}]}}