{"id":77870,"date":"2020-09-05T23:05:21","date_gmt":"2020-09-05T21:05:21","guid":{"rendered":"http:\/\/multimedium.eu\/?post_type=product&#038;p=77870"},"modified":"2025-03-13T09:29:41","modified_gmt":"2025-03-13T08:29:41","slug":"ernst-jugel-muenchen-am-attersee-oel-gemaelde-landschaft-see-berge-oel-bild-rahmen","status":"publish","type":"product","link":"https:\/\/www.multimedium.eu\/?product=ernst-jugel-muenchen-am-attersee-oel-gemaelde-landschaft-see-berge-oel-bild-rahmen","title":{"rendered":"Ernst Jugel M\u00fcnchen Am Attersee \u00d6l gem\u00e4lde Landschaft See Berge \u00d6l bild Rahmen"},"content":{"rendered":"<h6>Ernst Jugel Munich Attersee oil painting landscape lake mountains oil picture frame<\/h6>\n<p>-SOLD-<\/p>\n<p>Very beautiful romantic original oil painting<\/p>\n<p>by Ernst Jugel Munich (1913-1985) Title: &#8222;At Attersee&#8220;<\/p>\n<p>Landscape with the Attersee and mountains<\/p>\n<p>with original wooden frame, stuccoed<\/p>\n<p>Signed bottom left: Jugel Munich<\/p>\n<p>Inscribed on the back of the canvas: Jugel Munich &#8222;At Attersee&#8220;<\/p>\n<p>Good, beautiful condition<\/p>\n<p>Height: 64 cm<br \/>\nWidth: 74 cm<\/p>\n","protected":false},"excerpt":{"rendered":"<h6><strong>Ernst Jugel M\u00fcnchen Am Attersee \u00d6l gem\u00e4lde Landschaft See Berge \u00d6l bild Rahmen<\/strong><\/h6>\n<p>-VERKAUFT-<\/p>\n<p>Sehr sch\u00f6nes romantisches Original \u00d6lgem\u00e4lde<br \/>\nvon Ernst Jugel M\u00fcnchen (1913-1985) Titel:\u00a0 &#8222;Am Attersee&#8220;<br \/>\nLandschaft mit dem Attersee und Bergen<br \/>\nmit Original Holz Rahmen, gestuckt<br \/>\nlinks unten signiert: Jugel M\u00fcnchen<br \/>\nR\u00fcckseite auf der Leinwand beschriftet: Jugel M\u00fcnchen &#8222;Am Attersee&#8220;<\/p>\n<p>guter sch\u00f6ner Erhaltungszustand<\/p>\n<p>H\u00f6he :\u00a0 64 cm<br \/>\nBreite :\u00a0 74 cm<\/p>\n","protected":false},"featured_media":77872,"template":"","meta":{"site-sidebar-layout":"default","site-content-layout":"default","ast-site-content-layout":"default","site-content-style":"default","site-sidebar-style":"default","ast-global-header-display":"","ast-banner-title-visibility":"","ast-main-header-display":"","ast-hfb-above-header-display":"","ast-hfb-below-header-display":"","ast-hfb-mobile-header-display":"","site-post-title":"","ast-breadcrumbs-content":"","ast-featured-img":"","footer-sml-layout":"","theme-transparent-header-meta":"default","adv-header-id-meta":"","stick-header-meta":"","header-above-stick-meta":"","header-main-stick-meta":"","header-below-stick-meta":"","astra-migrate-meta-layouts":"set","ast-page-background-enabled":"default","ast-page-background-meta":{"desktop":{"background-color":"","background-image":"","background-repeat":"repeat","background-position":"center center","background-size":"auto","background-attachment":"scroll","background-type":"","background-media":"","overlay-type":"","overlay-color":"","overlay-opacity":"","overlay-gradient":""},"tablet":{"background-color":"","background-image":"","background-repeat":"repeat","background-position":"center center","background-size":"auto","background-attachment":"scroll","background-type":"","background-media":"","overlay-type":"","overlay-color":"","overlay-opacity":"","overlay-gradient":""},"mobile":{"background-color":"","background-image":"","background-repeat":"repeat","background-position":"center center","background-size":"auto","background-attachment":"scroll","background-type":"","background-media":"","overlay-type":"","overlay-color":"","overlay-opacity":"","overlay-gradient":""}},"ast-content-background-meta":{"desktop":{"background-color":"var(--ast-global-color-5)","background-image":"","background-repeat":"repeat","background-position":"center center","background-size":"auto","background-attachment":"scroll","background-type":"","background-media":"","overlay-type":"","overlay-color":"","overlay-opacity":"","overlay-gradient":""},"tablet":{"background-color":"var(--ast-global-color-5)","background-image":"","background-repeat":"repeat","background-position":"center center","background-size":"auto","background-attachment":"scroll","background-type":"","background-media":"","overlay-type":"","overlay-color":"","overlay-opacity":"","overlay-gradient":""},"mobile":{"background-color":"var(--ast-global-color-5)","background-image":"","background-repeat":"repeat","background-position":"center center","background-size":"auto","background-attachment":"scroll","background-type":"","background-media":"","overlay-type":"","overlay-color":"","overlay-opacity":"","overlay-gradient":""}}},"product_brand":[],"product_cat":[3561,3608,4324,4322,4320],"product_tag":[5228,5230,5227,4772,4213,3943,4192,5229,4215],"class_list":{"0":"post-77870","1":"product","2":"type-product","3":"status-publish","4":"has-post-thumbnail","6":"product_cat-design-nach-1945","7":"product_cat-gemaelde-grafik","8":"product_cat-kunstobjekte","9":"product_cat-periode","10":"product_cat-verkauft","11":"product_tag-am-attersee","12":"product_tag-berge","13":"product_tag-ernst-jugel","14":"product_tag-holz-rahmen","15":"product_tag-landschaft","16":"product_tag-muenchen","17":"product_tag-oelgemaelde","18":"product_tag-see","19":"product_tag-verkauft","20":"desktop-align-left","21":"tablet-align-left","22":"mobile-align-left","24":"first","25":"outofstock","26":"sold-individually","27":"shipping-taxable","28":"product-type-simple"},"_links":{"self":[{"href":"https:\/\/www.multimedium.eu\/index.php?rest_route=\/wp\/v2\/product\/77870","targetHints":{"allow":["GET"]}}],"collection":[{"href":"https:\/\/www.multimedium.eu\/index.php?rest_route=\/wp\/v2\/product"}],"about":[{"href":"https:\/\/www.multimedium.eu\/index.php?rest_route=\/wp\/v2\/types\/product"}],"version-history":[{"count":5,"href":"https:\/\/www.multimedium.eu\/index.php?rest_route=\/wp\/v2\/product\/77870\/revisions"}],"predecessor-version":[{"id":91195,"href":"https:\/\/www.multimedium.eu\/index.php?rest_route=\/wp\/v2\/product\/77870\/revisions\/91195"}],"wp:featuredmedia":[{"embeddable":true,"href":"https:\/\/www.multimedium.eu\/index.php?rest_route=\/wp\/v2\/media\/77872"}],"wp:attachment":[{"href":"https:\/\/www.multimedium.eu\/index.php?rest_route=%2Fwp%2Fv2%2Fmedia&parent=77870"}],"wp:term":[{"taxonomy":"product_brand","embeddable":true,"href":"https:\/\/www.multimedium.eu\/index.php?rest_route=%2Fwp%2Fv2%2Fproduct_brand&post=77870"},{"taxonomy":"product_cat","embeddable":true,"href":"https:\/\/www.multimedium.eu\/index.php?rest_route=%2Fwp%2Fv2%2Fproduct_cat&post=77870"},{"taxonomy":"product_tag","embeddable":true,"href":"https:\/\/www.multimedium.eu\/index.php?rest_route=%2Fwp%2Fv2%2Fproduct_tag&post=77870"}],"curies":[{"name":"wp","href":"https:\/\/api.w.org\/{rel}","templated":true}]}}