{"id":78019,"date":"2020-09-06T21:56:52","date_gmt":"2020-09-06T19:56:52","guid":{"rendered":"http:\/\/multimedium.eu\/?post_type=product&#038;p=78019"},"modified":"2025-03-13T09:29:40","modified_gmt":"2025-03-13T08:29:40","slug":"alte-silber-collier-halskette-gruen-jade-china-silver-necklace","status":"publish","type":"product","link":"https:\/\/www.multimedium.eu\/?product=alte-silber-collier-halskette-gruen-jade-china-silver-necklace","title":{"rendered":"Alte Silber Collier Halskette Gr\u00fcn Jade China silver necklace"},"content":{"rendered":"","protected":false},"excerpt":{"rendered":"<p><strong>Alte Silber Collier Halskette Gr\u00fcn Jade China silver necklace<\/strong><\/p>\n<p>Sehr sch\u00f6nes ausgefallenes dekoratives altes Jade Collier,<br \/>\nin massiver Ausf\u00fchrung, ca. aus den 20er Jahren,<br \/>\nhellgr\u00fcne transpartente polierte Jade Steine,<br \/>\nmit erg\u00e4nzten runden geriffelten Zwischenteilenl in Sterling Silber ,<br \/>\nauf Perlseide neu aufgezogen,<\/p>\n<p>so wie sie aufgezogen wurde, ist sie ein Unikat,<br \/>\nmit Kapseln und Federring in Sterling Silber,<br \/>\nVerschlu\u00df gestempelt: 925<\/p>\n<p>in einem guten sch\u00f6nen Erhaltungszustand<\/p>\n<p>L\u00e4nge : 45 cm<br \/>\nMa\u00dfe des gr\u00f6\u00dften Steinelements (L x Dm): 2,44 x 1,9<\/p>\n","protected":false},"featured_media":78021,"template":"","meta":{"site-sidebar-layout":"default","site-content-layout":"default","ast-site-content-layout":"","site-content-style":"default","site-sidebar-style":"default","ast-global-header-display":"","ast-banner-title-visibility":"","ast-main-header-display":"","ast-hfb-above-header-display":"","ast-hfb-below-header-display":"","ast-hfb-mobile-header-display":"","site-post-title":"","ast-breadcrumbs-content":"","ast-featured-img":"","footer-sml-layout":"","theme-transparent-header-meta":"default","adv-header-id-meta":"","stick-header-meta":"","header-above-stick-meta":"","header-main-stick-meta":"","header-below-stick-meta":"","astra-migrate-meta-layouts":"default","ast-page-background-enabled":"default","ast-page-background-meta":{"desktop":{"background-color":"","background-image":"","background-repeat":"repeat","background-position":"center center","background-size":"auto","background-attachment":"scroll","background-type":"","background-media":"","overlay-type":"","overlay-color":"","overlay-opacity":"","overlay-gradient":""},"tablet":{"background-color":"","background-image":"","background-repeat":"repeat","background-position":"center center","background-size":"auto","background-attachment":"scroll","background-type":"","background-media":"","overlay-type":"","overlay-color":"","overlay-opacity":"","overlay-gradient":""},"mobile":{"background-color":"","background-image":"","background-repeat":"repeat","background-position":"center center","background-size":"auto","background-attachment":"scroll","background-type":"","background-media":"","overlay-type":"","overlay-color":"","overlay-opacity":"","overlay-gradient":""}},"ast-content-background-meta":{"desktop":{"background-color":"var(--ast-global-color-5)","background-image":"","background-repeat":"repeat","background-position":"center center","background-size":"auto","background-attachment":"scroll","background-type":"","background-media":"","overlay-type":"","overlay-color":"","overlay-opacity":"","overlay-gradient":""},"tablet":{"background-color":"var(--ast-global-color-5)","background-image":"","background-repeat":"repeat","background-position":"center center","background-size":"auto","background-attachment":"scroll","background-type":"","background-media":"","overlay-type":"","overlay-color":"","overlay-opacity":"","overlay-gradient":""},"mobile":{"background-color":"var(--ast-global-color-5)","background-image":"","background-repeat":"repeat","background-position":"center center","background-size":"auto","background-attachment":"scroll","background-type":"","background-media":"","overlay-type":"","overlay-color":"","overlay-opacity":"","overlay-gradient":""}}},"product_brand":[],"product_cat":[4801,3559,3572,3582,5078,4322,4325,4321],"product_tag":[4741,5149,3649,3650,3781,3652,3641,3342,3640],"class_list":{"0":"post-78019","1":"product","2":"type-product","3":"status-publish","4":"has-post-thumbnail","6":"product_cat-jade","7":"product_cat-jugendstil","8":"product_cat-juwelen","9":"product_cat-ketten-colliers","10":"product_cat-metall-2","11":"product_cat-periode","12":"product_cat-silber","13":"product_cat-steine","14":"product_tag-20er-jahre","15":"product_tag-20s","16":"product_tag-collier","17":"product_tag-halskette","18":"product_tag-jade","19":"product_tag-necklace","20":"product_tag-silber","21":"product_tag-silver","22":"product_tag-sterling","23":"desktop-align-left","24":"tablet-align-left","25":"mobile-align-left","27":"first","28":"instock","29":"sold-individually","30":"shipping-taxable","31":"purchasable","32":"product-type-simple"},"_links":{"self":[{"href":"https:\/\/www.multimedium.eu\/index.php?rest_route=\/wp\/v2\/product\/78019","targetHints":{"allow":["GET"]}}],"collection":[{"href":"https:\/\/www.multimedium.eu\/index.php?rest_route=\/wp\/v2\/product"}],"about":[{"href":"https:\/\/www.multimedium.eu\/index.php?rest_route=\/wp\/v2\/types\/product"}],"version-history":[{"count":2,"href":"https:\/\/www.multimedium.eu\/index.php?rest_route=\/wp\/v2\/product\/78019\/revisions"}],"predecessor-version":[{"id":83252,"href":"https:\/\/www.multimedium.eu\/index.php?rest_route=\/wp\/v2\/product\/78019\/revisions\/83252"}],"wp:featuredmedia":[{"embeddable":true,"href":"https:\/\/www.multimedium.eu\/index.php?rest_route=\/wp\/v2\/media\/78021"}],"wp:attachment":[{"href":"https:\/\/www.multimedium.eu\/index.php?rest_route=%2Fwp%2Fv2%2Fmedia&parent=78019"}],"wp:term":[{"taxonomy":"product_brand","embeddable":true,"href":"https:\/\/www.multimedium.eu\/index.php?rest_route=%2Fwp%2Fv2%2Fproduct_brand&post=78019"},{"taxonomy":"product_cat","embeddable":true,"href":"https:\/\/www.multimedium.eu\/index.php?rest_route=%2Fwp%2Fv2%2Fproduct_cat&post=78019"},{"taxonomy":"product_tag","embeddable":true,"href":"https:\/\/www.multimedium.eu\/index.php?rest_route=%2Fwp%2Fv2%2Fproduct_tag&post=78019"}],"curies":[{"name":"wp","href":"https:\/\/api.w.org\/{rel}","templated":true}]}}