{"id":78113,"date":"2020-09-08T23:16:39","date_gmt":"2020-09-08T21:16:39","guid":{"rendered":"http:\/\/multimedium.eu\/?post_type=product&#038;p=78113"},"modified":"2025-03-13T09:29:38","modified_gmt":"2025-03-13T08:29:38","slug":"butterscotch-bernstein-silber-armreif-armband-blumen-antik-amber-silver-bracelet","status":"publish","type":"product","link":"https:\/\/www.multimedium.eu\/?product=butterscotch-bernstein-silber-armreif-armband-blumen-antik-amber-silver-bracelet","title":{"rendered":"Butterscotch Bernstein Silber Armreif Armband Blumen Antik amber silver bracelet"},"content":{"rendered":"<h6>Butterscotch Amber Silver Bangle Bracelet Flowers Antique amber silver bracelet<\/h6>\n<p>Exclusive, beautifully crafted vintage butterscotch amber silver bangle in the style of Art Nouveau<br \/>\nwith a large, high-domed, beautiful light yellow set butterscotch amber cabochon,<br \/>\nin oval triangular shape, with inclusions, openwork frame,<br \/>\n4 high-quality workmanship, with the finest flowers, leaves and tendrils and ball soldering,<br \/>\nsolidly processed, nice unusual part,<br \/>\nStamped: 925, silver hallmark and manufacturer&#8217;s mark KC<\/p>\n<p>Amber with signs of wear, otherwise in used, good condition<\/p>\n<p>Inner diameter of the bracelet: (W x H) 6 x 5.2 cm<br \/>\nTop bracelet width: 3.4 cm<\/p>\n","protected":false},"excerpt":{"rendered":"<h6><strong>Butterscotch Bernstein Silber Armreif Armband Blumen Antik amber silver bracelet<\/strong><\/h6>\n<p>Exklusiver, sch\u00f6n gearbeiteter Vintage Butterscotch Bernstein Silber Armreif im Stil des Jugendstils<br \/>\nmit einem gro\u00dfen hochgew\u00f6lbten, sch\u00f6nen hellgelben gefassten Butterscotch Bernstein Cabochon,<br \/>\nin ovaler Dreiecksform, mit Einschl\u00fcssen, Fassung durchbrochen gearbeitet,<br \/>\n4qualit\u00e4tsvolle Verarbeitung, mit feinsten Blumen, Bl\u00e4tter und Ranken und Kugelbel\u00f6tung,<br \/>\nmassiv verarbeitet, sch\u00f6nes ausgefallenes Teil,<br \/>\ngestempelt: 925, Silberpunze und Herstellerpunze KC<\/p>\n<p>Bernstein mit Tragespuren, sonst in einem gebrauchten guten Erhaltungszustand<\/p>\n<p>Innen-Durchmesser des Armbands: (B x H) 6 x 5,2 cm<br \/>\nBreite des Armbands oben: 3,4 cm<\/p>\n","protected":false},"featured_media":78116,"template":"","meta":{"site-sidebar-layout":"default","site-content-layout":"default","ast-site-content-layout":"default","site-content-style":"default","site-sidebar-style":"default","ast-global-header-display":"","ast-banner-title-visibility":"","ast-main-header-display":"","ast-hfb-above-header-display":"","ast-hfb-below-header-display":"","ast-hfb-mobile-header-display":"","site-post-title":"","ast-breadcrumbs-content":"","ast-featured-img":"","footer-sml-layout":"","theme-transparent-header-meta":"default","adv-header-id-meta":"","stick-header-meta":"","header-above-stick-meta":"","header-main-stick-meta":"","header-below-stick-meta":"","astra-migrate-meta-layouts":"set","ast-page-background-enabled":"default","ast-page-background-meta":{"desktop":{"background-color":"","background-image":"","background-repeat":"repeat","background-position":"center center","background-size":"auto","background-attachment":"scroll","background-type":"","background-media":"","overlay-type":"","overlay-color":"","overlay-opacity":"","overlay-gradient":""},"tablet":{"background-color":"","background-image":"","background-repeat":"repeat","background-position":"center center","background-size":"auto","background-attachment":"scroll","background-type":"","background-media":"","overlay-type":"","overlay-color":"","overlay-opacity":"","overlay-gradient":""},"mobile":{"background-color":"","background-image":"","background-repeat":"repeat","background-position":"center center","background-size":"auto","background-attachment":"scroll","background-type":"","background-media":"","overlay-type":"","overlay-color":"","overlay-opacity":"","overlay-gradient":""}},"ast-content-background-meta":{"desktop":{"background-color":"var(--ast-global-color-5)","background-image":"","background-repeat":"repeat","background-position":"center center","background-size":"auto","background-attachment":"scroll","background-type":"","background-media":"","overlay-type":"","overlay-color":"","overlay-opacity":"","overlay-gradient":""},"tablet":{"background-color":"var(--ast-global-color-5)","background-image":"","background-repeat":"repeat","background-position":"center center","background-size":"auto","background-attachment":"scroll","background-type":"","background-media":"","overlay-type":"","overlay-color":"","overlay-opacity":"","overlay-gradient":""},"mobile":{"background-color":"var(--ast-global-color-5)","background-image":"","background-repeat":"repeat","background-position":"center center","background-size":"auto","background-attachment":"scroll","background-type":"","background-media":"","overlay-type":"","overlay-color":"","overlay-opacity":"","overlay-gradient":""}}},"product_brand":[],"product_cat":[3581,3563,3559,3572,5078,4322,4325,4321],"product_tag":[3661,3755,3700,3731,9059,9057,4223,4515,3663,4036,9061,9062,9063,9060,9058,4135,3789,4013,3698,4897,3835,4951,3641,3342,3993,9064],"class_list":{"0":"post-78113","1":"product","2":"type-product","3":"status-publish","4":"has-post-thumbnail","6":"product_cat-armbaender-armreif","7":"product_cat-bernstein","8":"product_cat-jugendstil","9":"product_cat-juwelen","10":"product_cat-metall-2","11":"product_cat-periode","12":"product_cat-silber","13":"product_cat-steine","14":"product_tag-armband","15":"product_tag-armreif","16":"product_tag-art-nouveau","17":"product_tag-bernstein","18":"product_tag-bernstein-armband","19":"product_tag-bernstein-silber-armband","20":"product_tag-blaetter","21":"product_tag-blumen","22":"product_tag-bracelet","23":"product_tag-butterscotch","24":"product_tag-butterscotch-amber","25":"product_tag-butterscotch-amber-bracelet","26":"product_tag-butterscotch-amber-silver-bracelet","27":"product_tag-butterscotch-bernstein","28":"product_tag-butterscotch-bernstein-silber-armband","29":"product_tag-cabochon","30":"product_tag-handarbeit","31":"product_tag-handwork","32":"product_tag-jugendstil","33":"product_tag-kugelbeloetung","34":"product_tag-modernist","35":"product_tag-ranken","36":"product_tag-silber","37":"product_tag-silver","38":"product_tag-vintage","39":"product_tag-vintage-buttercotch-amber-silver-bracelet","40":"desktop-align-left","41":"tablet-align-left","42":"mobile-align-left","44":"first","45":"instock","46":"sold-individually","47":"shipping-taxable","48":"purchasable","49":"product-type-simple"},"_links":{"self":[{"href":"https:\/\/www.multimedium.eu\/index.php?rest_route=\/wp\/v2\/product\/78113","targetHints":{"allow":["GET"]}}],"collection":[{"href":"https:\/\/www.multimedium.eu\/index.php?rest_route=\/wp\/v2\/product"}],"about":[{"href":"https:\/\/www.multimedium.eu\/index.php?rest_route=\/wp\/v2\/types\/product"}],"version-history":[{"count":4,"href":"https:\/\/www.multimedium.eu\/index.php?rest_route=\/wp\/v2\/product\/78113\/revisions"}],"predecessor-version":[{"id":89374,"href":"https:\/\/www.multimedium.eu\/index.php?rest_route=\/wp\/v2\/product\/78113\/revisions\/89374"}],"wp:featuredmedia":[{"embeddable":true,"href":"https:\/\/www.multimedium.eu\/index.php?rest_route=\/wp\/v2\/media\/78116"}],"wp:attachment":[{"href":"https:\/\/www.multimedium.eu\/index.php?rest_route=%2Fwp%2Fv2%2Fmedia&parent=78113"}],"wp:term":[{"taxonomy":"product_brand","embeddable":true,"href":"https:\/\/www.multimedium.eu\/index.php?rest_route=%2Fwp%2Fv2%2Fproduct_brand&post=78113"},{"taxonomy":"product_cat","embeddable":true,"href":"https:\/\/www.multimedium.eu\/index.php?rest_route=%2Fwp%2Fv2%2Fproduct_cat&post=78113"},{"taxonomy":"product_tag","embeddable":true,"href":"https:\/\/www.multimedium.eu\/index.php?rest_route=%2Fwp%2Fv2%2Fproduct_tag&post=78113"}],"curies":[{"name":"wp","href":"https:\/\/api.w.org\/{rel}","templated":true}]}}