{"id":78512,"date":"2020-09-16T23:45:09","date_gmt":"2020-09-16T21:45:09","guid":{"rendered":"http:\/\/multimedium.eu\/?post_type=product&#038;p=78512"},"modified":"2025-03-13T09:29:30","modified_gmt":"2025-03-13T08:29:30","slug":"jugendstil-brosche-silber-amethyst-taube-saatperlen-antik-silver","status":"publish","type":"product","link":"https:\/\/www.multimedium.eu\/?product=jugendstil-brosche-silber-amethyst-taube-saatperlen-antik-silver","title":{"rendered":"Jugendstil Brosche Silber Amethyst Taube Saatperlen antik silver"},"content":{"rendered":"<p>Exceptionally beautiful and rare antique Art Nouveau brooch,<br \/>\nc.1890 or earlier,<br \/>\nin silver, originally gilded<br \/>\nfiligree handwork, openwork,<br \/>\nin the middle with a large oval<br \/>\ncut amethyst stone, in prong setting,<br \/>\ndecorated with a dove on the right and left,<br \/>\nwith fine micro-seed pearls,<br \/>\neach right and left with a small blossom as an ornament,<br \/>\nmarked: Wiener Hundepunze and ES<br \/>\n(Emanuel Schwarz, Vienna, commercial award ceremony 1876,)<br \/>\ntested for silver (at least 800 silver),<br \/>\nSecurity lock added later,<\/p>\n<p>Gilding rubbed, one prong is missing,<br \/>\notherwise in a good, beautiful condition<\/p>\n<p>Width of the brooch: 5.12 cm<br \/>\nHeight of the brooch: 1.85 cm<\/p>\n","protected":false},"excerpt":{"rendered":"<p><strong>Jugendstil Brosche Silber Amethyst Taube Saatperlen antik silver<\/strong><\/p>\n<p>Au\u00dfergew\u00f6hnlich sch\u00f6ne und seltene antike Jugendstil Brosche,<br \/>\num 1890 oder fr\u00fcher,<br \/>\nin Silber, urspr\u00fcnglich vergoldet<br \/>\nfiligrane Handarbeit, durchbrochen gearbeitet,<br \/>\nmittig mit einem gro\u00dfen gefassten ovalen<br \/>\ngeschliffenen Amethyst Stein, in Krappenfassung,<br \/>\nrechts und links gegengleich mit einer Taube verziert,<br \/>\nmit feinen Mikro-Saat-Perlchen,<br \/>\njeweils rechts und links mit kleiner Bl\u00fcte als Verzierung,<br \/>\ngestempelt: Wiener Hundepunze und ES<br \/>\n(Emanuel Schwarz, Wien, Gewerbsverleihung 1876, )<br \/>\nauf Silber gepr\u00fcft (mindestens 800er Silber),<br \/>\nSicherheitsverschlu\u00df sp\u00e4ter hinzugekommen,<\/p>\n<p>Vergoldung berieben, eine Krappe fehlt (Stein sitzt fest),<br \/>\nsonst in einem guten sch\u00f6nen Erhaltungszustand<\/p>\n<p>Breite der Brosche: 5,12 cm<br \/>\nH\u00f6he der Brosche: 1,85 cm<\/p>\n","protected":false},"featured_media":78519,"template":"","meta":{"site-sidebar-layout":"default","site-content-layout":"default","ast-site-content-layout":"","site-content-style":"default","site-sidebar-style":"default","ast-global-header-display":"","ast-banner-title-visibility":"","ast-main-header-display":"","ast-hfb-above-header-display":"","ast-hfb-below-header-display":"","ast-hfb-mobile-header-display":"","site-post-title":"","ast-breadcrumbs-content":"","ast-featured-img":"","footer-sml-layout":"","theme-transparent-header-meta":"default","adv-header-id-meta":"","stick-header-meta":"","header-above-stick-meta":"","header-main-stick-meta":"","header-below-stick-meta":"","astra-migrate-meta-layouts":"default","ast-page-background-enabled":"default","ast-page-background-meta":{"desktop":{"background-color":"","background-image":"","background-repeat":"repeat","background-position":"center center","background-size":"auto","background-attachment":"scroll","background-type":"","background-media":"","overlay-type":"","overlay-color":"","overlay-opacity":"","overlay-gradient":""},"tablet":{"background-color":"","background-image":"","background-repeat":"repeat","background-position":"center center","background-size":"auto","background-attachment":"scroll","background-type":"","background-media":"","overlay-type":"","overlay-color":"","overlay-opacity":"","overlay-gradient":""},"mobile":{"background-color":"","background-image":"","background-repeat":"repeat","background-position":"center center","background-size":"auto","background-attachment":"scroll","background-type":"","background-media":"","overlay-type":"","overlay-color":"","overlay-opacity":"","overlay-gradient":""}},"ast-content-background-meta":{"desktop":{"background-color":"var(--ast-global-color-5)","background-image":"","background-repeat":"repeat","background-position":"center center","background-size":"auto","background-attachment":"scroll","background-type":"","background-media":"","overlay-type":"","overlay-color":"","overlay-opacity":"","overlay-gradient":""},"tablet":{"background-color":"var(--ast-global-color-5)","background-image":"","background-repeat":"repeat","background-position":"center center","background-size":"auto","background-attachment":"scroll","background-type":"","background-media":"","overlay-type":"","overlay-color":"","overlay-opacity":"","overlay-gradient":""},"mobile":{"background-color":"var(--ast-global-color-5)","background-image":"","background-repeat":"repeat","background-position":"center center","background-size":"auto","background-attachment":"scroll","background-type":"","background-media":"","overlay-type":"","overlay-color":"","overlay-opacity":"","overlay-gradient":""}}},"product_brand":[],"product_cat":[4761,3580,3559,3572,5078,4322,4754,4325,4321],"product_tag":[3651,3700,4112,3643,3636,5312,3789,4013,3698,3667,5014,3641,3342,5311,3660],"class_list":{"0":"post-78512","1":"product","2":"type-product","3":"status-publish","4":"has-post-thumbnail","6":"product_cat-amethyst","7":"product_cat-broschen","8":"product_cat-jugendstil","9":"product_cat-juwelen","10":"product_cat-metall-2","11":"product_cat-periode","12":"product_cat-perle","13":"product_cat-silber","14":"product_cat-steine","15":"product_tag-amethyst","16":"product_tag-art-nouveau","17":"product_tag-bluete","18":"product_tag-brooch","19":"product_tag-brosche","20":"product_tag-dove","21":"product_tag-handarbeit","22":"product_tag-handwork","23":"product_tag-jugendstil","24":"product_tag-perle","25":"product_tag-saatperle","26":"product_tag-silber","27":"product_tag-silver","28":"product_tag-taube","29":"product_tag-vergoldet","30":"desktop-align-left","31":"tablet-align-left","32":"mobile-align-left","34":"first","35":"instock","36":"sold-individually","37":"shipping-taxable","38":"purchasable","39":"product-type-simple"},"_links":{"self":[{"href":"https:\/\/www.multimedium.eu\/index.php?rest_route=\/wp\/v2\/product\/78512","targetHints":{"allow":["GET"]}}],"collection":[{"href":"https:\/\/www.multimedium.eu\/index.php?rest_route=\/wp\/v2\/product"}],"about":[{"href":"https:\/\/www.multimedium.eu\/index.php?rest_route=\/wp\/v2\/types\/product"}],"version-history":[{"count":4,"href":"https:\/\/www.multimedium.eu\/index.php?rest_route=\/wp\/v2\/product\/78512\/revisions"}],"predecessor-version":[{"id":82529,"href":"https:\/\/www.multimedium.eu\/index.php?rest_route=\/wp\/v2\/product\/78512\/revisions\/82529"}],"wp:featuredmedia":[{"embeddable":true,"href":"https:\/\/www.multimedium.eu\/index.php?rest_route=\/wp\/v2\/media\/78519"}],"wp:attachment":[{"href":"https:\/\/www.multimedium.eu\/index.php?rest_route=%2Fwp%2Fv2%2Fmedia&parent=78512"}],"wp:term":[{"taxonomy":"product_brand","embeddable":true,"href":"https:\/\/www.multimedium.eu\/index.php?rest_route=%2Fwp%2Fv2%2Fproduct_brand&post=78512"},{"taxonomy":"product_cat","embeddable":true,"href":"https:\/\/www.multimedium.eu\/index.php?rest_route=%2Fwp%2Fv2%2Fproduct_cat&post=78512"},{"taxonomy":"product_tag","embeddable":true,"href":"https:\/\/www.multimedium.eu\/index.php?rest_route=%2Fwp%2Fv2%2Fproduct_tag&post=78512"}],"curies":[{"name":"wp","href":"https:\/\/api.w.org\/{rel}","templated":true}]}}