{"id":78731,"date":"2020-09-21T22:54:11","date_gmt":"2020-09-21T20:54:11","guid":{"rendered":"http:\/\/multimedium.eu\/?post_type=product&#038;p=78731"},"modified":"2025-03-13T09:29:25","modified_gmt":"2025-03-13T08:29:25","slug":"jugendstil-585-gold-anhaenger-perle-saphir-nouveau-sapphire-pendant","status":"publish","type":"product","link":"https:\/\/www.multimedium.eu\/?product=jugendstil-585-gold-anhaenger-perle-saphir-nouveau-sapphire-pendant","title":{"rendered":"Jugendstil 585 Gold Anh\u00e4nger Perle Saphir nouveau sapphire pendant"},"content":{"rendered":"<p>Beautiful decorative Art Nouveau 585 gold pendant, from around 1910,<br \/>\nwith 4 small sapphires and 5 freshwater pearls,<br \/>\nvery nice filigree openwork, decorated with rocailles<br \/>\nindistinctly marked on the eyelet: 585, (additionally tested on 585 gold)<\/p>\n<p>in a good, beautiful condition<\/p>\n<p>Length of the trailer including eyelet and hanger: 1,42&#8243; (3.6 cm)<br \/>\nWidth of the pendant: 1,14&#8243; (2.9 cm)<\/p>\n","protected":false},"excerpt":{"rendered":"<p><strong>Jugendstil 585 Gold Anh\u00e4nger Perle Saphir nouveau sapphire pendant<\/strong><\/p>\n<p>Sch\u00f6ner dekorativer Jugendstil 585er Gold Anh\u00e4nger Jugendstil,<br \/>\nmit 4 kleinen Saphiren und 5 S\u00fc\u00dfwasserperlen um 1910,<br \/>\nsehr sch\u00f6ne filigrane Arbeit,<br \/>\ndurchbrochen, mit Rocaillen verziert gearbeitet<br \/>\nan der \u00d6se undeutlich gestempelt: 585,\u00a0 (zus\u00e4tzlich auf 585er Gold getestet)<\/p>\n<p>in einem guten sch\u00f6nen Erhaltungszustand<\/p>\n<p>L\u00e4nge des Anh\u00e4ngers incl. \u00d6se und Aufh\u00e4nger: 3,6 cm<br \/>\nBreite des Anh\u00e4ngers: 2,9 cm<\/p>\n","protected":false},"featured_media":78734,"template":"","meta":{"site-sidebar-layout":"default","site-content-layout":"default","ast-site-content-layout":"default","site-content-style":"default","site-sidebar-style":"default","ast-global-header-display":"","ast-banner-title-visibility":"","ast-main-header-display":"","ast-hfb-above-header-display":"","ast-hfb-below-header-display":"","ast-hfb-mobile-header-display":"","site-post-title":"","ast-breadcrumbs-content":"","ast-featured-img":"","footer-sml-layout":"","theme-transparent-header-meta":"default","adv-header-id-meta":"","stick-header-meta":"","header-above-stick-meta":"","header-main-stick-meta":"","header-below-stick-meta":"","astra-migrate-meta-layouts":"set","ast-page-background-enabled":"default","ast-page-background-meta":{"desktop":{"background-color":"","background-image":"","background-repeat":"repeat","background-position":"center center","background-size":"auto","background-attachment":"scroll","background-type":"","background-media":"","overlay-type":"","overlay-color":"","overlay-opacity":"","overlay-gradient":""},"tablet":{"background-color":"","background-image":"","background-repeat":"repeat","background-position":"center center","background-size":"auto","background-attachment":"scroll","background-type":"","background-media":"","overlay-type":"","overlay-color":"","overlay-opacity":"","overlay-gradient":""},"mobile":{"background-color":"","background-image":"","background-repeat":"repeat","background-position":"center center","background-size":"auto","background-attachment":"scroll","background-type":"","background-media":"","overlay-type":"","overlay-color":"","overlay-opacity":"","overlay-gradient":""}},"ast-content-background-meta":{"desktop":{"background-color":"var(--ast-global-color-5)","background-image":"","background-repeat":"repeat","background-position":"center center","background-size":"auto","background-attachment":"scroll","background-type":"","background-media":"","overlay-type":"","overlay-color":"","overlay-opacity":"","overlay-gradient":""},"tablet":{"background-color":"var(--ast-global-color-5)","background-image":"","background-repeat":"repeat","background-position":"center center","background-size":"auto","background-attachment":"scroll","background-type":"","background-media":"","overlay-type":"","overlay-color":"","overlay-opacity":"","overlay-gradient":""},"mobile":{"background-color":"var(--ast-global-color-5)","background-image":"","background-repeat":"repeat","background-position":"center center","background-size":"auto","background-attachment":"scroll","background-type":"","background-media":"","overlay-type":"","overlay-color":"","overlay-opacity":"","overlay-gradient":""}}},"product_brand":[],"product_cat":[4450,3564,3559,3572,5078,4322,3576,4791,4321,4320],"product_tag":[3647,3700,3669,3670,4012,3710,3698,3668,3341,3667,5361,4792,4793,5099,4215],"class_list":{"0":"post-78731","1":"product","2":"type-product","3":"status-publish","4":"has-post-thumbnail","6":"product_cat-anhaenger","7":"product_cat-gold","8":"product_cat-jugendstil","9":"product_cat-juwelen","10":"product_cat-metall-2","11":"product_cat-periode","12":"product_cat-perlen","13":"product_cat-saphir","14":"product_cat-steine","15":"product_cat-verkauft","16":"product_tag-anhaenger","17":"product_tag-art-nouveau","18":"product_tag-filigran","19":"product_tag-filigree","20":"product_tag-freshwater-pearls","21":"product_tag-gold","22":"product_tag-jugendstil","23":"product_tag-pearl","24":"product_tag-pendant","25":"product_tag-perle","26":"product_tag-rocallien","27":"product_tag-saphir","28":"product_tag-sapphire","29":"product_tag-suesswasserperle","30":"product_tag-verkauft","31":"desktop-align-left","32":"tablet-align-left","33":"mobile-align-left","35":"first","36":"outofstock","37":"sold-individually","38":"shipping-taxable","39":"product-type-simple"},"_links":{"self":[{"href":"https:\/\/www.multimedium.eu\/index.php?rest_route=\/wp\/v2\/product\/78731","targetHints":{"allow":["GET"]}}],"collection":[{"href":"https:\/\/www.multimedium.eu\/index.php?rest_route=\/wp\/v2\/product"}],"about":[{"href":"https:\/\/www.multimedium.eu\/index.php?rest_route=\/wp\/v2\/types\/product"}],"version-history":[{"count":5,"href":"https:\/\/www.multimedium.eu\/index.php?rest_route=\/wp\/v2\/product\/78731\/revisions"}],"predecessor-version":[{"id":82253,"href":"https:\/\/www.multimedium.eu\/index.php?rest_route=\/wp\/v2\/product\/78731\/revisions\/82253"}],"wp:featuredmedia":[{"embeddable":true,"href":"https:\/\/www.multimedium.eu\/index.php?rest_route=\/wp\/v2\/media\/78734"}],"wp:attachment":[{"href":"https:\/\/www.multimedium.eu\/index.php?rest_route=%2Fwp%2Fv2%2Fmedia&parent=78731"}],"wp:term":[{"taxonomy":"product_brand","embeddable":true,"href":"https:\/\/www.multimedium.eu\/index.php?rest_route=%2Fwp%2Fv2%2Fproduct_brand&post=78731"},{"taxonomy":"product_cat","embeddable":true,"href":"https:\/\/www.multimedium.eu\/index.php?rest_route=%2Fwp%2Fv2%2Fproduct_cat&post=78731"},{"taxonomy":"product_tag","embeddable":true,"href":"https:\/\/www.multimedium.eu\/index.php?rest_route=%2Fwp%2Fv2%2Fproduct_tag&post=78731"}],"curies":[{"name":"wp","href":"https:\/\/api.w.org\/{rel}","templated":true}]}}