{"id":78772,"date":"2020-09-22T00:12:34","date_gmt":"2020-09-21T22:12:34","guid":{"rendered":"http:\/\/multimedium.eu\/?post_type=product&#038;p=78772"},"modified":"2025-03-13T09:29:24","modified_gmt":"2025-03-13T08:29:24","slug":"jugendstil-silber-brosche-amethyst-peridot-arts-and-crafts-silver-brooch","status":"publish","type":"product","link":"https:\/\/www.multimedium.eu\/?product=jugendstil-silber-brosche-amethyst-peridot-arts-and-crafts-silver-brooch","title":{"rendered":"Jugendstil Silber Brosche Amethyst Peridot Arts and crafts silver brooch"},"content":{"rendered":"","protected":false},"excerpt":{"rendered":"<p><strong>Jugendstil Silber Brosche Amethyst Peridot Arts and crafts silver brooch<\/strong><\/p>\n<p>Sch\u00f6ne ausgefallene dekorative Jugendstil Silber Brosche vor 1900,<br \/>\nmit Amethyst- und Peridot Cabochons,<br \/>\nHandarbeit mit sch\u00f6ner Randverzierung,<br \/>\nMittelteil in einer Bl\u00fcte gearbeitet,<br \/>\nhohl verb\u00f6det, wundersch\u00f6nes \u00e4sthetisches Teil aus dem Jugendstil,<br \/>\nungestempelt, auf Silber gepr\u00fcft (mindestens 800er Silber),<\/p>\n<p>guter sch\u00f6ner Erhaltungszustand<\/p>\n<p>L\u00e4nge der Brosche: 7,8 cm<br \/>\nH\u00f6he der Brosche: 2,2 cm<\/p>\n","protected":false},"featured_media":78774,"template":"","meta":{"site-sidebar-layout":"default","site-content-layout":"default","ast-site-content-layout":"","site-content-style":"default","site-sidebar-style":"default","ast-global-header-display":"","ast-banner-title-visibility":"","ast-main-header-display":"","ast-hfb-above-header-display":"","ast-hfb-below-header-display":"","ast-hfb-mobile-header-display":"","site-post-title":"","ast-breadcrumbs-content":"","ast-featured-img":"","footer-sml-layout":"","theme-transparent-header-meta":"default","adv-header-id-meta":"","stick-header-meta":"","header-above-stick-meta":"","header-main-stick-meta":"","header-below-stick-meta":"","astra-migrate-meta-layouts":"default","ast-page-background-enabled":"default","ast-page-background-meta":{"desktop":{"background-color":"","background-image":"","background-repeat":"repeat","background-position":"center center","background-size":"auto","background-attachment":"scroll","background-type":"","background-media":"","overlay-type":"","overlay-color":"","overlay-opacity":"","overlay-gradient":""},"tablet":{"background-color":"","background-image":"","background-repeat":"repeat","background-position":"center center","background-size":"auto","background-attachment":"scroll","background-type":"","background-media":"","overlay-type":"","overlay-color":"","overlay-opacity":"","overlay-gradient":""},"mobile":{"background-color":"","background-image":"","background-repeat":"repeat","background-position":"center center","background-size":"auto","background-attachment":"scroll","background-type":"","background-media":"","overlay-type":"","overlay-color":"","overlay-opacity":"","overlay-gradient":""}},"ast-content-background-meta":{"desktop":{"background-color":"var(--ast-global-color-5)","background-image":"","background-repeat":"repeat","background-position":"center center","background-size":"auto","background-attachment":"scroll","background-type":"","background-media":"","overlay-type":"","overlay-color":"","overlay-opacity":"","overlay-gradient":""},"tablet":{"background-color":"var(--ast-global-color-5)","background-image":"","background-repeat":"repeat","background-position":"center center","background-size":"auto","background-attachment":"scroll","background-type":"","background-media":"","overlay-type":"","overlay-color":"","overlay-opacity":"","overlay-gradient":""},"mobile":{"background-color":"var(--ast-global-color-5)","background-image":"","background-repeat":"repeat","background-position":"center center","background-size":"auto","background-attachment":"scroll","background-type":"","background-media":"","overlay-type":"","overlay-color":"","overlay-opacity":"","overlay-gradient":""}}},"product_brand":[],"product_cat":[4761,3580,3559,3572,5078,5368,4322,4325,4321],"product_tag":[3651,3700,3643,3636,4135,3698,5369,3641,3342],"class_list":{"0":"post-78772","1":"product","2":"type-product","3":"status-publish","4":"has-post-thumbnail","6":"product_cat-amethyst","7":"product_cat-broschen","8":"product_cat-jugendstil","9":"product_cat-juwelen","10":"product_cat-metall-2","11":"product_cat-peridot","12":"product_cat-periode","13":"product_cat-silber","14":"product_cat-steine","15":"product_tag-amethyst","16":"product_tag-art-nouveau","17":"product_tag-brooch","18":"product_tag-brosche","19":"product_tag-cabochon","20":"product_tag-jugendstil","21":"product_tag-peridot","22":"product_tag-silber","23":"product_tag-silver","24":"desktop-align-left","25":"tablet-align-left","26":"mobile-align-left","28":"first","29":"instock","30":"sold-individually","31":"shipping-taxable","32":"purchasable","33":"product-type-simple"},"_links":{"self":[{"href":"https:\/\/www.multimedium.eu\/index.php?rest_route=\/wp\/v2\/product\/78772","targetHints":{"allow":["GET"]}}],"collection":[{"href":"https:\/\/www.multimedium.eu\/index.php?rest_route=\/wp\/v2\/product"}],"about":[{"href":"https:\/\/www.multimedium.eu\/index.php?rest_route=\/wp\/v2\/types\/product"}],"version-history":[{"count":2,"href":"https:\/\/www.multimedium.eu\/index.php?rest_route=\/wp\/v2\/product\/78772\/revisions"}],"predecessor-version":[{"id":83160,"href":"https:\/\/www.multimedium.eu\/index.php?rest_route=\/wp\/v2\/product\/78772\/revisions\/83160"}],"wp:featuredmedia":[{"embeddable":true,"href":"https:\/\/www.multimedium.eu\/index.php?rest_route=\/wp\/v2\/media\/78774"}],"wp:attachment":[{"href":"https:\/\/www.multimedium.eu\/index.php?rest_route=%2Fwp%2Fv2%2Fmedia&parent=78772"}],"wp:term":[{"taxonomy":"product_brand","embeddable":true,"href":"https:\/\/www.multimedium.eu\/index.php?rest_route=%2Fwp%2Fv2%2Fproduct_brand&post=78772"},{"taxonomy":"product_cat","embeddable":true,"href":"https:\/\/www.multimedium.eu\/index.php?rest_route=%2Fwp%2Fv2%2Fproduct_cat&post=78772"},{"taxonomy":"product_tag","embeddable":true,"href":"https:\/\/www.multimedium.eu\/index.php?rest_route=%2Fwp%2Fv2%2Fproduct_tag&post=78772"}],"curies":[{"name":"wp","href":"https:\/\/api.w.org\/{rel}","templated":true}]}}