{"id":78804,"date":"2020-09-22T21:39:22","date_gmt":"2020-09-22T19:39:22","guid":{"rendered":"http:\/\/multimedium.eu\/?post_type=product&#038;p=78804"},"modified":"2025-03-13T09:29:23","modified_gmt":"2025-03-13T08:29:23","slug":"zwernemann-art-deco-silber-anhaenger-935-onyx-ges-gesch-silver-pendant","status":"publish","type":"product","link":"https:\/\/www.multimedium.eu\/?product=zwernemann-art-deco-silber-anhaenger-935-onyx-ges-gesch-silver-pendant","title":{"rendered":"VERKAUFT &#8211; Zwernemann Art Deco Silber Anh\u00e4nger 935 Onyx Ges.Gesch silver pendant"},"content":{"rendered":"","protected":false},"excerpt":{"rendered":"<p>VERKAUFT &#8211; Zwernemann Art Deco Silber Anh\u00e4nger 935 Onyx Ges.Gesch silver pendant<\/p>\n<p>Au\u00dfergew\u00f6hnlicher sch\u00f6ner dekorativer original Art Deco Onyx Silber Anh\u00e4nger<br \/>\nvon H. Zwernemann Hanau um 1930, selten<br \/>\nstreng stilisierte Bl\u00fctenform<br \/>\nSilber stellenweise mit Hammerschlagstruktur,<br \/>\ndreieckiger gratig geschliffnener Onyx,<br \/>\ngest.: Firmenpunze und 935, Ge Gsch (f\u00fcr gesetzlich Gesch\u00fctzt)<\/p>\n<p>in einem guten sch\u00f6nen top Erhaltungszustand<\/p>\n<p>L\u00e4nge des Anh\u00e4ngers mit Aufh\u00e4nger: 4,1 cm<br \/>\nL\u00e4nge ohne Aufh\u00e4nger mit fester \u00d6se: 3,2 cm<br \/>\nBreite des Anh\u00e4ngers: 1,38 cm<\/p>\n","protected":false},"featured_media":78806,"template":"","meta":{"site-sidebar-layout":"default","site-content-layout":"default","ast-site-content-layout":"","site-content-style":"default","site-sidebar-style":"default","ast-global-header-display":"","ast-banner-title-visibility":"","ast-main-header-display":"","ast-hfb-above-header-display":"","ast-hfb-below-header-display":"","ast-hfb-mobile-header-display":"","site-post-title":"","ast-breadcrumbs-content":"","ast-featured-img":"","footer-sml-layout":"","theme-transparent-header-meta":"default","adv-header-id-meta":"","stick-header-meta":"","header-above-stick-meta":"","header-main-stick-meta":"","header-below-stick-meta":"","astra-migrate-meta-layouts":"default","ast-page-background-enabled":"default","ast-page-background-meta":{"desktop":{"background-color":"","background-image":"","background-repeat":"repeat","background-position":"center center","background-size":"auto","background-attachment":"scroll","background-type":"","background-media":"","overlay-type":"","overlay-color":"","overlay-opacity":"","overlay-gradient":""},"tablet":{"background-color":"","background-image":"","background-repeat":"repeat","background-position":"center center","background-size":"auto","background-attachment":"scroll","background-type":"","background-media":"","overlay-type":"","overlay-color":"","overlay-opacity":"","overlay-gradient":""},"mobile":{"background-color":"","background-image":"","background-repeat":"repeat","background-position":"center center","background-size":"auto","background-attachment":"scroll","background-type":"","background-media":"","overlay-type":"","overlay-color":"","overlay-opacity":"","overlay-gradient":""}},"ast-content-background-meta":{"desktop":{"background-color":"var(--ast-global-color-5)","background-image":"","background-repeat":"repeat","background-position":"center center","background-size":"auto","background-attachment":"scroll","background-type":"","background-media":"","overlay-type":"","overlay-color":"","overlay-opacity":"","overlay-gradient":""},"tablet":{"background-color":"var(--ast-global-color-5)","background-image":"","background-repeat":"repeat","background-position":"center center","background-size":"auto","background-attachment":"scroll","background-type":"","background-media":"","overlay-type":"","overlay-color":"","overlay-opacity":"","overlay-gradient":""},"mobile":{"background-color":"var(--ast-global-color-5)","background-image":"","background-repeat":"repeat","background-position":"center center","background-size":"auto","background-attachment":"scroll","background-type":"","background-media":"","overlay-type":"","overlay-color":"","overlay-opacity":"","overlay-gradient":""}}},"product_brand":[],"product_cat":[4450,3806,3572,5078,4899,4322,4325,4321,4320],"product_tag":[3647,3716,4914,5373,5372,3816,3866,3890,3341,3641,3342,4215],"class_list":{"0":"post-78804","1":"product","2":"type-product","3":"status-publish","4":"has-post-thumbnail","6":"product_cat-anhaenger","7":"product_cat-art-deco","8":"product_cat-juwelen","9":"product_cat-metall-2","10":"product_cat-onyx","11":"product_cat-periode","12":"product_cat-silber","13":"product_cat-steine","14":"product_cat-verkauft","15":"product_tag-anhaenger","16":"product_tag-art-deco","17":"product_tag-blueten","18":"product_tag-ges-gesch","19":"product_tag-h-zwernemann","20":"product_tag-hammerschlag","21":"product_tag-hanau","22":"product_tag-onyx","23":"product_tag-pendant","24":"product_tag-silber","25":"product_tag-silver","26":"product_tag-verkauft","27":"desktop-align-left","28":"tablet-align-left","29":"mobile-align-left","31":"first","32":"outofstock","33":"sold-individually","34":"shipping-taxable","35":"product-type-simple"},"_links":{"self":[{"href":"https:\/\/www.multimedium.eu\/index.php?rest_route=\/wp\/v2\/product\/78804","targetHints":{"allow":["GET"]}}],"collection":[{"href":"https:\/\/www.multimedium.eu\/index.php?rest_route=\/wp\/v2\/product"}],"about":[{"href":"https:\/\/www.multimedium.eu\/index.php?rest_route=\/wp\/v2\/types\/product"}],"version-history":[{"count":3,"href":"https:\/\/www.multimedium.eu\/index.php?rest_route=\/wp\/v2\/product\/78804\/revisions"}],"predecessor-version":[{"id":82081,"href":"https:\/\/www.multimedium.eu\/index.php?rest_route=\/wp\/v2\/product\/78804\/revisions\/82081"}],"wp:featuredmedia":[{"embeddable":true,"href":"https:\/\/www.multimedium.eu\/index.php?rest_route=\/wp\/v2\/media\/78806"}],"wp:attachment":[{"href":"https:\/\/www.multimedium.eu\/index.php?rest_route=%2Fwp%2Fv2%2Fmedia&parent=78804"}],"wp:term":[{"taxonomy":"product_brand","embeddable":true,"href":"https:\/\/www.multimedium.eu\/index.php?rest_route=%2Fwp%2Fv2%2Fproduct_brand&post=78804"},{"taxonomy":"product_cat","embeddable":true,"href":"https:\/\/www.multimedium.eu\/index.php?rest_route=%2Fwp%2Fv2%2Fproduct_cat&post=78804"},{"taxonomy":"product_tag","embeddable":true,"href":"https:\/\/www.multimedium.eu\/index.php?rest_route=%2Fwp%2Fv2%2Fproduct_tag&post=78804"}],"curies":[{"name":"wp","href":"https:\/\/api.w.org\/{rel}","templated":true}]}}