{"id":78837,"date":"2020-09-22T22:36:56","date_gmt":"2020-09-22T20:36:56","guid":{"rendered":"http:\/\/multimedium.eu\/?post_type=product&#038;p=78837"},"modified":"2025-03-13T09:29:22","modified_gmt":"2025-03-13T08:29:22","slug":"grosser-art-deco-silber-anhaenger-935-nephrit-jade-large-silver-pendant","status":"publish","type":"product","link":"https:\/\/www.multimedium.eu\/?product=grosser-art-deco-silber-anhaenger-935-nephrit-jade-large-silver-pendant","title":{"rendered":"Gro\u00dfer Art Deco Silber Anh\u00e4nger 935 Nephrit Jade large silver pendant"},"content":{"rendered":"<h6>Large Art Deco silver pendant 935 nephrite jade large silver pendant<\/h6>\n<div class=\"\">\n<div>\n<p>Magnificent, very large beautiful decorative original<br \/>\nArt Nouveau silver pendant from the 1910s<br \/>\nwith a large rectangular, rounded at the edges,<br \/>\nbeautifully polished nephrite jade stone<br \/>\nin eye-catching version with openwork side decoration with floral decoration<br \/>\nwith leaves and spirals with a beautiful suspension with blossom and leaves,<br \/>\nexceptional piece, which adds to this massive processing<br \/>\nas artistically shows to this beautiful version, rare<br \/>\nmarked: 935<\/p>\n<p>in a good beautiful top condition,<\/p>\n<p>Length of pendant with hanger: 2.08&#8243; (5,3 cm)<br \/>\n(without hanger with fixed eyelet: 1,6&#8243; (4,1 cm)<br \/>\nPendant width: 1.28&#8243; (3,25 cm)<\/p>\n<\/div>\n<\/div>\n","protected":false},"excerpt":{"rendered":"<p><strong>Gro\u00dfer Art Deco Silber Anh\u00e4nger 935 Nephrit Jade large silver pendant<\/strong><\/p>\n<p>Prachtvoller, sehr gro\u00dfer sch\u00f6ner dekorativer original<br \/>\nArt Deco Silber Anh\u00e4nger aus den 30er Jahren<br \/>\nmit einem gro\u00dfen rechteckigen, an den Kanten abgerundeten,<br \/>\nsch\u00f6n polierten Nephrit Jade Stein<br \/>\nin auff\u00e4lliger Fassung mit durchbrochener Seitenverzierung mit Blumendekor<br \/>\nmit Bl\u00e4ttern und Spiralen mit sch\u00f6ner Aufh\u00e4ngung mit Bl\u00fcte und Bl\u00e4ttern,<br \/>\nau\u00dfergew\u00f6hnliches St\u00fcck, welches sich zu dieser massiven Verarbeitung<br \/>\nals k\u00fcnstlerisch zu dieser sch\u00f6nen Fassung zeigt, selten<br \/>\ngestempelt: 935<\/p>\n<p>in einem guten sch\u00f6nen top Erhaltungszustand,<\/p>\n<p>L\u00e4nge des Anh\u00e4ngers mit Aufh\u00e4nger: 5,3 cm<br \/>\n(ohne Aufh\u00e4nger mit fester \u00d6se: 4,1 cm)<br \/>\nBreite des Anh\u00e4ngers: 3,25 cm<\/p>\n","protected":false},"featured_media":78839,"template":"","meta":{"site-sidebar-layout":"default","site-content-layout":"default","ast-site-content-layout":"","site-content-style":"default","site-sidebar-style":"default","ast-global-header-display":"","ast-banner-title-visibility":"","ast-main-header-display":"","ast-hfb-above-header-display":"","ast-hfb-below-header-display":"","ast-hfb-mobile-header-display":"","site-post-title":"","ast-breadcrumbs-content":"","ast-featured-img":"","footer-sml-layout":"","theme-transparent-header-meta":"default","adv-header-id-meta":"","stick-header-meta":"","header-above-stick-meta":"","header-main-stick-meta":"","header-below-stick-meta":"","astra-migrate-meta-layouts":"default","ast-page-background-enabled":"default","ast-page-background-meta":{"desktop":{"background-color":"","background-image":"","background-repeat":"repeat","background-position":"center center","background-size":"auto","background-attachment":"scroll","background-type":"","background-media":"","overlay-type":"","overlay-color":"","overlay-opacity":"","overlay-gradient":""},"tablet":{"background-color":"","background-image":"","background-repeat":"repeat","background-position":"center center","background-size":"auto","background-attachment":"scroll","background-type":"","background-media":"","overlay-type":"","overlay-color":"","overlay-opacity":"","overlay-gradient":""},"mobile":{"background-color":"","background-image":"","background-repeat":"repeat","background-position":"center center","background-size":"auto","background-attachment":"scroll","background-type":"","background-media":"","overlay-type":"","overlay-color":"","overlay-opacity":"","overlay-gradient":""}},"ast-content-background-meta":{"desktop":{"background-color":"var(--ast-global-color-5)","background-image":"","background-repeat":"repeat","background-position":"center center","background-size":"auto","background-attachment":"scroll","background-type":"","background-media":"","overlay-type":"","overlay-color":"","overlay-opacity":"","overlay-gradient":""},"tablet":{"background-color":"var(--ast-global-color-5)","background-image":"","background-repeat":"repeat","background-position":"center center","background-size":"auto","background-attachment":"scroll","background-type":"","background-media":"","overlay-type":"","overlay-color":"","overlay-opacity":"","overlay-gradient":""},"mobile":{"background-color":"var(--ast-global-color-5)","background-image":"","background-repeat":"repeat","background-position":"center center","background-size":"auto","background-attachment":"scroll","background-type":"","background-media":"","overlay-type":"","overlay-color":"","overlay-opacity":"","overlay-gradient":""}}},"product_brand":[],"product_cat":[4450,3806,4801,3572,5078,5378,4322,4325,4321],"product_tag":[4565,4590,3647,3716,4223,4515,4112,3781,5379,3341,3641,3342,4141],"class_list":{"0":"post-78837","1":"product","2":"type-product","3":"status-publish","4":"has-post-thumbnail","6":"product_cat-anhaenger","7":"product_cat-art-deco","8":"product_cat-jade","9":"product_cat-juwelen","10":"product_cat-metall-2","11":"product_cat-nephrit","12":"product_cat-periode","13":"product_cat-silber","14":"product_cat-steine","15":"product_tag-30er-jahre","16":"product_tag-30s","17":"product_tag-anhaenger","18":"product_tag-art-deco","19":"product_tag-blaetter","20":"product_tag-blumen","21":"product_tag-bluete","22":"product_tag-jade","23":"product_tag-nephrit","24":"product_tag-pendant","25":"product_tag-silber","26":"product_tag-silver","27":"product_tag-spiralen","28":"desktop-align-left","29":"tablet-align-left","30":"mobile-align-left","32":"first","33":"instock","34":"sold-individually","35":"shipping-taxable","36":"purchasable","37":"product-type-simple"},"_links":{"self":[{"href":"https:\/\/www.multimedium.eu\/index.php?rest_route=\/wp\/v2\/product\/78837","targetHints":{"allow":["GET"]}}],"collection":[{"href":"https:\/\/www.multimedium.eu\/index.php?rest_route=\/wp\/v2\/product"}],"about":[{"href":"https:\/\/www.multimedium.eu\/index.php?rest_route=\/wp\/v2\/types\/product"}],"version-history":[{"count":6,"href":"https:\/\/www.multimedium.eu\/index.php?rest_route=\/wp\/v2\/product\/78837\/revisions"}],"predecessor-version":[{"id":88119,"href":"https:\/\/www.multimedium.eu\/index.php?rest_route=\/wp\/v2\/product\/78837\/revisions\/88119"}],"wp:featuredmedia":[{"embeddable":true,"href":"https:\/\/www.multimedium.eu\/index.php?rest_route=\/wp\/v2\/media\/78839"}],"wp:attachment":[{"href":"https:\/\/www.multimedium.eu\/index.php?rest_route=%2Fwp%2Fv2%2Fmedia&parent=78837"}],"wp:term":[{"taxonomy":"product_brand","embeddable":true,"href":"https:\/\/www.multimedium.eu\/index.php?rest_route=%2Fwp%2Fv2%2Fproduct_brand&post=78837"},{"taxonomy":"product_cat","embeddable":true,"href":"https:\/\/www.multimedium.eu\/index.php?rest_route=%2Fwp%2Fv2%2Fproduct_cat&post=78837"},{"taxonomy":"product_tag","embeddable":true,"href":"https:\/\/www.multimedium.eu\/index.php?rest_route=%2Fwp%2Fv2%2Fproduct_tag&post=78837"}],"curies":[{"name":"wp","href":"https:\/\/api.w.org\/{rel}","templated":true}]}}