{"id":78843,"date":"2020-09-22T22:50:36","date_gmt":"2020-09-22T20:50:36","guid":{"rendered":"http:\/\/multimedium.eu\/?post_type=product&#038;p=78843"},"modified":"2025-03-13T09:29:20","modified_gmt":"2025-03-13T08:29:20","slug":"historismus-800-silber-4-tee-loeffel-besteck-bruckmann-gesicht-2","status":"publish","type":"product","link":"https:\/\/www.multimedium.eu\/?product=historismus-800-silber-4-tee-loeffel-besteck-bruckmann-gesicht-2","title":{"rendered":"Historismus 800 Silber 4 Tee L\u00f6ffel Besteck Bruckmann Gesicht"},"content":{"rendered":"","protected":false},"excerpt":{"rendered":"<p><strong>Historismus 800 Silber 4 Tee L\u00f6ffel Besteck Bruckmann Gesicht<\/strong><\/p>\n<p>Prunkvolles massives Historismus 800 Silber Besteck von der Firma Bruckmann,<br \/>\nbestehend aus 4 Teel\u00f6ffel<br \/>\nDeutschland um 1880\/90<br \/>\nsammelw\u00fcrdig, ausgefallene Historismus-Form<br \/>\ngestempelt:\u00a0 800, Mond Krone, Herstellerpunze<\/p>\n<p>Vergoldung der Laffe berieben,<br \/>\nsonst guter sch\u00f6ner Erhaltungszustand<\/p>\n<p>L\u00e4nge des gro\u00dfen L\u00f6ffels: 18,7 cm<br \/>\nBreite des gro\u00dfen L\u00f6ffels:\u00a0 4,4 cm<\/p>\n<p>Angebot f\u00fcr passenden Sahne-L\u00f6ffel dazu: siehe in meinem Shop<\/p>\n","protected":false},"featured_media":78847,"template":"","meta":{"site-sidebar-layout":"default","site-content-layout":"default","ast-site-content-layout":"","site-content-style":"default","site-sidebar-style":"default","ast-global-header-display":"","ast-banner-title-visibility":"","ast-main-header-display":"","ast-hfb-above-header-display":"","ast-hfb-below-header-display":"","ast-hfb-mobile-header-display":"","site-post-title":"","ast-breadcrumbs-content":"","ast-featured-img":"","footer-sml-layout":"","theme-transparent-header-meta":"default","adv-header-id-meta":"","stick-header-meta":"","header-above-stick-meta":"","header-main-stick-meta":"","header-below-stick-meta":"","astra-migrate-meta-layouts":"default","ast-page-background-enabled":"default","ast-page-background-meta":{"desktop":{"background-color":"","background-image":"","background-repeat":"repeat","background-position":"center center","background-size":"auto","background-attachment":"scroll","background-type":"","background-media":"","overlay-type":"","overlay-color":"","overlay-opacity":"","overlay-gradient":""},"tablet":{"background-color":"","background-image":"","background-repeat":"repeat","background-position":"center center","background-size":"auto","background-attachment":"scroll","background-type":"","background-media":"","overlay-type":"","overlay-color":"","overlay-opacity":"","overlay-gradient":""},"mobile":{"background-color":"","background-image":"","background-repeat":"repeat","background-position":"center center","background-size":"auto","background-attachment":"scroll","background-type":"","background-media":"","overlay-type":"","overlay-color":"","overlay-opacity":"","overlay-gradient":""}},"ast-content-background-meta":{"desktop":{"background-color":"var(--ast-global-color-5)","background-image":"","background-repeat":"repeat","background-position":"center center","background-size":"auto","background-attachment":"scroll","background-type":"","background-media":"","overlay-type":"","overlay-color":"","overlay-opacity":"","overlay-gradient":""},"tablet":{"background-color":"var(--ast-global-color-5)","background-image":"","background-repeat":"repeat","background-position":"center center","background-size":"auto","background-attachment":"scroll","background-type":"","background-media":"","overlay-type":"","overlay-color":"","overlay-opacity":"","overlay-gradient":""},"mobile":{"background-color":"var(--ast-global-color-5)","background-image":"","background-repeat":"repeat","background-position":"center center","background-size":"auto","background-attachment":"scroll","background-type":"","background-media":"","overlay-type":"","overlay-color":"","overlay-opacity":"","overlay-gradient":""}}},"product_brand":[],"product_cat":[4121,4324,5078,4322,4325,3620],"product_tag":[4398,5253,3735,3980,4414,3641,3342,4397],"class_list":{"0":"post-78843","1":"product","2":"type-product","3":"status-publish","4":"has-post-thumbnail","6":"product_cat-historismus","7":"product_cat-kunstobjekte","8":"product_cat-metall-2","9":"product_cat-periode","10":"product_cat-silber","11":"product_cat-silber-objekte","12":"product_tag-besteck","13":"product_tag-bruckmann","14":"product_tag-gesicht","15":"product_tag-historismus","16":"product_tag-loeffel","17":"product_tag-silber","18":"product_tag-silver","19":"product_tag-teeloeffel","20":"desktop-align-left","21":"tablet-align-left","22":"mobile-align-left","24":"first","25":"instock","26":"sold-individually","27":"shipping-taxable","28":"purchasable","29":"product-type-simple"},"_links":{"self":[{"href":"https:\/\/www.multimedium.eu\/index.php?rest_route=\/wp\/v2\/product\/78843","targetHints":{"allow":["GET"]}}],"collection":[{"href":"https:\/\/www.multimedium.eu\/index.php?rest_route=\/wp\/v2\/product"}],"about":[{"href":"https:\/\/www.multimedium.eu\/index.php?rest_route=\/wp\/v2\/types\/product"}],"version-history":[{"count":2,"href":"https:\/\/www.multimedium.eu\/index.php?rest_route=\/wp\/v2\/product\/78843\/revisions"}],"predecessor-version":[{"id":83155,"href":"https:\/\/www.multimedium.eu\/index.php?rest_route=\/wp\/v2\/product\/78843\/revisions\/83155"}],"wp:featuredmedia":[{"embeddable":true,"href":"https:\/\/www.multimedium.eu\/index.php?rest_route=\/wp\/v2\/media\/78847"}],"wp:attachment":[{"href":"https:\/\/www.multimedium.eu\/index.php?rest_route=%2Fwp%2Fv2%2Fmedia&parent=78843"}],"wp:term":[{"taxonomy":"product_brand","embeddable":true,"href":"https:\/\/www.multimedium.eu\/index.php?rest_route=%2Fwp%2Fv2%2Fproduct_brand&post=78843"},{"taxonomy":"product_cat","embeddable":true,"href":"https:\/\/www.multimedium.eu\/index.php?rest_route=%2Fwp%2Fv2%2Fproduct_cat&post=78843"},{"taxonomy":"product_tag","embeddable":true,"href":"https:\/\/www.multimedium.eu\/index.php?rest_route=%2Fwp%2Fv2%2Fproduct_tag&post=78843"}],"curies":[{"name":"wp","href":"https:\/\/api.w.org\/{rel}","templated":true}]}}