{"id":78906,"date":"2020-09-24T21:07:03","date_gmt":"2020-09-24T19:07:03","guid":{"rendered":"http:\/\/multimedium.eu\/?post_type=product&#038;p=78906"},"modified":"2025-03-13T09:29:19","modified_gmt":"2025-03-13T08:29:19","slug":"grosse-dekorative-jugendstil-silber-brosche-20er-jahre-handarbeit-rar-traumstueck","status":"publish","type":"product","link":"https:\/\/www.multimedium.eu\/?product=grosse-dekorative-jugendstil-silber-brosche-20er-jahre-handarbeit-rar-traumstueck","title":{"rendered":"Gro\u00dfe dekorative Jugendstil Silber Brosche 20er Jahre Handarbeit rar Traumst\u00fcck"},"content":{"rendered":"","protected":false},"excerpt":{"rendered":"<p><strong>Gro\u00dfe dekorative Jugendstil Silber Brosche 20er Jahre Handarbeit rar Traumst\u00fcck<\/strong><\/p>\n<p>Gro\u00dfe dekorative Jugendstil-Brosche aus den 20er Jahren<br \/>\ndurchbrochen gearbeitet, und aufwendig zsiseliert, Handarbeit<br \/>\nan den Seiten abgeschr\u00e4gt, einfache Broschierung (mit Hakenverschlu\u00df)<br \/>\nselten in dieser Gr\u00f6\u00dfe, ein Traumst\u00fcck<br \/>\nSilber gest.: Metallkunst, Handarbeit, 800<\/p>\n<p>in einem guten sch\u00f6nen Erhaltungszustand<\/p>\n<p>L\u00e4nge der Brosche: 7,5 cm<br \/>\nBreite der Brosche: 3 cm<\/p>\n","protected":false},"featured_media":78909,"template":"","meta":{"site-sidebar-layout":"default","site-content-layout":"default","ast-site-content-layout":"","site-content-style":"default","site-sidebar-style":"default","ast-global-header-display":"","ast-banner-title-visibility":"","ast-main-header-display":"","ast-hfb-above-header-display":"","ast-hfb-below-header-display":"","ast-hfb-mobile-header-display":"","site-post-title":"","ast-breadcrumbs-content":"","ast-featured-img":"","footer-sml-layout":"","theme-transparent-header-meta":"default","adv-header-id-meta":"","stick-header-meta":"","header-above-stick-meta":"","header-main-stick-meta":"","header-below-stick-meta":"","astra-migrate-meta-layouts":"default","ast-page-background-enabled":"default","ast-page-background-meta":{"desktop":{"background-color":"","background-image":"","background-repeat":"repeat","background-position":"center center","background-size":"auto","background-attachment":"scroll","background-type":"","background-media":"","overlay-type":"","overlay-color":"","overlay-opacity":"","overlay-gradient":""},"tablet":{"background-color":"","background-image":"","background-repeat":"repeat","background-position":"center center","background-size":"auto","background-attachment":"scroll","background-type":"","background-media":"","overlay-type":"","overlay-color":"","overlay-opacity":"","overlay-gradient":""},"mobile":{"background-color":"","background-image":"","background-repeat":"repeat","background-position":"center center","background-size":"auto","background-attachment":"scroll","background-type":"","background-media":"","overlay-type":"","overlay-color":"","overlay-opacity":"","overlay-gradient":""}},"ast-content-background-meta":{"desktop":{"background-color":"var(--ast-global-color-5)","background-image":"","background-repeat":"repeat","background-position":"center center","background-size":"auto","background-attachment":"scroll","background-type":"","background-media":"","overlay-type":"","overlay-color":"","overlay-opacity":"","overlay-gradient":""},"tablet":{"background-color":"var(--ast-global-color-5)","background-image":"","background-repeat":"repeat","background-position":"center center","background-size":"auto","background-attachment":"scroll","background-type":"","background-media":"","overlay-type":"","overlay-color":"","overlay-opacity":"","overlay-gradient":""},"mobile":{"background-color":"var(--ast-global-color-5)","background-image":"","background-repeat":"repeat","background-position":"center center","background-size":"auto","background-attachment":"scroll","background-type":"","background-media":"","overlay-type":"","overlay-color":"","overlay-opacity":"","overlay-gradient":""}}},"product_brand":[],"product_cat":[3580,3559,3572,4322],"product_tag":[4741,5149,3700,3643,3636,3789,3698,3929,3810],"class_list":{"0":"post-78906","1":"product","2":"type-product","3":"status-publish","4":"has-post-thumbnail","6":"product_cat-broschen","7":"product_cat-jugendstil","8":"product_cat-juwelen","9":"product_cat-periode","10":"product_tag-20er-jahre","11":"product_tag-20s","12":"product_tag-art-nouveau","13":"product_tag-brooch","14":"product_tag-brosche","15":"product_tag-handarbeit","16":"product_tag-jugendstil","17":"product_tag-metal","18":"product_tag-metall","19":"desktop-align-left","20":"tablet-align-left","21":"mobile-align-left","23":"first","24":"instock","25":"sold-individually","26":"shipping-taxable","27":"purchasable","28":"product-type-simple"},"_links":{"self":[{"href":"https:\/\/www.multimedium.eu\/index.php?rest_route=\/wp\/v2\/product\/78906","targetHints":{"allow":["GET"]}}],"collection":[{"href":"https:\/\/www.multimedium.eu\/index.php?rest_route=\/wp\/v2\/product"}],"about":[{"href":"https:\/\/www.multimedium.eu\/index.php?rest_route=\/wp\/v2\/types\/product"}],"version-history":[{"count":2,"href":"https:\/\/www.multimedium.eu\/index.php?rest_route=\/wp\/v2\/product\/78906\/revisions"}],"predecessor-version":[{"id":83147,"href":"https:\/\/www.multimedium.eu\/index.php?rest_route=\/wp\/v2\/product\/78906\/revisions\/83147"}],"wp:featuredmedia":[{"embeddable":true,"href":"https:\/\/www.multimedium.eu\/index.php?rest_route=\/wp\/v2\/media\/78909"}],"wp:attachment":[{"href":"https:\/\/www.multimedium.eu\/index.php?rest_route=%2Fwp%2Fv2%2Fmedia&parent=78906"}],"wp:term":[{"taxonomy":"product_brand","embeddable":true,"href":"https:\/\/www.multimedium.eu\/index.php?rest_route=%2Fwp%2Fv2%2Fproduct_brand&post=78906"},{"taxonomy":"product_cat","embeddable":true,"href":"https:\/\/www.multimedium.eu\/index.php?rest_route=%2Fwp%2Fv2%2Fproduct_cat&post=78906"},{"taxonomy":"product_tag","embeddable":true,"href":"https:\/\/www.multimedium.eu\/index.php?rest_route=%2Fwp%2Fv2%2Fproduct_tag&post=78906"}],"curies":[{"name":"wp","href":"https:\/\/api.w.org\/{rel}","templated":true}]}}