{"id":79367,"date":"2020-09-30T22:57:22","date_gmt":"2020-09-30T20:57:22","guid":{"rendered":"http:\/\/multimedium.eu\/?post_type=product&#038;p=79367"},"modified":"2025-03-13T09:29:08","modified_gmt":"2025-03-13T08:29:08","slug":"puppenhaus-50er-jahre-komplette-einrichtung-mit-2-figuren-dollhouse-raritaet","status":"publish","type":"product","link":"https:\/\/www.multimedium.eu\/?product=puppenhaus-50er-jahre-komplette-einrichtung-mit-2-figuren-dollhouse-raritaet","title":{"rendered":"Puppenhaus 50er Jahre komplette Einrichtung mit 2 Figuren Dollhouse Rarit\u00e4t"},"content":{"rendered":"","protected":false},"excerpt":{"rendered":"<p><strong>Puppenhaus 50er Jahre komplette Einrichtung mit 2 Figuren Dollhouse Rarit\u00e4t<\/strong><\/p>\n<p>Interessantes sch\u00f6nes Puppenhaus, original aus den 50er Jahren<br \/>\nmit vielen einzelnen Teilen,<br \/>\ndazu extra einen Lehrer und eine Dame (Mutti),<br \/>\ndie auch evtl. etwas \u00e4lter sein kann (Herstelllungsdatum)<br \/>\ninteressant sind auch eine Lampe, (Schlafzimmerlampe) mit Stecker,<br \/>\ndazu gibt es zwei Trafos f\u00fcr die Stromversorgung, ist von mir aber nicht ausprobiert worden,<br \/>\nd.h. ich wei\u00df nicht, wie das ganze funktioniert,<br \/>\ndas obere Stockwerk ist aufgesetzt, d.h abnehmbar<br \/>\nlinks oben befindet sich eine Terasse mit Terassenm\u00f6beln,<br \/>\nund von oben mit Blumenk\u00e4sten umrandet,<br \/>\neinige K\u00e4sten m\u00fc\u00dften mit den Pflanzen aufgepeppt werden, da einige Pflanzen es etwas br\u00f6selig ist<br \/>\nvon der Veranda aus geht eine T\u00fcre, die ge\u00f6ffnet werden kann in das Klassenzimmer<br \/>\nda ich das gesamte Packet des Hauses einzeln eingepackt bekam,<br \/>\nhabe ich die M\u00f6bel so gestellt, da\u00df man sehen kann was es alles gibt, d.h. es bleibt jeden selbst \u00fcberlassen,<br \/>\nwie er die Zimmer zusammenstellt, oder auch anders erg\u00e4nzt<br \/>\nPuppenstube und Einzelteile befinden sich in einem guten Erhaltungszustand<br \/>\nalterbedingte Gebrauchsspuren, da nat\u00fcrlich mit den Teilen gespielt wurde,<br \/>\naber der Gesamtzustand ist gut.<br \/>\nVersand, (kann auch auf Kosten des K\u00e4ufers abgeholt werden)<\/p>\n<p>Puppenhaus oben:<br \/>\nH\u00f6he : 18,5 cm<br \/>\nBreite : 75 cm<br \/>\nTiefe: 26,5 cm<\/p>\n<p>Puppenhaus unten:<br \/>\nH\u00f6he : 24 cm<br \/>\nBreite : 74,5 cm<br \/>\nTiefe: 34cm<\/p>\n","protected":false},"featured_media":79380,"template":"","meta":{"site-sidebar-layout":"default","site-content-layout":"default","ast-site-content-layout":"","site-content-style":"default","site-sidebar-style":"default","ast-global-header-display":"","ast-banner-title-visibility":"","ast-main-header-display":"","ast-hfb-above-header-display":"","ast-hfb-below-header-display":"","ast-hfb-mobile-header-display":"","site-post-title":"","ast-breadcrumbs-content":"","ast-featured-img":"","footer-sml-layout":"","theme-transparent-header-meta":"default","adv-header-id-meta":"","stick-header-meta":"","header-above-stick-meta":"","header-main-stick-meta":"","header-below-stick-meta":"","astra-migrate-meta-layouts":"default","ast-page-background-enabled":"default","ast-page-background-meta":{"desktop":{"background-color":"","background-image":"","background-repeat":"repeat","background-position":"center center","background-size":"auto","background-attachment":"scroll","background-type":"","background-media":"","overlay-type":"","overlay-color":"","overlay-opacity":"","overlay-gradient":""},"tablet":{"background-color":"","background-image":"","background-repeat":"repeat","background-position":"center center","background-size":"auto","background-attachment":"scroll","background-type":"","background-media":"","overlay-type":"","overlay-color":"","overlay-opacity":"","overlay-gradient":""},"mobile":{"background-color":"","background-image":"","background-repeat":"repeat","background-position":"center center","background-size":"auto","background-attachment":"scroll","background-type":"","background-media":"","overlay-type":"","overlay-color":"","overlay-opacity":"","overlay-gradient":""}},"ast-content-background-meta":{"desktop":{"background-color":"var(--ast-global-color-5)","background-image":"","background-repeat":"repeat","background-position":"center center","background-size":"auto","background-attachment":"scroll","background-type":"","background-media":"","overlay-type":"","overlay-color":"","overlay-opacity":"","overlay-gradient":""},"tablet":{"background-color":"var(--ast-global-color-5)","background-image":"","background-repeat":"repeat","background-position":"center center","background-size":"auto","background-attachment":"scroll","background-type":"","background-media":"","overlay-type":"","overlay-color":"","overlay-opacity":"","overlay-gradient":""},"mobile":{"background-color":"var(--ast-global-color-5)","background-image":"","background-repeat":"repeat","background-position":"center center","background-size":"auto","background-attachment":"scroll","background-type":"","background-media":"","overlay-type":"","overlay-color":"","overlay-opacity":"","overlay-gradient":""}}},"product_brand":[],"product_cat":[3561,4324,4322,3510,4320],"product_tag":[4490,4584,5458,5456,5457,4215],"class_list":{"0":"post-79367","1":"product","2":"type-product","3":"status-publish","4":"has-post-thumbnail","6":"product_cat-design-nach-1945","7":"product_cat-kunstobjekte","8":"product_cat-periode","9":"product_cat-spielzeug","10":"product_cat-verkauft","11":"product_tag-50er-jahre","12":"product_tag-50s","13":"product_tag-dollhouse","14":"product_tag-puppenhaus","15":"product_tag-puppenstube","16":"product_tag-verkauft","17":"desktop-align-left","18":"tablet-align-left","19":"mobile-align-left","21":"first","22":"outofstock","23":"sold-individually","24":"shipping-taxable","25":"product-type-simple"},"_links":{"self":[{"href":"https:\/\/www.multimedium.eu\/index.php?rest_route=\/wp\/v2\/product\/79367","targetHints":{"allow":["GET"]}}],"collection":[{"href":"https:\/\/www.multimedium.eu\/index.php?rest_route=\/wp\/v2\/product"}],"about":[{"href":"https:\/\/www.multimedium.eu\/index.php?rest_route=\/wp\/v2\/types\/product"}],"version-history":[{"count":3,"href":"https:\/\/www.multimedium.eu\/index.php?rest_route=\/wp\/v2\/product\/79367\/revisions"}],"predecessor-version":[{"id":83086,"href":"https:\/\/www.multimedium.eu\/index.php?rest_route=\/wp\/v2\/product\/79367\/revisions\/83086"}],"wp:featuredmedia":[{"embeddable":true,"href":"https:\/\/www.multimedium.eu\/index.php?rest_route=\/wp\/v2\/media\/79380"}],"wp:attachment":[{"href":"https:\/\/www.multimedium.eu\/index.php?rest_route=%2Fwp%2Fv2%2Fmedia&parent=79367"}],"wp:term":[{"taxonomy":"product_brand","embeddable":true,"href":"https:\/\/www.multimedium.eu\/index.php?rest_route=%2Fwp%2Fv2%2Fproduct_brand&post=79367"},{"taxonomy":"product_cat","embeddable":true,"href":"https:\/\/www.multimedium.eu\/index.php?rest_route=%2Fwp%2Fv2%2Fproduct_cat&post=79367"},{"taxonomy":"product_tag","embeddable":true,"href":"https:\/\/www.multimedium.eu\/index.php?rest_route=%2Fwp%2Fv2%2Fproduct_tag&post=79367"}],"curies":[{"name":"wp","href":"https:\/\/api.w.org\/{rel}","templated":true}]}}