{"id":79392,"date":"2020-09-30T23:18:03","date_gmt":"2020-09-30T21:18:03","guid":{"rendered":"http:\/\/multimedium.eu\/?post_type=product&#038;p=79392"},"modified":"2025-12-22T14:40:32","modified_gmt":"2025-12-22T13:40:32","slug":"art-deco-anhaenger-silber-835-hans-przyrembel-leipzig-silver-pendant","status":"publish","type":"product","link":"https:\/\/www.multimedium.eu\/?product=art-deco-anhaenger-silber-835-hans-przyrembel-leipzig-silver-pendant","title":{"rendered":"Art Deco Anh\u00e4nger Silber 835 Hans Przyrembel Leipzig silver pendant"},"content":{"rendered":"<h6>Art Deco Silver Pendant, 835, Hans Przyrembel, Leipzig<\/h6>\n<p>Beautiful decorative Art Deco 835 silver pendant,<\/p>\n<p>signed Hans Przyrembel, Leipzig, circa 1935,<\/p>\n<p>handmade, sawn and chased, round, slightly domed shape,<br \/>\nstylized and chased floral motifs<\/p>\n<p>stamped: 835 HP<\/p>\n<p>in good, attractive condition<\/p>\n<p>Height of pendant including bail: 5.2 cm<br \/>\nDiameter of pendant: 4 cm<\/p>\n","protected":false},"excerpt":{"rendered":"<h6><strong>Art Deco Anh\u00e4nger Silber 835 Hans Przyrembel Leipzig silver pendant<\/strong><\/h6>\n<p>Sch\u00f6ner dekorativer Art Deco 835er Silber Anh\u00e4nger,<br \/>\nsigniert Hans Przyrembel, Leipzig um 1935,<br \/>\nHandarbeit, ges\u00e4gt und ziseliert, runde, leicht gew\u00f6lbte Form,<br \/>\nstilisierte und floral ziselierte Blumen<br \/>\ngestempelt: 835 HP<\/p>\n<p>in einem guten sch\u00f6nen Erhaltungszustand<\/p>\n<p>H\u00f6he des Anh\u00e4ngers incl. Aufh\u00e4nger-\u00d6se: 5,2 cm<br \/>\nDurchmesser des Anh\u00e4ngers: 4 cm<\/p>\n","protected":false},"featured_media":79394,"template":"","meta":{"site-sidebar-layout":"default","site-content-layout":"default","ast-site-content-layout":"default","site-content-style":"default","site-sidebar-style":"default","ast-global-header-display":"","ast-banner-title-visibility":"","ast-main-header-display":"","ast-hfb-above-header-display":"","ast-hfb-below-header-display":"","ast-hfb-mobile-header-display":"","site-post-title":"","ast-breadcrumbs-content":"","ast-featured-img":"","footer-sml-layout":"","theme-transparent-header-meta":"default","adv-header-id-meta":"","stick-header-meta":"","header-above-stick-meta":"","header-main-stick-meta":"","header-below-stick-meta":"","astra-migrate-meta-layouts":"set","ast-page-background-enabled":"default","ast-page-background-meta":{"desktop":{"background-color":"","background-image":"","background-repeat":"repeat","background-position":"center center","background-size":"auto","background-attachment":"scroll","background-type":"","background-media":"","overlay-type":"","overlay-color":"","overlay-opacity":"","overlay-gradient":""},"tablet":{"background-color":"","background-image":"","background-repeat":"repeat","background-position":"center center","background-size":"auto","background-attachment":"scroll","background-type":"","background-media":"","overlay-type":"","overlay-color":"","overlay-opacity":"","overlay-gradient":""},"mobile":{"background-color":"","background-image":"","background-repeat":"repeat","background-position":"center center","background-size":"auto","background-attachment":"scroll","background-type":"","background-media":"","overlay-type":"","overlay-color":"","overlay-opacity":"","overlay-gradient":""}},"ast-content-background-meta":{"desktop":{"background-color":"var(--ast-global-color-5)","background-image":"","background-repeat":"repeat","background-position":"center center","background-size":"auto","background-attachment":"scroll","background-type":"","background-media":"","overlay-type":"","overlay-color":"","overlay-opacity":"","overlay-gradient":""},"tablet":{"background-color":"var(--ast-global-color-5)","background-image":"","background-repeat":"repeat","background-position":"center center","background-size":"auto","background-attachment":"scroll","background-type":"","background-media":"","overlay-type":"","overlay-color":"","overlay-opacity":"","overlay-gradient":""},"mobile":{"background-color":"var(--ast-global-color-5)","background-image":"","background-repeat":"repeat","background-position":"center center","background-size":"auto","background-attachment":"scroll","background-type":"","background-media":"","overlay-type":"","overlay-color":"","overlay-opacity":"","overlay-gradient":""}}},"product_brand":[],"product_cat":[4450,3806,3572,5078,4322,3599,4325],"product_tag":[3647,3716,4515,4977,3927,3789,5459,5460,3341,4742],"class_list":{"0":"post-79392","1":"product","2":"type-product","3":"status-publish","4":"has-post-thumbnail","6":"product_cat-anhaenger","7":"product_cat-art-deco","8":"product_cat-juwelen","9":"product_cat-metall-2","10":"product_cat-periode","11":"product_cat-signierter-schmuck","12":"product_cat-silber","13":"product_tag-anhaenger","14":"product_tag-art-deco","15":"product_tag-blumen","16":"product_tag-floral","17":"product_tag-gesaegt","18":"product_tag-handarbeit","19":"product_tag-hans-przyrembel","20":"product_tag-leipzig","21":"product_tag-pendant","22":"product_tag-ziseliert","23":"desktop-align-left","24":"tablet-align-left","25":"mobile-align-left","27":"first","28":"instock","29":"sold-individually","30":"shipping-taxable","31":"purchasable","32":"product-type-simple"},"_links":{"self":[{"href":"https:\/\/www.multimedium.eu\/index.php?rest_route=\/wp\/v2\/product\/79392","targetHints":{"allow":["GET"]}}],"collection":[{"href":"https:\/\/www.multimedium.eu\/index.php?rest_route=\/wp\/v2\/product"}],"about":[{"href":"https:\/\/www.multimedium.eu\/index.php?rest_route=\/wp\/v2\/types\/product"}],"version-history":[{"count":4,"href":"https:\/\/www.multimedium.eu\/index.php?rest_route=\/wp\/v2\/product\/79392\/revisions"}],"predecessor-version":[{"id":83083,"href":"https:\/\/www.multimedium.eu\/index.php?rest_route=\/wp\/v2\/product\/79392\/revisions\/83083"}],"wp:featuredmedia":[{"embeddable":true,"href":"https:\/\/www.multimedium.eu\/index.php?rest_route=\/wp\/v2\/media\/79394"}],"wp:attachment":[{"href":"https:\/\/www.multimedium.eu\/index.php?rest_route=%2Fwp%2Fv2%2Fmedia&parent=79392"}],"wp:term":[{"taxonomy":"product_brand","embeddable":true,"href":"https:\/\/www.multimedium.eu\/index.php?rest_route=%2Fwp%2Fv2%2Fproduct_brand&post=79392"},{"taxonomy":"product_cat","embeddable":true,"href":"https:\/\/www.multimedium.eu\/index.php?rest_route=%2Fwp%2Fv2%2Fproduct_cat&post=79392"},{"taxonomy":"product_tag","embeddable":true,"href":"https:\/\/www.multimedium.eu\/index.php?rest_route=%2Fwp%2Fv2%2Fproduct_tag&post=79392"}],"curies":[{"name":"wp","href":"https:\/\/api.w.org\/{rel}","templated":true}]}}