{"id":79427,"date":"2020-10-01T16:48:35","date_gmt":"2020-10-01T14:48:35","guid":{"rendered":"http:\/\/multimedium.eu\/?post_type=product&#038;p=79427"},"modified":"2025-03-13T09:29:07","modified_gmt":"2025-03-13T08:29:07","slug":"585er-weissgold-anhaenger-herz-rubin-white-gold-pendant-heart-ruby","status":"publish","type":"product","link":"https:\/\/www.multimedium.eu\/?product=585er-weissgold-anhaenger-herz-rubin-white-gold-pendant-heart-ruby","title":{"rendered":"585er Wei\u00dfgold Anh\u00e4nger Herz Rubin white gold pendant heart ruby"},"content":{"rendered":"","protected":false},"excerpt":{"rendered":"<p>&#8211; VERKAUFT &#8211;<\/p>\n<p><strong>585er Wei\u00dfgold Anh\u00e4nger Herz Rubin white gold pendant heart ruby<\/strong><\/p>\n<p>Entz\u00fcckender Herz-Anh\u00e4nger in 585er Wei\u00dfgold<br \/>\nmit 6 geschliffenen nRubine<br \/>\nohne Kette, (Kette ist nicht Bestandteil des Angebots)<br \/>\nAnh\u00e4nger gestempelt: 585<\/p>\n<p>guter sch\u00f6ner Erhaltungszustand<\/p>\n<p>H\u00f6he (incl. fester \u00d6se, ohne Aufh\u00e4nger-\u00d6se): 1,9 cm<br \/>\nBreite (Durchmesser): 1,7 cm<br \/>\nGewicht: 2 g<\/p>\n","protected":false},"featured_media":79430,"template":"","meta":{"site-sidebar-layout":"default","site-content-layout":"default","ast-site-content-layout":"","site-content-style":"default","site-sidebar-style":"default","ast-global-header-display":"","ast-banner-title-visibility":"","ast-main-header-display":"","ast-hfb-above-header-display":"","ast-hfb-below-header-display":"","ast-hfb-mobile-header-display":"","site-post-title":"","ast-breadcrumbs-content":"","ast-featured-img":"","footer-sml-layout":"","theme-transparent-header-meta":"default","adv-header-id-meta":"","stick-header-meta":"","header-above-stick-meta":"","header-main-stick-meta":"","header-below-stick-meta":"","astra-migrate-meta-layouts":"default","ast-page-background-enabled":"default","ast-page-background-meta":{"desktop":{"background-color":"","background-image":"","background-repeat":"repeat","background-position":"center center","background-size":"auto","background-attachment":"scroll","background-type":"","background-media":"","overlay-type":"","overlay-color":"","overlay-opacity":"","overlay-gradient":""},"tablet":{"background-color":"","background-image":"","background-repeat":"repeat","background-position":"center center","background-size":"auto","background-attachment":"scroll","background-type":"","background-media":"","overlay-type":"","overlay-color":"","overlay-opacity":"","overlay-gradient":""},"mobile":{"background-color":"","background-image":"","background-repeat":"repeat","background-position":"center center","background-size":"auto","background-attachment":"scroll","background-type":"","background-media":"","overlay-type":"","overlay-color":"","overlay-opacity":"","overlay-gradient":""}},"ast-content-background-meta":{"desktop":{"background-color":"var(--ast-global-color-5)","background-image":"","background-repeat":"repeat","background-position":"center center","background-size":"auto","background-attachment":"scroll","background-type":"","background-media":"","overlay-type":"","overlay-color":"","overlay-opacity":"","overlay-gradient":""},"tablet":{"background-color":"var(--ast-global-color-5)","background-image":"","background-repeat":"repeat","background-position":"center center","background-size":"auto","background-attachment":"scroll","background-type":"","background-media":"","overlay-type":"","overlay-color":"","overlay-opacity":"","overlay-gradient":""},"mobile":{"background-color":"var(--ast-global-color-5)","background-image":"","background-repeat":"repeat","background-position":"center center","background-size":"auto","background-attachment":"scroll","background-type":"","background-media":"","overlay-type":"","overlay-color":"","overlay-opacity":"","overlay-gradient":""}}},"product_brand":[],"product_cat":[4450,3561,3564,3572,5078,4322,4755,4321,4320,4833],"product_tag":[3647,3710,3913,3341,3711,4215,4756,4794],"class_list":{"0":"post-79427","1":"product","2":"type-product","3":"status-publish","4":"has-post-thumbnail","6":"product_cat-anhaenger","7":"product_cat-design-nach-1945","8":"product_cat-gold","9":"product_cat-juwelen","10":"product_cat-metall-2","11":"product_cat-periode","12":"product_cat-rubin","13":"product_cat-steine","14":"product_cat-verkauft","15":"product_cat-weissgold","16":"product_tag-anhaenger","17":"product_tag-gold","18":"product_tag-herz","19":"product_tag-pendant","20":"product_tag-rubin","21":"product_tag-verkauft","22":"product_tag-weissgold","23":"product_tag-white-gold","24":"desktop-align-left","25":"tablet-align-left","26":"mobile-align-left","28":"first","29":"outofstock","30":"sold-individually","31":"shipping-taxable","32":"product-type-simple"},"_links":{"self":[{"href":"https:\/\/www.multimedium.eu\/index.php?rest_route=\/wp\/v2\/product\/79427","targetHints":{"allow":["GET"]}}],"collection":[{"href":"https:\/\/www.multimedium.eu\/index.php?rest_route=\/wp\/v2\/product"}],"about":[{"href":"https:\/\/www.multimedium.eu\/index.php?rest_route=\/wp\/v2\/types\/product"}],"version-history":[{"count":5,"href":"https:\/\/www.multimedium.eu\/index.php?rest_route=\/wp\/v2\/product\/79427\/revisions"}],"predecessor-version":[{"id":87712,"href":"https:\/\/www.multimedium.eu\/index.php?rest_route=\/wp\/v2\/product\/79427\/revisions\/87712"}],"wp:featuredmedia":[{"embeddable":true,"href":"https:\/\/www.multimedium.eu\/index.php?rest_route=\/wp\/v2\/media\/79430"}],"wp:attachment":[{"href":"https:\/\/www.multimedium.eu\/index.php?rest_route=%2Fwp%2Fv2%2Fmedia&parent=79427"}],"wp:term":[{"taxonomy":"product_brand","embeddable":true,"href":"https:\/\/www.multimedium.eu\/index.php?rest_route=%2Fwp%2Fv2%2Fproduct_brand&post=79427"},{"taxonomy":"product_cat","embeddable":true,"href":"https:\/\/www.multimedium.eu\/index.php?rest_route=%2Fwp%2Fv2%2Fproduct_cat&post=79427"},{"taxonomy":"product_tag","embeddable":true,"href":"https:\/\/www.multimedium.eu\/index.php?rest_route=%2Fwp%2Fv2%2Fproduct_tag&post=79427"}],"curies":[{"name":"wp","href":"https:\/\/api.w.org\/{rel}","templated":true}]}}