{"id":79579,"date":"2020-10-02T23:39:37","date_gmt":"2020-10-02T21:39:37","guid":{"rendered":"http:\/\/multimedium.eu\/?post_type=product&#038;p=79579"},"modified":"2025-03-13T09:29:04","modified_gmt":"2025-03-13T08:29:04","slug":"20er-30er-muschel-kamee-anhaenger-mit-silber-fassung-20s-30s-silver-pendant-cameo","status":"publish","type":"product","link":"https:\/\/www.multimedium.eu\/?product=20er-30er-muschel-kamee-anhaenger-mit-silber-fassung-20s-30s-silver-pendant-cameo","title":{"rendered":"20er 30er Muschel Kamee Anh\u00e4nger mit Silber Fassung 20s 30s silver pendant cameo"},"content":{"rendered":"","protected":false},"excerpt":{"rendered":"<p><strong>Muschel Kamee Anh\u00e4nger mit Silber Fassung<\/strong><\/p>\n<p>Sehr sch\u00f6ne ausgearbeitete Muschel Kamee als Anh\u00e4nger<br \/>\nmit Silber Fassung in filigraner Handarbeit , aus den 20er 30er Jahren<br \/>\nmit kleiner, feiner Aufh\u00e4nger\u00f6se f\u00fcr Kettchen<br \/>\nFassung mit aufgel\u00f6teten Silberpl\u00e4ttchen gestempelt: 925<\/p>\n<p>guter sch\u00f6ner Erhaltungszustand<\/p>\n<p>L\u00e4nge des Anh\u00e4ngers (nur Fassung ohne \u00d6se):\u00a0 4,2 cm<br \/>\nBreite des Anh\u00e4ngers:\u00a0 4 cm<\/p>\n","protected":false},"featured_media":79582,"template":"","meta":{"site-sidebar-layout":"default","site-content-layout":"default","ast-site-content-layout":"default","site-content-style":"default","site-sidebar-style":"default","ast-global-header-display":"","ast-banner-title-visibility":"","ast-main-header-display":"","ast-hfb-above-header-display":"","ast-hfb-below-header-display":"","ast-hfb-mobile-header-display":"","site-post-title":"","ast-breadcrumbs-content":"","ast-featured-img":"","footer-sml-layout":"","theme-transparent-header-meta":"default","adv-header-id-meta":"","stick-header-meta":"","header-above-stick-meta":"","header-main-stick-meta":"","header-below-stick-meta":"","astra-migrate-meta-layouts":"set","ast-page-background-enabled":"default","ast-page-background-meta":{"desktop":{"background-color":"","background-image":"","background-repeat":"repeat","background-position":"center center","background-size":"auto","background-attachment":"scroll","background-type":"","background-media":"","overlay-type":"","overlay-color":"","overlay-opacity":"","overlay-gradient":""},"tablet":{"background-color":"","background-image":"","background-repeat":"repeat","background-position":"center center","background-size":"auto","background-attachment":"scroll","background-type":"","background-media":"","overlay-type":"","overlay-color":"","overlay-opacity":"","overlay-gradient":""},"mobile":{"background-color":"","background-image":"","background-repeat":"repeat","background-position":"center center","background-size":"auto","background-attachment":"scroll","background-type":"","background-media":"","overlay-type":"","overlay-color":"","overlay-opacity":"","overlay-gradient":""}},"ast-content-background-meta":{"desktop":{"background-color":"var(--ast-global-color-5)","background-image":"","background-repeat":"repeat","background-position":"center center","background-size":"auto","background-attachment":"scroll","background-type":"","background-media":"","overlay-type":"","overlay-color":"","overlay-opacity":"","overlay-gradient":""},"tablet":{"background-color":"var(--ast-global-color-5)","background-image":"","background-repeat":"repeat","background-position":"center center","background-size":"auto","background-attachment":"scroll","background-type":"","background-media":"","overlay-type":"","overlay-color":"","overlay-opacity":"","overlay-gradient":""},"mobile":{"background-color":"var(--ast-global-color-5)","background-image":"","background-repeat":"repeat","background-position":"center center","background-size":"auto","background-attachment":"scroll","background-type":"","background-media":"","overlay-type":"","overlay-color":"","overlay-opacity":"","overlay-gradient":""}}},"product_brand":[],"product_cat":[4450,3806,3572,3577,5078,4322,4325,4321],"product_tag":[4741,5149,4565,4590,3647,8877,8874,8876,8872,3716,3680,8871,3912,3669,3657,8868,8873,8870,3915,4007,3818,3341],"class_list":{"0":"post-79579","1":"product","2":"type-product","3":"status-publish","4":"has-post-thumbnail","6":"product_cat-anhaenger","7":"product_cat-art-deco","8":"product_cat-juwelen","9":"product_cat-kamee","10":"product_cat-metall-2","11":"product_cat-periode","12":"product_cat-silber","13":"product_cat-steine","14":"product_tag-20er-jahre","15":"product_tag-20s","16":"product_tag-30er-jahre","17":"product_tag-30s","18":"product_tag-anhaenger","19":"product_tag-antike-kamee-halskette","20":"product_tag-antiker-kamee-anhaenger","21":"product_tag-antikes-kamee-collier","22":"product_tag-antique-cameo-necklace","23":"product_tag-art-deco","24":"product_tag-cameo","25":"product_tag-cameo-necklace","26":"product_tag-dame","27":"product_tag-filigran","28":"product_tag-kamee","29":"product_tag-kamee-anhaenger","30":"product_tag-kamee-collier","31":"product_tag-kamee-halskette","32":"product_tag-lady","33":"product_tag-muschel","34":"product_tag-muschelkamee","35":"product_tag-pendant","36":"desktop-align-left","37":"tablet-align-left","38":"mobile-align-left","40":"first","41":"instock","42":"sold-individually","43":"shipping-taxable","44":"purchasable","45":"product-type-simple"},"_links":{"self":[{"href":"https:\/\/www.multimedium.eu\/index.php?rest_route=\/wp\/v2\/product\/79579","targetHints":{"allow":["GET"]}}],"collection":[{"href":"https:\/\/www.multimedium.eu\/index.php?rest_route=\/wp\/v2\/product"}],"about":[{"href":"https:\/\/www.multimedium.eu\/index.php?rest_route=\/wp\/v2\/types\/product"}],"version-history":[{"count":2,"href":"https:\/\/www.multimedium.eu\/index.php?rest_route=\/wp\/v2\/product\/79579\/revisions"}],"predecessor-version":[{"id":81939,"href":"https:\/\/www.multimedium.eu\/index.php?rest_route=\/wp\/v2\/product\/79579\/revisions\/81939"}],"wp:featuredmedia":[{"embeddable":true,"href":"https:\/\/www.multimedium.eu\/index.php?rest_route=\/wp\/v2\/media\/79582"}],"wp:attachment":[{"href":"https:\/\/www.multimedium.eu\/index.php?rest_route=%2Fwp%2Fv2%2Fmedia&parent=79579"}],"wp:term":[{"taxonomy":"product_brand","embeddable":true,"href":"https:\/\/www.multimedium.eu\/index.php?rest_route=%2Fwp%2Fv2%2Fproduct_brand&post=79579"},{"taxonomy":"product_cat","embeddable":true,"href":"https:\/\/www.multimedium.eu\/index.php?rest_route=%2Fwp%2Fv2%2Fproduct_cat&post=79579"},{"taxonomy":"product_tag","embeddable":true,"href":"https:\/\/www.multimedium.eu\/index.php?rest_route=%2Fwp%2Fv2%2Fproduct_tag&post=79579"}],"curies":[{"name":"wp","href":"https:\/\/api.w.org\/{rel}","templated":true}]}}