{"id":79617,"date":"2020-10-03T22:40:02","date_gmt":"2020-10-03T20:40:02","guid":{"rendered":"http:\/\/multimedium.eu\/?post_type=product&#038;p=79617"},"modified":"2025-03-13T09:29:03","modified_gmt":"2025-03-13T08:29:03","slug":"art-deco-onyx-collier-halskette-bergkristall-orig-30er-jahre-necklace","status":"publish","type":"product","link":"https:\/\/www.multimedium.eu\/?product=art-deco-onyx-collier-halskette-bergkristall-orig-30er-jahre-necklace","title":{"rendered":"Art Deco Onyx Collier Halskette Bergkristall Orig 30er Jahre necklace"},"content":{"rendered":"","protected":false},"excerpt":{"rendered":"<p><strong>Art Deco Onyx Collier Halskette Bergkristall<\/strong><\/p>\n<p>Ausgefallenes original altes Art Deco Onyx Collier um 1930<br \/>\nwurde neu aufgezogen, da die Schnur defekt war,<br \/>\nmit facettiert geschliffenen Bergkristall Scheiben<br \/>\nund l\u00e4nglichen geschliffenen Onyx Elementen,<br \/>\nmit Federing-Verschlu\u00df in Silber,<\/p>\n<p>In einem guten sch\u00f6nen Erhaltungszustand<\/p>\n<p>Gesamt-L\u00e4nge des Colliers: 43,5 cm (sch\u00f6ne halsnahe L\u00e4nge)<br \/>\nMa\u00df der Onyx-Elemente: 13 mm x 6 mm<\/p>\n","protected":false},"featured_media":79619,"template":"","meta":{"site-sidebar-layout":"default","site-content-layout":"default","ast-site-content-layout":"","site-content-style":"default","site-sidebar-style":"default","ast-global-header-display":"","ast-banner-title-visibility":"","ast-main-header-display":"","ast-hfb-above-header-display":"","ast-hfb-below-header-display":"","ast-hfb-mobile-header-display":"","site-post-title":"","ast-breadcrumbs-content":"","ast-featured-img":"","footer-sml-layout":"","theme-transparent-header-meta":"default","adv-header-id-meta":"","stick-header-meta":"","header-above-stick-meta":"","header-main-stick-meta":"","header-below-stick-meta":"","astra-migrate-meta-layouts":"default","ast-page-background-enabled":"default","ast-page-background-meta":{"desktop":{"background-color":"","background-image":"","background-repeat":"repeat","background-position":"center center","background-size":"auto","background-attachment":"scroll","background-type":"","background-media":"","overlay-type":"","overlay-color":"","overlay-opacity":"","overlay-gradient":""},"tablet":{"background-color":"","background-image":"","background-repeat":"repeat","background-position":"center center","background-size":"auto","background-attachment":"scroll","background-type":"","background-media":"","overlay-type":"","overlay-color":"","overlay-opacity":"","overlay-gradient":""},"mobile":{"background-color":"","background-image":"","background-repeat":"repeat","background-position":"center center","background-size":"auto","background-attachment":"scroll","background-type":"","background-media":"","overlay-type":"","overlay-color":"","overlay-opacity":"","overlay-gradient":""}},"ast-content-background-meta":{"desktop":{"background-color":"var(--ast-global-color-5)","background-image":"","background-repeat":"repeat","background-position":"center center","background-size":"auto","background-attachment":"scroll","background-type":"","background-media":"","overlay-type":"","overlay-color":"","overlay-opacity":"","overlay-gradient":""},"tablet":{"background-color":"var(--ast-global-color-5)","background-image":"","background-repeat":"repeat","background-position":"center center","background-size":"auto","background-attachment":"scroll","background-type":"","background-media":"","overlay-type":"","overlay-color":"","overlay-opacity":"","overlay-gradient":""},"mobile":{"background-color":"var(--ast-global-color-5)","background-image":"","background-repeat":"repeat","background-position":"center center","background-size":"auto","background-attachment":"scroll","background-type":"","background-media":"","overlay-type":"","overlay-color":"","overlay-opacity":"","overlay-gradient":""}}},"product_brand":[],"product_cat":[3806,4802,3572,3582,5078,4899,4322,4325,4321],"product_tag":[3716,3842,3649,3650,3652,3890,3641,3342],"class_list":{"0":"post-79617","1":"product","2":"type-product","3":"status-publish","4":"has-post-thumbnail","6":"product_cat-art-deco","7":"product_cat-bergkristall","8":"product_cat-juwelen","9":"product_cat-ketten-colliers","10":"product_cat-metall-2","11":"product_cat-onyx","12":"product_cat-periode","13":"product_cat-silber","14":"product_cat-steine","15":"product_tag-art-deco","16":"product_tag-bergkristall","17":"product_tag-collier","18":"product_tag-halskette","19":"product_tag-necklace","20":"product_tag-onyx","21":"product_tag-silber","22":"product_tag-silver","23":"desktop-align-left","24":"tablet-align-left","25":"mobile-align-left","27":"first","28":"instock","29":"downloadable","30":"sold-individually","31":"shipping-taxable","32":"purchasable","33":"product-type-simple"},"_links":{"self":[{"href":"https:\/\/www.multimedium.eu\/index.php?rest_route=\/wp\/v2\/product\/79617","targetHints":{"allow":["GET"]}}],"collection":[{"href":"https:\/\/www.multimedium.eu\/index.php?rest_route=\/wp\/v2\/product"}],"about":[{"href":"https:\/\/www.multimedium.eu\/index.php?rest_route=\/wp\/v2\/types\/product"}],"version-history":[{"count":2,"href":"https:\/\/www.multimedium.eu\/index.php?rest_route=\/wp\/v2\/product\/79617\/revisions"}],"predecessor-version":[{"id":81934,"href":"https:\/\/www.multimedium.eu\/index.php?rest_route=\/wp\/v2\/product\/79617\/revisions\/81934"}],"wp:featuredmedia":[{"embeddable":true,"href":"https:\/\/www.multimedium.eu\/index.php?rest_route=\/wp\/v2\/media\/79619"}],"wp:attachment":[{"href":"https:\/\/www.multimedium.eu\/index.php?rest_route=%2Fwp%2Fv2%2Fmedia&parent=79617"}],"wp:term":[{"taxonomy":"product_brand","embeddable":true,"href":"https:\/\/www.multimedium.eu\/index.php?rest_route=%2Fwp%2Fv2%2Fproduct_brand&post=79617"},{"taxonomy":"product_cat","embeddable":true,"href":"https:\/\/www.multimedium.eu\/index.php?rest_route=%2Fwp%2Fv2%2Fproduct_cat&post=79617"},{"taxonomy":"product_tag","embeddable":true,"href":"https:\/\/www.multimedium.eu\/index.php?rest_route=%2Fwp%2Fv2%2Fproduct_tag&post=79617"}],"curies":[{"name":"wp","href":"https:\/\/api.w.org\/{rel}","templated":true}]}}