{"id":79697,"date":"2020-10-05T00:04:56","date_gmt":"2020-10-04T22:04:56","guid":{"rendered":"http:\/\/multimedium.eu\/?post_type=product&#038;p=79697"},"modified":"2025-03-13T09:29:00","modified_gmt":"2025-03-13T08:29:00","slug":"xxl-art-deco-bernstein-halskette-30er-vintage-amber-necklace-erhitzt","status":"publish","type":"product","link":"https:\/\/www.multimedium.eu\/?product=xxl-art-deco-bernstein-halskette-30er-vintage-amber-necklace-erhitzt","title":{"rendered":"XXL Art Deco Bernstein Halskette 30er vintage amber necklace erhitzt"},"content":{"rendered":"","protected":false},"excerpt":{"rendered":"<p><strong>XXL Art Deco Bernstein Halskette<\/strong><\/p>\n<p>Sch\u00f6ne dekorative honig-farbene Bernstein-Halskette<br \/>\naus den 30er bis 50er Jahren,<br \/>\nin Form von Oliven in verschiedenen Gr\u00f6\u00dfen,<br \/>\nzum Verschlu\u00df hin etwas kleiner werdend,<br \/>\nes handelt sich um einen erhitzten Bernstein<br \/>\nmit sch\u00f6nen Gr\u00f6\u00dfenverlauf und Farbgebung,<br \/>\nliegt gut am Hals an, mit Schraubverschlu\u00df<\/p>\n<p>alte F\u00e4delung, Faden mit Spiel, nicht so streng aufgezogen,<br \/>\nin einem guten sch\u00f6nen Erhaltungszustand<\/p>\n<p>L\u00e4nge der Halskette: 66 cm<br \/>\nL\u00e4nge der gr\u00f6\u00dfen Kugel: 2,1 cm<br \/>\nL\u00e4nge der kleinsten Kugel: 9,5 mm<br \/>\nGesamtgewicht: 69,1 g<\/p>\n","protected":false},"featured_media":79700,"template":"","meta":{"site-sidebar-layout":"default","site-content-layout":"default","ast-site-content-layout":"","site-content-style":"default","site-sidebar-style":"default","ast-global-header-display":"","ast-banner-title-visibility":"","ast-main-header-display":"","ast-hfb-above-header-display":"","ast-hfb-below-header-display":"","ast-hfb-mobile-header-display":"","site-post-title":"","ast-breadcrumbs-content":"","ast-featured-img":"","footer-sml-layout":"","theme-transparent-header-meta":"default","adv-header-id-meta":"","stick-header-meta":"","header-above-stick-meta":"","header-main-stick-meta":"","header-below-stick-meta":"","astra-migrate-meta-layouts":"default","ast-page-background-enabled":"default","ast-page-background-meta":{"desktop":{"background-color":"","background-image":"","background-repeat":"repeat","background-position":"center center","background-size":"auto","background-attachment":"scroll","background-type":"","background-media":"","overlay-type":"","overlay-color":"","overlay-opacity":"","overlay-gradient":""},"tablet":{"background-color":"","background-image":"","background-repeat":"repeat","background-position":"center center","background-size":"auto","background-attachment":"scroll","background-type":"","background-media":"","overlay-type":"","overlay-color":"","overlay-opacity":"","overlay-gradient":""},"mobile":{"background-color":"","background-image":"","background-repeat":"repeat","background-position":"center center","background-size":"auto","background-attachment":"scroll","background-type":"","background-media":"","overlay-type":"","overlay-color":"","overlay-opacity":"","overlay-gradient":""}},"ast-content-background-meta":{"desktop":{"background-color":"var(--ast-global-color-5)","background-image":"","background-repeat":"repeat","background-position":"center center","background-size":"auto","background-attachment":"scroll","background-type":"","background-media":"","overlay-type":"","overlay-color":"","overlay-opacity":"","overlay-gradient":""},"tablet":{"background-color":"var(--ast-global-color-5)","background-image":"","background-repeat":"repeat","background-position":"center center","background-size":"auto","background-attachment":"scroll","background-type":"","background-media":"","overlay-type":"","overlay-color":"","overlay-opacity":"","overlay-gradient":""},"mobile":{"background-color":"var(--ast-global-color-5)","background-image":"","background-repeat":"repeat","background-position":"center center","background-size":"auto","background-attachment":"scroll","background-type":"","background-media":"","overlay-type":"","overlay-color":"","overlay-opacity":"","overlay-gradient":""}}},"product_brand":[],"product_cat":[3806,3563,3572,3582,4322,4321],"product_tag":[4565,4590,4490,4584,3732,3731,3649,5493,3650,3652,5442],"class_list":{"0":"post-79697","1":"product","2":"type-product","3":"status-publish","4":"has-post-thumbnail","6":"product_cat-art-deco","7":"product_cat-bernstein","8":"product_cat-juwelen","9":"product_cat-ketten-colliers","10":"product_cat-periode","11":"product_cat-steine","12":"product_tag-30er-jahre","13":"product_tag-30s","14":"product_tag-50er-jahre","15":"product_tag-50s","16":"product_tag-amber","17":"product_tag-bernstein","18":"product_tag-collier","19":"product_tag-erhitzt","20":"product_tag-halskette","21":"product_tag-necklace","22":"product_tag-oliven","23":"desktop-align-left","24":"tablet-align-left","25":"mobile-align-left","27":"first","28":"instock","29":"sold-individually","30":"shipping-taxable","31":"purchasable","32":"product-type-simple"},"_links":{"self":[{"href":"https:\/\/www.multimedium.eu\/index.php?rest_route=\/wp\/v2\/product\/79697","targetHints":{"allow":["GET"]}}],"collection":[{"href":"https:\/\/www.multimedium.eu\/index.php?rest_route=\/wp\/v2\/product"}],"about":[{"href":"https:\/\/www.multimedium.eu\/index.php?rest_route=\/wp\/v2\/types\/product"}],"version-history":[{"count":2,"href":"https:\/\/www.multimedium.eu\/index.php?rest_route=\/wp\/v2\/product\/79697\/revisions"}],"predecessor-version":[{"id":81925,"href":"https:\/\/www.multimedium.eu\/index.php?rest_route=\/wp\/v2\/product\/79697\/revisions\/81925"}],"wp:featuredmedia":[{"embeddable":true,"href":"https:\/\/www.multimedium.eu\/index.php?rest_route=\/wp\/v2\/media\/79700"}],"wp:attachment":[{"href":"https:\/\/www.multimedium.eu\/index.php?rest_route=%2Fwp%2Fv2%2Fmedia&parent=79697"}],"wp:term":[{"taxonomy":"product_brand","embeddable":true,"href":"https:\/\/www.multimedium.eu\/index.php?rest_route=%2Fwp%2Fv2%2Fproduct_brand&post=79697"},{"taxonomy":"product_cat","embeddable":true,"href":"https:\/\/www.multimedium.eu\/index.php?rest_route=%2Fwp%2Fv2%2Fproduct_cat&post=79697"},{"taxonomy":"product_tag","embeddable":true,"href":"https:\/\/www.multimedium.eu\/index.php?rest_route=%2Fwp%2Fv2%2Fproduct_tag&post=79697"}],"curies":[{"name":"wp","href":"https:\/\/api.w.org\/{rel}","templated":true}]}}