{"id":79708,"date":"2020-10-05T00:27:28","date_gmt":"2020-10-04T22:27:28","guid":{"rendered":"http:\/\/multimedium.eu\/?post_type=product&#038;p=79708"},"modified":"2025-03-13T09:29:00","modified_gmt":"2025-03-13T08:29:00","slug":"modenist-silber-collier-gustav-hauber-halskette-tracht-silver-necklace","status":"publish","type":"product","link":"https:\/\/www.multimedium.eu\/?product=modenist-silber-collier-gustav-hauber-halskette-tracht-silver-necklace","title":{"rendered":"Modenist Art Deco Silber Collier Gustav Hauber Halskette Tracht silver necklace"},"content":{"rendered":"<p>Ornate decorative and beautiful aesthetic Art Deco Modernist necklace,<br \/>\nDesign by Gustav Hauber, Schw\u00e4bisch Gm\u00fcnd,<br \/>\nHandcraft in 835 silver from the 30s,<br \/>\nindividual decorated elements and sphere-soldered,<br \/>\nin continuous pattern,<br \/>\nBackground artificially blackened with slide lock,<br \/>\nmarked: 835 and maker`s mark<\/p>\n<p>in a good, beautiful condition<\/p>\n<p>Length of the necklace: 16,14&#8243; (41 cm)<br \/>\nWidth of the necklace: 0,63&#8243; (1.6 cm)<\/p>\n","protected":false},"excerpt":{"rendered":"<h6><strong>Modenist Art Deco Silber Collier Gustav Hauber Halskette Tracht silver necklace<\/strong><\/h6>\n<p>Kunstvolles dekoratives und\u00a0 sch\u00f6nes \u00e4sthetisches Art Deco Modernist Collier,<br \/>\nEntwurf von Gustav Hauber, Schw\u00e4bisch Gm\u00fcnd,<br \/>\nHandarbeit in 835er Silber aus den 30er Jahren,<br \/>\neinzelne verzierte Elemente und kugelbel\u00f6tete,<br \/>\nin fortlaufeneden Muster,<br \/>\nHintergrund k\u00fcnstlich geschw\u00e4rzt mit Schiebverschlu\u00df,<br \/>\ngestempelt: 835 und Firmenpunze<\/p>\n<p>in einem guten sch\u00f6nen Erhaltungszustand<\/p>\n<p>L\u00e4nge des Colliers: 41 cm<br \/>\nBreite des Colliers: 1,6 cm<\/p>\n","protected":false},"featured_media":79710,"template":"","meta":{"site-sidebar-layout":"default","site-content-layout":"default","ast-site-content-layout":"","site-content-style":"default","site-sidebar-style":"default","ast-global-header-display":"","ast-banner-title-visibility":"","ast-main-header-display":"","ast-hfb-above-header-display":"","ast-hfb-below-header-display":"","ast-hfb-mobile-header-display":"","site-post-title":"","ast-breadcrumbs-content":"","ast-featured-img":"","footer-sml-layout":"","theme-transparent-header-meta":"default","adv-header-id-meta":"","stick-header-meta":"","header-above-stick-meta":"","header-main-stick-meta":"","header-below-stick-meta":"","astra-migrate-meta-layouts":"default","ast-page-background-enabled":"default","ast-page-background-meta":{"desktop":{"background-color":"","background-image":"","background-repeat":"repeat","background-position":"center center","background-size":"auto","background-attachment":"scroll","background-type":"","background-media":"","overlay-type":"","overlay-color":"","overlay-opacity":"","overlay-gradient":""},"tablet":{"background-color":"","background-image":"","background-repeat":"repeat","background-position":"center center","background-size":"auto","background-attachment":"scroll","background-type":"","background-media":"","overlay-type":"","overlay-color":"","overlay-opacity":"","overlay-gradient":""},"mobile":{"background-color":"","background-image":"","background-repeat":"repeat","background-position":"center center","background-size":"auto","background-attachment":"scroll","background-type":"","background-media":"","overlay-type":"","overlay-color":"","overlay-opacity":"","overlay-gradient":""}},"ast-content-background-meta":{"desktop":{"background-color":"var(--ast-global-color-5)","background-image":"","background-repeat":"repeat","background-position":"center center","background-size":"auto","background-attachment":"scroll","background-type":"","background-media":"","overlay-type":"","overlay-color":"","overlay-opacity":"","overlay-gradient":""},"tablet":{"background-color":"var(--ast-global-color-5)","background-image":"","background-repeat":"repeat","background-position":"center center","background-size":"auto","background-attachment":"scroll","background-type":"","background-media":"","overlay-type":"","overlay-color":"","overlay-opacity":"","overlay-gradient":""},"mobile":{"background-color":"var(--ast-global-color-5)","background-image":"","background-repeat":"repeat","background-position":"center center","background-size":"auto","background-attachment":"scroll","background-type":"","background-media":"","overlay-type":"","overlay-color":"","overlay-opacity":"","overlay-gradient":""}}},"product_brand":[],"product_cat":[3806,3572,3582,5078,4322,3599,4325],"product_tag":[4565,3649,5494,3721,3650,4897,3835,3652,4080,3641,3342],"class_list":{"0":"post-79708","1":"product","2":"type-product","3":"status-publish","4":"has-post-thumbnail","6":"product_cat-art-deco","7":"product_cat-juwelen","8":"product_cat-ketten-colliers","9":"product_cat-metall-2","10":"product_cat-periode","11":"product_cat-signierter-schmuck","12":"product_cat-silber","13":"product_tag-30er-jahre","14":"product_tag-collier","15":"product_tag-geschwaerzt","16":"product_tag-gustav-hauber","17":"product_tag-halskette","18":"product_tag-kugelbeloetung","19":"product_tag-modernist","20":"product_tag-necklace","21":"product_tag-schwaebisch-gmuend","22":"product_tag-silber","23":"product_tag-silver","24":"desktop-align-left","25":"tablet-align-left","26":"mobile-align-left","28":"first","29":"instock","30":"sold-individually","31":"shipping-taxable","32":"purchasable","33":"product-type-simple"},"_links":{"self":[{"href":"https:\/\/www.multimedium.eu\/index.php?rest_route=\/wp\/v2\/product\/79708","targetHints":{"allow":["GET"]}}],"collection":[{"href":"https:\/\/www.multimedium.eu\/index.php?rest_route=\/wp\/v2\/product"}],"about":[{"href":"https:\/\/www.multimedium.eu\/index.php?rest_route=\/wp\/v2\/types\/product"}],"version-history":[{"count":6,"href":"https:\/\/www.multimedium.eu\/index.php?rest_route=\/wp\/v2\/product\/79708\/revisions"}],"predecessor-version":[{"id":84712,"href":"https:\/\/www.multimedium.eu\/index.php?rest_route=\/wp\/v2\/product\/79708\/revisions\/84712"}],"wp:featuredmedia":[{"embeddable":true,"href":"https:\/\/www.multimedium.eu\/index.php?rest_route=\/wp\/v2\/media\/79710"}],"wp:attachment":[{"href":"https:\/\/www.multimedium.eu\/index.php?rest_route=%2Fwp%2Fv2%2Fmedia&parent=79708"}],"wp:term":[{"taxonomy":"product_brand","embeddable":true,"href":"https:\/\/www.multimedium.eu\/index.php?rest_route=%2Fwp%2Fv2%2Fproduct_brand&post=79708"},{"taxonomy":"product_cat","embeddable":true,"href":"https:\/\/www.multimedium.eu\/index.php?rest_route=%2Fwp%2Fv2%2Fproduct_cat&post=79708"},{"taxonomy":"product_tag","embeddable":true,"href":"https:\/\/www.multimedium.eu\/index.php?rest_route=%2Fwp%2Fv2%2Fproduct_tag&post=79708"}],"curies":[{"name":"wp","href":"https:\/\/api.w.org\/{rel}","templated":true}]}}