{"id":79717,"date":"2020-10-06T21:00:32","date_gmt":"2020-10-06T19:00:32","guid":{"rendered":"http:\/\/multimedium.eu\/?post_type=product&#038;p=79717"},"modified":"2025-03-13T09:29:00","modified_gmt":"2025-03-13T08:29:00","slug":"silber-kreuz-rosenkranz-anhaenger-perlmutt-filigran-silver-cross-pendant-rosary","status":"publish","type":"product","link":"https:\/\/www.multimedium.eu\/?product=silber-kreuz-rosenkranz-anhaenger-perlmutt-filigran-silver-cross-pendant-rosary","title":{"rendered":"Silber Kreuz Rosenkranz Anh\u00e4nger Perlmutt filigran silver cross pendant rosary"},"content":{"rendered":"","protected":false},"excerpt":{"rendered":"<p><strong>Silber Kreuz Rosenkranz Anh\u00e4nger Perlmutt filigran<\/strong><\/p>\n<p>Wundersch\u00f6ner dekorativer antiker Rosenkranz Silber Anh\u00e4nger<br \/>\naus dem 19. Jahrhundert<br \/>\nin Form eines filigranen durchbrochen gearbeiteten Kreuzes<br \/>\nmit eingelegten Perlmutt-Pl\u00e4ttchen<br \/>\nSilber, gepr\u00fcft,<\/p>\n<p>einige Perlmuttpl\u00e4ttchen fehlen,<br \/>\nsonst guter sch\u00f6ner Erhaltungszustand<\/p>\n<p>L\u00e4nge des Kreuzes incl. Aufh\u00e4nger-\u00d6se und anh\u00e4ngender \u00d6se: 8,3 cm<br \/>\nBreite des Anh\u00e4ngers: 4,8\u00a0 cm<\/p>\n","protected":false},"featured_media":79721,"template":"","meta":{"site-sidebar-layout":"default","site-content-layout":"default","ast-site-content-layout":"","site-content-style":"default","site-sidebar-style":"default","ast-global-header-display":"","ast-banner-title-visibility":"","ast-main-header-display":"","ast-hfb-above-header-display":"","ast-hfb-below-header-display":"","ast-hfb-mobile-header-display":"","site-post-title":"","ast-breadcrumbs-content":"","ast-featured-img":"","footer-sml-layout":"","theme-transparent-header-meta":"default","adv-header-id-meta":"","stick-header-meta":"","header-above-stick-meta":"","header-main-stick-meta":"","header-below-stick-meta":"","astra-migrate-meta-layouts":"default","ast-page-background-enabled":"default","ast-page-background-meta":{"desktop":{"background-color":"","background-image":"","background-repeat":"repeat","background-position":"center center","background-size":"auto","background-attachment":"scroll","background-type":"","background-media":"","overlay-type":"","overlay-color":"","overlay-opacity":"","overlay-gradient":""},"tablet":{"background-color":"","background-image":"","background-repeat":"repeat","background-position":"center center","background-size":"auto","background-attachment":"scroll","background-type":"","background-media":"","overlay-type":"","overlay-color":"","overlay-opacity":"","overlay-gradient":""},"mobile":{"background-color":"","background-image":"","background-repeat":"repeat","background-position":"center center","background-size":"auto","background-attachment":"scroll","background-type":"","background-media":"","overlay-type":"","overlay-color":"","overlay-opacity":"","overlay-gradient":""}},"ast-content-background-meta":{"desktop":{"background-color":"var(--ast-global-color-5)","background-image":"","background-repeat":"repeat","background-position":"center center","background-size":"auto","background-attachment":"scroll","background-type":"","background-media":"","overlay-type":"","overlay-color":"","overlay-opacity":"","overlay-gradient":""},"tablet":{"background-color":"var(--ast-global-color-5)","background-image":"","background-repeat":"repeat","background-position":"center center","background-size":"auto","background-attachment":"scroll","background-type":"","background-media":"","overlay-type":"","overlay-color":"","overlay-opacity":"","overlay-gradient":""},"mobile":{"background-color":"var(--ast-global-color-5)","background-image":"","background-repeat":"repeat","background-position":"center center","background-size":"auto","background-attachment":"scroll","background-type":"","background-media":"","overlay-type":"","overlay-color":"","overlay-opacity":"","overlay-gradient":""}}},"product_brand":[],"product_cat":[4450,4121,3572,4832,5078,4322,4800,4325,4321],"product_tag":[3647,3675,4688,3669,3670,3674,3704,3341,3703,5495,4777,3641,3342],"class_list":{"0":"post-79717","1":"product","2":"type-product","3":"status-publish","4":"has-post-thumbnail","6":"product_cat-anhaenger","7":"product_cat-historismus","8":"product_cat-juwelen","9":"product_cat-kreuz","10":"product_cat-metall-2","11":"product_cat-periode","12":"product_cat-perlmutt","13":"product_cat-silber","14":"product_cat-steine","15":"product_tag-anhaenger","16":"product_tag-cross","17":"product_tag-durchbrochen-gearbeitet","18":"product_tag-filigran","19":"product_tag-filigree","20":"product_tag-kreuz","21":"product_tag-mother-of-pearl","22":"product_tag-pendant","23":"product_tag-perlmutt","24":"product_tag-rosary","25":"product_tag-rosenkranz","26":"product_tag-silber","27":"product_tag-silver","28":"desktop-align-left","29":"tablet-align-left","30":"mobile-align-left","32":"first","33":"instock","34":"sold-individually","35":"shipping-taxable","36":"purchasable","37":"product-type-simple"},"_links":{"self":[{"href":"https:\/\/www.multimedium.eu\/index.php?rest_route=\/wp\/v2\/product\/79717","targetHints":{"allow":["GET"]}}],"collection":[{"href":"https:\/\/www.multimedium.eu\/index.php?rest_route=\/wp\/v2\/product"}],"about":[{"href":"https:\/\/www.multimedium.eu\/index.php?rest_route=\/wp\/v2\/types\/product"}],"version-history":[{"count":2,"href":"https:\/\/www.multimedium.eu\/index.php?rest_route=\/wp\/v2\/product\/79717\/revisions"}],"predecessor-version":[{"id":81923,"href":"https:\/\/www.multimedium.eu\/index.php?rest_route=\/wp\/v2\/product\/79717\/revisions\/81923"}],"wp:featuredmedia":[{"embeddable":true,"href":"https:\/\/www.multimedium.eu\/index.php?rest_route=\/wp\/v2\/media\/79721"}],"wp:attachment":[{"href":"https:\/\/www.multimedium.eu\/index.php?rest_route=%2Fwp%2Fv2%2Fmedia&parent=79717"}],"wp:term":[{"taxonomy":"product_brand","embeddable":true,"href":"https:\/\/www.multimedium.eu\/index.php?rest_route=%2Fwp%2Fv2%2Fproduct_brand&post=79717"},{"taxonomy":"product_cat","embeddable":true,"href":"https:\/\/www.multimedium.eu\/index.php?rest_route=%2Fwp%2Fv2%2Fproduct_cat&post=79717"},{"taxonomy":"product_tag","embeddable":true,"href":"https:\/\/www.multimedium.eu\/index.php?rest_route=%2Fwp%2Fv2%2Fproduct_tag&post=79717"}],"curies":[{"name":"wp","href":"https:\/\/api.w.org\/{rel}","templated":true}]}}