{"id":79816,"date":"2020-10-07T22:47:15","date_gmt":"2020-10-07T20:47:15","guid":{"rendered":"http:\/\/multimedium.eu\/?post_type=product&#038;p=79816"},"modified":"2025-03-13T09:28:55","modified_gmt":"2025-03-13T08:28:55","slug":"antiker-neo-renaissance-silber-kreuz-anhaenger-granat-silver-cross","status":"publish","type":"product","link":"https:\/\/www.multimedium.eu\/?product=antiker-neo-renaissance-silber-kreuz-anhaenger-granat-silver-cross","title":{"rendered":"Antiker Neo Renaissance Silber Kreuz Anh\u00e4nger Granat silver cross"},"content":{"rendered":"","protected":false},"excerpt":{"rendered":"<p><strong>Antiker Neo Renaissance Silber Kreuz Anh\u00e4nger Granat<\/strong><\/p>\n<p>Wundersch\u00f6nes antikes Historismus bzw. Neo Renaissance Silber Kreuz um 1860,<br \/>\ndurchbrochen gearbeitet,<br \/>\nmit 5 geschliffenen Granat Steinen,<br \/>\nmittig mit gefasster Perlschale,<br \/>\nin dieser Art selten,<br \/>\nungestempelt auf Silber gepr\u00fcft (mindestens 800er Silber)<\/p>\n<p>in einem guten altersgem\u00e4\u00dfen Erhaltungszustand<\/p>\n<p>L\u00e4nge des Anh\u00e4ngers incl. festgel\u00f6teter \u00d6se: 4,2 cm<br \/>\nBreite des Anh\u00e4ngers: 3 cm<\/p>\n","protected":false},"featured_media":79818,"template":"","meta":{"site-sidebar-layout":"default","site-content-layout":"default","ast-site-content-layout":"","site-content-style":"default","site-sidebar-style":"default","ast-global-header-display":"","ast-banner-title-visibility":"","ast-main-header-display":"","ast-hfb-above-header-display":"","ast-hfb-below-header-display":"","ast-hfb-mobile-header-display":"","site-post-title":"","ast-breadcrumbs-content":"","ast-featured-img":"","footer-sml-layout":"","theme-transparent-header-meta":"default","adv-header-id-meta":"","stick-header-meta":"","header-above-stick-meta":"","header-main-stick-meta":"","header-below-stick-meta":"","astra-migrate-meta-layouts":"default","ast-page-background-enabled":"default","ast-page-background-meta":{"desktop":{"background-color":"","background-image":"","background-repeat":"repeat","background-position":"center center","background-size":"auto","background-attachment":"scroll","background-type":"","background-media":"","overlay-type":"","overlay-color":"","overlay-opacity":"","overlay-gradient":""},"tablet":{"background-color":"","background-image":"","background-repeat":"repeat","background-position":"center center","background-size":"auto","background-attachment":"scroll","background-type":"","background-media":"","overlay-type":"","overlay-color":"","overlay-opacity":"","overlay-gradient":""},"mobile":{"background-color":"","background-image":"","background-repeat":"repeat","background-position":"center center","background-size":"auto","background-attachment":"scroll","background-type":"","background-media":"","overlay-type":"","overlay-color":"","overlay-opacity":"","overlay-gradient":""}},"ast-content-background-meta":{"desktop":{"background-color":"var(--ast-global-color-5)","background-image":"","background-repeat":"repeat","background-position":"center center","background-size":"auto","background-attachment":"scroll","background-type":"","background-media":"","overlay-type":"","overlay-color":"","overlay-opacity":"","overlay-gradient":""},"tablet":{"background-color":"var(--ast-global-color-5)","background-image":"","background-repeat":"repeat","background-position":"center center","background-size":"auto","background-attachment":"scroll","background-type":"","background-media":"","overlay-type":"","overlay-color":"","overlay-opacity":"","overlay-gradient":""},"mobile":{"background-color":"var(--ast-global-color-5)","background-image":"","background-repeat":"repeat","background-position":"center center","background-size":"auto","background-attachment":"scroll","background-type":"","background-media":"","overlay-type":"","overlay-color":"","overlay-opacity":"","overlay-gradient":""}}},"product_brand":[],"product_cat":[4450,3573,4121,3572,4832,5078,4322,4325,4321],"product_tag":[3675,3725,3724,3980,3674,4059,3703,3702,3641,3342],"class_list":{"0":"post-79816","1":"product","2":"type-product","3":"status-publish","4":"has-post-thumbnail","6":"product_cat-anhaenger","7":"product_cat-granat","8":"product_cat-historismus","9":"product_cat-juwelen","10":"product_cat-kreuz","11":"product_cat-metall-2","12":"product_cat-periode","13":"product_cat-silber","14":"product_cat-steine","15":"product_tag-cross","16":"product_tag-garnet","17":"product_tag-granat","18":"product_tag-historismus","19":"product_tag-kreuz","20":"product_tag-neorenaissance","21":"product_tag-perlmutt","22":"product_tag-perlschale","23":"product_tag-silber","24":"product_tag-silver","25":"desktop-align-left","26":"tablet-align-left","27":"mobile-align-left","29":"first","30":"instock","31":"sold-individually","32":"shipping-taxable","33":"purchasable","34":"product-type-simple"},"_links":{"self":[{"href":"https:\/\/www.multimedium.eu\/index.php?rest_route=\/wp\/v2\/product\/79816","targetHints":{"allow":["GET"]}}],"collection":[{"href":"https:\/\/www.multimedium.eu\/index.php?rest_route=\/wp\/v2\/product"}],"about":[{"href":"https:\/\/www.multimedium.eu\/index.php?rest_route=\/wp\/v2\/types\/product"}],"version-history":[{"count":2,"href":"https:\/\/www.multimedium.eu\/index.php?rest_route=\/wp\/v2\/product\/79816\/revisions"}],"predecessor-version":[{"id":81911,"href":"https:\/\/www.multimedium.eu\/index.php?rest_route=\/wp\/v2\/product\/79816\/revisions\/81911"}],"wp:featuredmedia":[{"embeddable":true,"href":"https:\/\/www.multimedium.eu\/index.php?rest_route=\/wp\/v2\/media\/79818"}],"wp:attachment":[{"href":"https:\/\/www.multimedium.eu\/index.php?rest_route=%2Fwp%2Fv2%2Fmedia&parent=79816"}],"wp:term":[{"taxonomy":"product_brand","embeddable":true,"href":"https:\/\/www.multimedium.eu\/index.php?rest_route=%2Fwp%2Fv2%2Fproduct_brand&post=79816"},{"taxonomy":"product_cat","embeddable":true,"href":"https:\/\/www.multimedium.eu\/index.php?rest_route=%2Fwp%2Fv2%2Fproduct_cat&post=79816"},{"taxonomy":"product_tag","embeddable":true,"href":"https:\/\/www.multimedium.eu\/index.php?rest_route=%2Fwp%2Fv2%2Fproduct_tag&post=79816"}],"curies":[{"name":"wp","href":"https:\/\/api.w.org\/{rel}","templated":true}]}}