{"id":79846,"date":"2020-10-07T23:41:57","date_gmt":"2020-10-07T21:41:57","guid":{"rendered":"http:\/\/multimedium.eu\/?post_type=product&#038;p=79846"},"modified":"2025-03-13T09:28:54","modified_gmt":"2025-03-13T08:28:54","slug":"750-er-gold-brosche-handarbeit-gold-brooch-hand-made-orchidee-orchid","status":"publish","type":"product","link":"https:\/\/www.multimedium.eu\/?product=750-er-gold-brosche-handarbeit-gold-brooch-hand-made-orchidee-orchid","title":{"rendered":"750 er Gold Brosche Handarbeit gold brooch hand made Orchidee Orchid"},"content":{"rendered":"","protected":false},"excerpt":{"rendered":"<p><strong>750 er Gold Brosche Handarbeit gold brooch hand made Orchidee Orchid<\/strong><\/p>\n<p>Entz\u00fcckende 18k Gold Brosche in Form einer Orchidee<br \/>\ndie Brosche ist aus einem stabilen Goldblech gearbeitet und ziseliert<br \/>\nin der Mitte der Bl\u00e4tter mit einem goldenen Zierrand versehen<br \/>\nuntere Bl\u00fcte mit einer S\u00fc\u00dfwasserperle (L\u00fcster etwas matt)<br \/>\nHandarbeit in 750er Goldblech<br \/>\nmit Hakenverschlu\u00df<br \/>\ngestempelt: 18k<br \/>\nzus\u00e4tzlich auf 750er Gold gepr\u00fcft<\/p>\n<p>in einem guten sch\u00f6nen Erhaltungszustand<\/p>\n<p>L\u00e4nge der Brosche: 3,7 cm<br \/>\nBreite der Brosche: 2,1 cm<\/p>\n","protected":false},"featured_media":79848,"template":"","meta":{"site-sidebar-layout":"default","site-content-layout":"default","ast-site-content-layout":"default","site-content-style":"default","site-sidebar-style":"default","ast-global-header-display":"","ast-banner-title-visibility":"","ast-main-header-display":"","ast-hfb-above-header-display":"","ast-hfb-below-header-display":"","ast-hfb-mobile-header-display":"","site-post-title":"","ast-breadcrumbs-content":"","ast-featured-img":"","footer-sml-layout":"","theme-transparent-header-meta":"default","adv-header-id-meta":"","stick-header-meta":"","header-above-stick-meta":"","header-main-stick-meta":"","header-below-stick-meta":"","astra-migrate-meta-layouts":"set","ast-page-background-enabled":"default","ast-page-background-meta":{"desktop":{"background-color":"","background-image":"","background-repeat":"repeat","background-position":"center center","background-size":"auto","background-attachment":"scroll","background-type":"","background-media":"","overlay-type":"","overlay-color":"","overlay-opacity":"","overlay-gradient":""},"tablet":{"background-color":"","background-image":"","background-repeat":"repeat","background-position":"center center","background-size":"auto","background-attachment":"scroll","background-type":"","background-media":"","overlay-type":"","overlay-color":"","overlay-opacity":"","overlay-gradient":""},"mobile":{"background-color":"","background-image":"","background-repeat":"repeat","background-position":"center center","background-size":"auto","background-attachment":"scroll","background-type":"","background-media":"","overlay-type":"","overlay-color":"","overlay-opacity":"","overlay-gradient":""}},"ast-content-background-meta":{"desktop":{"background-color":"var(--ast-global-color-5)","background-image":"","background-repeat":"repeat","background-position":"center center","background-size":"auto","background-attachment":"scroll","background-type":"","background-media":"","overlay-type":"","overlay-color":"","overlay-opacity":"","overlay-gradient":""},"tablet":{"background-color":"var(--ast-global-color-5)","background-image":"","background-repeat":"repeat","background-position":"center center","background-size":"auto","background-attachment":"scroll","background-type":"","background-media":"","overlay-type":"","overlay-color":"","overlay-opacity":"","overlay-gradient":""},"mobile":{"background-color":"var(--ast-global-color-5)","background-image":"","background-repeat":"repeat","background-position":"center center","background-size":"auto","background-attachment":"scroll","background-type":"","background-media":"","overlay-type":"","overlay-color":"","overlay-opacity":"","overlay-gradient":""}}},"product_brand":[],"product_cat":[3580,3561,3564,3572,5078,4322,4754,4321],"product_tag":[4223,3643,3636,3710,5109,3789,4013,5268,5267,3667,5099],"class_list":{"0":"post-79846","1":"product","2":"type-product","3":"status-publish","4":"has-post-thumbnail","6":"product_cat-broschen","7":"product_cat-design-nach-1945","8":"product_cat-gold","9":"product_cat-juwelen","10":"product_cat-metall-2","11":"product_cat-periode","12":"product_cat-perle","13":"product_cat-steine","14":"product_tag-blaetter","15":"product_tag-brooch","16":"product_tag-brosche","17":"product_tag-gold","18":"product_tag-goldblech","19":"product_tag-handarbeit","20":"product_tag-handwork","21":"product_tag-orchid","22":"product_tag-orchidee","23":"product_tag-perle","24":"product_tag-suesswasserperle","25":"desktop-align-left","26":"tablet-align-left","27":"mobile-align-left","29":"first","30":"instock","31":"sold-individually","32":"shipping-taxable","33":"purchasable","34":"product-type-simple"},"_links":{"self":[{"href":"https:\/\/www.multimedium.eu\/index.php?rest_route=\/wp\/v2\/product\/79846","targetHints":{"allow":["GET"]}}],"collection":[{"href":"https:\/\/www.multimedium.eu\/index.php?rest_route=\/wp\/v2\/product"}],"about":[{"href":"https:\/\/www.multimedium.eu\/index.php?rest_route=\/wp\/v2\/types\/product"}],"version-history":[{"count":3,"href":"https:\/\/www.multimedium.eu\/index.php?rest_route=\/wp\/v2\/product\/79846\/revisions"}],"predecessor-version":[{"id":89980,"href":"https:\/\/www.multimedium.eu\/index.php?rest_route=\/wp\/v2\/product\/79846\/revisions\/89980"}],"wp:featuredmedia":[{"embeddable":true,"href":"https:\/\/www.multimedium.eu\/index.php?rest_route=\/wp\/v2\/media\/79848"}],"wp:attachment":[{"href":"https:\/\/www.multimedium.eu\/index.php?rest_route=%2Fwp%2Fv2%2Fmedia&parent=79846"}],"wp:term":[{"taxonomy":"product_brand","embeddable":true,"href":"https:\/\/www.multimedium.eu\/index.php?rest_route=%2Fwp%2Fv2%2Fproduct_brand&post=79846"},{"taxonomy":"product_cat","embeddable":true,"href":"https:\/\/www.multimedium.eu\/index.php?rest_route=%2Fwp%2Fv2%2Fproduct_cat&post=79846"},{"taxonomy":"product_tag","embeddable":true,"href":"https:\/\/www.multimedium.eu\/index.php?rest_route=%2Fwp%2Fv2%2Fproduct_tag&post=79846"}],"curies":[{"name":"wp","href":"https:\/\/api.w.org\/{rel}","templated":true}]}}