{"id":79885,"date":"2020-10-08T21:49:09","date_gmt":"2020-10-08T19:49:09","guid":{"rendered":"http:\/\/multimedium.eu\/?post_type=product&#038;p=79885"},"modified":"2025-03-13T09:28:53","modified_gmt":"2025-03-13T08:28:53","slug":"grosse-prachtvolle-biedermeier-brosche-um-1850-silber-vergoldet-selten-traumstueck","status":"publish","type":"product","link":"https:\/\/www.multimedium.eu\/?product=grosse-prachtvolle-biedermeier-brosche-um-1850-silber-vergoldet-selten-traumstueck","title":{"rendered":"Gro\u00dfe prachtvolle Biedermeier Brosche um 1850 Silber vergoldet selten Traumst\u00fcck"},"content":{"rendered":"","protected":false},"excerpt":{"rendered":"<p>Sch\u00f6ne gro\u00dfe Biedermeier Brosche um 1850 Silber vergoldet<br \/>\nSilber vergoldet<br \/>\nblaue Steine, auf T\u00fcrkis gemacht (Glasflu\u00df)<br \/>\nVorderseite gut erhalten<br \/>\nR\u00fcckseite mit Gebrauchsspuren<\/p>\n<p>sonst guter sch\u00f6ner Erhaltungszustand<\/p>\n<p>Breite der Brosche: 6,7\u00a0 cm<br \/>\nH\u00f6he der Brosche:\u00a0 4,6 cm<\/p>\n","protected":false},"featured_media":79887,"template":"","meta":{"site-sidebar-layout":"default","site-content-layout":"default","ast-site-content-layout":"","site-content-style":"default","site-sidebar-style":"default","ast-global-header-display":"","ast-banner-title-visibility":"","ast-main-header-display":"","ast-hfb-above-header-display":"","ast-hfb-below-header-display":"","ast-hfb-mobile-header-display":"","site-post-title":"","ast-breadcrumbs-content":"","ast-featured-img":"","footer-sml-layout":"","theme-transparent-header-meta":"default","adv-header-id-meta":"","stick-header-meta":"","header-above-stick-meta":"","header-main-stick-meta":"","header-below-stick-meta":"","astra-migrate-meta-layouts":"default","ast-page-background-enabled":"default","ast-page-background-meta":{"desktop":{"background-color":"","background-image":"","background-repeat":"repeat","background-position":"center center","background-size":"auto","background-attachment":"scroll","background-type":"","background-media":"","overlay-type":"","overlay-color":"","overlay-opacity":"","overlay-gradient":""},"tablet":{"background-color":"","background-image":"","background-repeat":"repeat","background-position":"center center","background-size":"auto","background-attachment":"scroll","background-type":"","background-media":"","overlay-type":"","overlay-color":"","overlay-opacity":"","overlay-gradient":""},"mobile":{"background-color":"","background-image":"","background-repeat":"repeat","background-position":"center center","background-size":"auto","background-attachment":"scroll","background-type":"","background-media":"","overlay-type":"","overlay-color":"","overlay-opacity":"","overlay-gradient":""}},"ast-content-background-meta":{"desktop":{"background-color":"var(--ast-global-color-5)","background-image":"","background-repeat":"repeat","background-position":"center center","background-size":"auto","background-attachment":"scroll","background-type":"","background-media":"","overlay-type":"","overlay-color":"","overlay-opacity":"","overlay-gradient":""},"tablet":{"background-color":"var(--ast-global-color-5)","background-image":"","background-repeat":"repeat","background-position":"center center","background-size":"auto","background-attachment":"scroll","background-type":"","background-media":"","overlay-type":"","overlay-color":"","overlay-opacity":"","overlay-gradient":""},"mobile":{"background-color":"var(--ast-global-color-5)","background-image":"","background-repeat":"repeat","background-position":"center center","background-size":"auto","background-attachment":"scroll","background-type":"","background-media":"","overlay-type":"","overlay-color":"","overlay-opacity":"","overlay-gradient":""}}},"product_brand":[],"product_cat":[4101,3580,5075,3572,5078,4322,4325,4321,4149],"product_tag":[3823,3643,3636,3662,3967,3641,3342,3832,3660],"class_list":{"0":"post-79885","1":"product","2":"type-product","3":"status-publish","4":"has-post-thumbnail","6":"product_cat-biedermeier","7":"product_cat-broschen","8":"product_cat-glas-materialien","9":"product_cat-juwelen","10":"product_cat-metall-2","11":"product_cat-periode","12":"product_cat-silber","13":"product_cat-steine","14":"product_cat-tuerkis","15":"product_tag-biedermeier","16":"product_tag-brooch","17":"product_tag-brosche","18":"product_tag-gilt","19":"product_tag-glasfluss","20":"product_tag-silber","21":"product_tag-silver","22":"product_tag-tuerkis","23":"product_tag-vergoldet","24":"desktop-align-left","25":"tablet-align-left","26":"mobile-align-left","28":"first","29":"instock","30":"sold-individually","31":"shipping-taxable","32":"purchasable","33":"product-type-simple"},"_links":{"self":[{"href":"https:\/\/www.multimedium.eu\/index.php?rest_route=\/wp\/v2\/product\/79885","targetHints":{"allow":["GET"]}}],"collection":[{"href":"https:\/\/www.multimedium.eu\/index.php?rest_route=\/wp\/v2\/product"}],"about":[{"href":"https:\/\/www.multimedium.eu\/index.php?rest_route=\/wp\/v2\/types\/product"}],"version-history":[{"count":2,"href":"https:\/\/www.multimedium.eu\/index.php?rest_route=\/wp\/v2\/product\/79885\/revisions"}],"predecessor-version":[{"id":81886,"href":"https:\/\/www.multimedium.eu\/index.php?rest_route=\/wp\/v2\/product\/79885\/revisions\/81886"}],"wp:featuredmedia":[{"embeddable":true,"href":"https:\/\/www.multimedium.eu\/index.php?rest_route=\/wp\/v2\/media\/79887"}],"wp:attachment":[{"href":"https:\/\/www.multimedium.eu\/index.php?rest_route=%2Fwp%2Fv2%2Fmedia&parent=79885"}],"wp:term":[{"taxonomy":"product_brand","embeddable":true,"href":"https:\/\/www.multimedium.eu\/index.php?rest_route=%2Fwp%2Fv2%2Fproduct_brand&post=79885"},{"taxonomy":"product_cat","embeddable":true,"href":"https:\/\/www.multimedium.eu\/index.php?rest_route=%2Fwp%2Fv2%2Fproduct_cat&post=79885"},{"taxonomy":"product_tag","embeddable":true,"href":"https:\/\/www.multimedium.eu\/index.php?rest_route=%2Fwp%2Fv2%2Fproduct_tag&post=79885"}],"curies":[{"name":"wp","href":"https:\/\/api.w.org\/{rel}","templated":true}]}}