{"id":80381,"date":"2020-10-20T22:02:56","date_gmt":"2020-10-20T20:02:56","guid":{"rendered":"http:\/\/multimedium.eu\/?post_type=product&#038;p=80381"},"modified":"2025-03-13T09:28:40","modified_gmt":"2025-03-13T08:28:40","slug":"granat-collier-halskette-silber-vergoldet-silver-gilt-garnet-necklace","status":"publish","type":"product","link":"https:\/\/www.multimedium.eu\/?product=granat-collier-halskette-silber-vergoldet-silver-gilt-garnet-necklace","title":{"rendered":"Granat Collier Halskette Silber vergoldet silver gilt garnet necklace"},"content":{"rendered":"<h6>Garnet necklace silver gold plated gilt<\/h6>\n<p>Beautiful old decorative garnet necklace necklace silver gold plated,<br \/>\nwith beautiful dark red shiny Bohemian garnets,<br \/>\nunstamped, tested for silver (at least 800 silver)<\/p>\n<p>in a good, beautiful condition<\/p>\n<p>Length of the necklace: 44 cm<br \/>\nMiddle section height: 3.8 cm<br \/>\nWidth of the middle part: 11 cm<\/p>\n","protected":false},"excerpt":{"rendered":"<h6>Granat Collier Halskette Silber vergoldet silver gilt garnet necklace<\/h6>\n<p>Sch\u00f6nes altes dekoratives Granat Collier Halskette Silber vergoldet,<br \/>\nmit sch\u00f6nen dunkelroten gl\u00e4nzenden b\u00f6hmischen Granaten,<br \/>\nungestempelt, auf Silber gepr\u00fcft (mindestens 800er Silber)<\/p>\n<p>in einem guten sch\u00f6nen Erhaltungszustand<\/p>\n<p>L\u00e4nge des Colliers: 44 cm<br \/>\nH\u00f6he des Mittelteils: 3,8 cm<br \/>\nBreite des Mittelteils: 11 cm<\/p>\n","protected":false},"featured_media":80382,"template":"","meta":{"site-sidebar-layout":"default","site-content-layout":"default","ast-site-content-layout":"default","site-content-style":"default","site-sidebar-style":"default","ast-global-header-display":"","ast-banner-title-visibility":"","ast-main-header-display":"","ast-hfb-above-header-display":"","ast-hfb-below-header-display":"","ast-hfb-mobile-header-display":"","site-post-title":"","ast-breadcrumbs-content":"","ast-featured-img":"","footer-sml-layout":"","theme-transparent-header-meta":"default","adv-header-id-meta":"","stick-header-meta":"","header-above-stick-meta":"","header-main-stick-meta":"","header-below-stick-meta":"","astra-migrate-meta-layouts":"set","ast-page-background-enabled":"default","ast-page-background-meta":{"desktop":{"background-color":"","background-image":"","background-repeat":"repeat","background-position":"center center","background-size":"auto","background-attachment":"scroll","background-type":"","background-media":"","overlay-type":"","overlay-color":"","overlay-opacity":"","overlay-gradient":""},"tablet":{"background-color":"","background-image":"","background-repeat":"repeat","background-position":"center center","background-size":"auto","background-attachment":"scroll","background-type":"","background-media":"","overlay-type":"","overlay-color":"","overlay-opacity":"","overlay-gradient":""},"mobile":{"background-color":"","background-image":"","background-repeat":"repeat","background-position":"center center","background-size":"auto","background-attachment":"scroll","background-type":"","background-media":"","overlay-type":"","overlay-color":"","overlay-opacity":"","overlay-gradient":""}},"ast-content-background-meta":{"desktop":{"background-color":"var(--ast-global-color-5)","background-image":"","background-repeat":"repeat","background-position":"center center","background-size":"auto","background-attachment":"scroll","background-type":"","background-media":"","overlay-type":"","overlay-color":"","overlay-opacity":"","overlay-gradient":""},"tablet":{"background-color":"var(--ast-global-color-5)","background-image":"","background-repeat":"repeat","background-position":"center center","background-size":"auto","background-attachment":"scroll","background-type":"","background-media":"","overlay-type":"","overlay-color":"","overlay-opacity":"","overlay-gradient":""},"mobile":{"background-color":"var(--ast-global-color-5)","background-image":"","background-repeat":"repeat","background-position":"center center","background-size":"auto","background-attachment":"scroll","background-type":"","background-media":"","overlay-type":"","overlay-color":"","overlay-opacity":"","overlay-gradient":""}}},"product_brand":[],"product_cat":[3561,3573,3572,3582,5078,4322,4325,4321],"product_tag":[4072,3649,3725,3662,3724,3650,3652,3641,3342,3660],"class_list":{"0":"post-80381","1":"product","2":"type-product","3":"status-publish","4":"has-post-thumbnail","6":"product_cat-design-nach-1945","7":"product_cat-granat","8":"product_cat-juwelen","9":"product_cat-ketten-colliers","10":"product_cat-metall-2","11":"product_cat-periode","12":"product_cat-silber","13":"product_cat-steine","14":"product_tag-boehmen","15":"product_tag-collier","16":"product_tag-garnet","17":"product_tag-gilt","18":"product_tag-granat","19":"product_tag-halskette","20":"product_tag-necklace","21":"product_tag-silber","22":"product_tag-silver","23":"product_tag-vergoldet","24":"desktop-align-left","25":"tablet-align-left","26":"mobile-align-left","28":"first","29":"instock","30":"sold-individually","31":"shipping-taxable","32":"purchasable","33":"product-type-simple"},"_links":{"self":[{"href":"https:\/\/www.multimedium.eu\/index.php?rest_route=\/wp\/v2\/product\/80381","targetHints":{"allow":["GET"]}}],"collection":[{"href":"https:\/\/www.multimedium.eu\/index.php?rest_route=\/wp\/v2\/product"}],"about":[{"href":"https:\/\/www.multimedium.eu\/index.php?rest_route=\/wp\/v2\/types\/product"}],"version-history":[{"count":4,"href":"https:\/\/www.multimedium.eu\/index.php?rest_route=\/wp\/v2\/product\/80381\/revisions"}],"predecessor-version":[{"id":89203,"href":"https:\/\/www.multimedium.eu\/index.php?rest_route=\/wp\/v2\/product\/80381\/revisions\/89203"}],"wp:featuredmedia":[{"embeddable":true,"href":"https:\/\/www.multimedium.eu\/index.php?rest_route=\/wp\/v2\/media\/80382"}],"wp:attachment":[{"href":"https:\/\/www.multimedium.eu\/index.php?rest_route=%2Fwp%2Fv2%2Fmedia&parent=80381"}],"wp:term":[{"taxonomy":"product_brand","embeddable":true,"href":"https:\/\/www.multimedium.eu\/index.php?rest_route=%2Fwp%2Fv2%2Fproduct_brand&post=80381"},{"taxonomy":"product_cat","embeddable":true,"href":"https:\/\/www.multimedium.eu\/index.php?rest_route=%2Fwp%2Fv2%2Fproduct_cat&post=80381"},{"taxonomy":"product_tag","embeddable":true,"href":"https:\/\/www.multimedium.eu\/index.php?rest_route=%2Fwp%2Fv2%2Fproduct_tag&post=80381"}],"curies":[{"name":"wp","href":"https:\/\/api.w.org\/{rel}","templated":true}]}}