{"id":80472,"date":"2020-10-22T21:25:28","date_gmt":"2020-10-22T19:25:28","guid":{"rendered":"http:\/\/multimedium.eu\/?post_type=product&#038;p=80472"},"modified":"2026-03-20T13:13:08","modified_gmt":"2026-03-20T12:13:08","slug":"585-weissgold-anhaenger-weisse-saphire-white-gold-pendant-sapphire","status":"publish","type":"product","link":"https:\/\/www.multimedium.eu\/?product=585-weissgold-anhaenger-weisse-saphire-white-gold-pendant-sapphire","title":{"rendered":"585 Wei\u00dfgold Anh\u00e4nger wei\u00dfe Saphire white gold pendant sapphire"},"content":{"rendered":"","protected":false},"excerpt":{"rendered":"<p>Entz\u00fcckender Wei\u00dfgold Anh\u00e4nger<br \/>\nin 585er Wei\u00dfgold mit wei\u00dfen Saphiren<br \/>\nin Form einer Bl\u00fcte,<br \/>\ngestempelt: 585<\/p>\n<p>in einem guten sch\u00f6nen Erhaltungszustand<\/p>\n<p>Gesamt-H\u00f6he (incl. Aufh\u00e4nger \u00d6se): 2,8 cm<br \/>\nBreite (Durchmesser): 1,25 cm<br \/>\nGewicht: 2,1 g<\/p>\n","protected":false},"featured_media":80473,"template":"","meta":{"site-sidebar-layout":"default","site-content-layout":"default","ast-site-content-layout":"default","site-content-style":"default","site-sidebar-style":"default","ast-global-header-display":"","ast-banner-title-visibility":"","ast-main-header-display":"","ast-hfb-above-header-display":"","ast-hfb-below-header-display":"","ast-hfb-mobile-header-display":"","site-post-title":"","ast-breadcrumbs-content":"","ast-featured-img":"","footer-sml-layout":"","theme-transparent-header-meta":"default","adv-header-id-meta":"","stick-header-meta":"","header-above-stick-meta":"","header-main-stick-meta":"","header-below-stick-meta":"","astra-migrate-meta-layouts":"set","ast-page-background-enabled":"default","ast-page-background-meta":{"desktop":{"background-color":"","background-image":"","background-repeat":"repeat","background-position":"center center","background-size":"auto","background-attachment":"scroll","background-type":"","background-media":"","overlay-type":"","overlay-color":"","overlay-opacity":"","overlay-gradient":""},"tablet":{"background-color":"","background-image":"","background-repeat":"repeat","background-position":"center center","background-size":"auto","background-attachment":"scroll","background-type":"","background-media":"","overlay-type":"","overlay-color":"","overlay-opacity":"","overlay-gradient":""},"mobile":{"background-color":"","background-image":"","background-repeat":"repeat","background-position":"center center","background-size":"auto","background-attachment":"scroll","background-type":"","background-media":"","overlay-type":"","overlay-color":"","overlay-opacity":"","overlay-gradient":""}},"ast-content-background-meta":{"desktop":{"background-color":"var(--ast-global-color-5)","background-image":"","background-repeat":"repeat","background-position":"center center","background-size":"auto","background-attachment":"scroll","background-type":"","background-media":"","overlay-type":"","overlay-color":"","overlay-opacity":"","overlay-gradient":""},"tablet":{"background-color":"var(--ast-global-color-5)","background-image":"","background-repeat":"repeat","background-position":"center center","background-size":"auto","background-attachment":"scroll","background-type":"","background-media":"","overlay-type":"","overlay-color":"","overlay-opacity":"","overlay-gradient":""},"mobile":{"background-color":"var(--ast-global-color-5)","background-image":"","background-repeat":"repeat","background-position":"center center","background-size":"auto","background-attachment":"scroll","background-type":"","background-media":"","overlay-type":"","overlay-color":"","overlay-opacity":"","overlay-gradient":""}}},"product_brand":[],"product_cat":[4450,3561,3564,3572,5078,4322,4791,4321,4833],"product_tag":[3647,3678,4112,3710,3341,4792,4793,4756,4794],"class_list":{"0":"post-80472","1":"product","2":"type-product","3":"status-publish","4":"has-post-thumbnail","6":"product_cat-anhaenger","7":"product_cat-design-nach-1945","8":"product_cat-gold","9":"product_cat-juwelen","10":"product_cat-metall-2","11":"product_cat-periode","12":"product_cat-saphir","13":"product_cat-steine","14":"product_cat-weissgold","15":"product_tag-anhaenger","16":"product_tag-blume","17":"product_tag-bluete","18":"product_tag-gold","19":"product_tag-pendant","20":"product_tag-saphir","21":"product_tag-sapphire","22":"product_tag-weissgold","23":"product_tag-white-gold","24":"desktop-align-left","25":"tablet-align-left","26":"mobile-align-left","28":"first","29":"instock","30":"sold-individually","31":"shipping-taxable","32":"purchasable","33":"product-type-simple"},"_links":{"self":[{"href":"https:\/\/www.multimedium.eu\/index.php?rest_route=\/wp\/v2\/product\/80472","targetHints":{"allow":["GET"]}}],"collection":[{"href":"https:\/\/www.multimedium.eu\/index.php?rest_route=\/wp\/v2\/product"}],"about":[{"href":"https:\/\/www.multimedium.eu\/index.php?rest_route=\/wp\/v2\/types\/product"}],"version-history":[{"count":2,"href":"https:\/\/www.multimedium.eu\/index.php?rest_route=\/wp\/v2\/product\/80472\/revisions"}],"predecessor-version":[{"id":81817,"href":"https:\/\/www.multimedium.eu\/index.php?rest_route=\/wp\/v2\/product\/80472\/revisions\/81817"}],"wp:featuredmedia":[{"embeddable":true,"href":"https:\/\/www.multimedium.eu\/index.php?rest_route=\/wp\/v2\/media\/80473"}],"wp:attachment":[{"href":"https:\/\/www.multimedium.eu\/index.php?rest_route=%2Fwp%2Fv2%2Fmedia&parent=80472"}],"wp:term":[{"taxonomy":"product_brand","embeddable":true,"href":"https:\/\/www.multimedium.eu\/index.php?rest_route=%2Fwp%2Fv2%2Fproduct_brand&post=80472"},{"taxonomy":"product_cat","embeddable":true,"href":"https:\/\/www.multimedium.eu\/index.php?rest_route=%2Fwp%2Fv2%2Fproduct_cat&post=80472"},{"taxonomy":"product_tag","embeddable":true,"href":"https:\/\/www.multimedium.eu\/index.php?rest_route=%2Fwp%2Fv2%2Fproduct_tag&post=80472"}],"curies":[{"name":"wp","href":"https:\/\/api.w.org\/{rel}","templated":true}]}}