{"id":80555,"date":"2020-11-01T16:43:13","date_gmt":"2020-11-01T15:43:13","guid":{"rendered":"http:\/\/multimedium.eu\/?post_type=product&#038;p=80555"},"modified":"2025-03-13T09:28:37","modified_gmt":"2025-03-13T08:28:37","slug":"murano-glas-anhaenger-goldfolie-aventurin-glass-pendant-millefiori","status":"publish","type":"product","link":"https:\/\/www.multimedium.eu\/?product=murano-glas-anhaenger-goldfolie-aventurin-glass-pendant-millefiori","title":{"rendered":"Murano Glas Anh\u00e4nger Goldfolie Aventurin glass pendant millefiori"},"content":{"rendered":"<p><strong>-SOLD &#8211; <\/strong><\/p>\n<p><strong>Gorgeous large, very beautiful, decorative vintage Murano glass pendant,<\/strong><br \/>\n<strong>with inclusions of different colors,<\/strong><br \/>\n<strong>handcrafted, probably from the 70s,<\/strong><br \/>\n<strong>with gold foil and aventurine glass, rare<\/strong><br \/>\n<strong>with hanger in silver gold-plated,<\/strong><br \/>\n<strong>Hanger loop stamped: 925 and company hallmark<\/strong><br \/>\n<strong>Back of the pendant signed in the glass: Murano Glass<\/strong><\/p>\n<p><strong>in a good, beautiful, top condition<\/strong><\/p>\n<p><strong>Height without hanger: 2,5 &#8220; (6.37 cm)<\/strong><br \/>\n<strong>Width: 1,87&#8243; (4.75 cm)<\/strong><\/p>\n<p><strong>\u00a0<\/strong><\/p>\n","protected":false},"excerpt":{"rendered":"<p>&#8211; VERKAUFT &#8211;<\/p>\n<p>Prachtvoller gro\u00dfer sehr sch\u00f6ner dekorativer vintage Murano Glas Anh\u00e4nger,<br \/>\nmit Einschl\u00fcssen in verschiedenen Farben,<br \/>\nin Handarbeit gefertigt, vermutlich aus den 70er Jahren,<br \/>\nmit Blattgold und Aventuringlas Einschmelzungen, selten<br \/>\nmit Aufh\u00e4nger in Silber vergoldet,<br \/>\nAufh\u00e4nger\u00f6se gestempelt: 925 und Firmenpunze<br \/>\nR\u00fcckseite des Anh\u00e4ngers im Glas signiert: Murano Glass<\/p>\n<p>in einem guten sch\u00f6nen top Erhaltungszustand<\/p>\n<p>H\u00f6he ohne Aufh\u00e4nger: 6,37 cm<br \/>\nBreite : 4,75 cm<\/p>\n","protected":false},"featured_media":80577,"template":"","meta":{"site-sidebar-layout":"default","site-content-layout":"default","ast-site-content-layout":"","site-content-style":"default","site-sidebar-style":"default","ast-global-header-display":"","ast-banner-title-visibility":"","ast-main-header-display":"","ast-hfb-above-header-display":"","ast-hfb-below-header-display":"","ast-hfb-mobile-header-display":"","site-post-title":"","ast-breadcrumbs-content":"","ast-featured-img":"","footer-sml-layout":"","theme-transparent-header-meta":"default","adv-header-id-meta":"","stick-header-meta":"","header-above-stick-meta":"","header-main-stick-meta":"","header-below-stick-meta":"","astra-migrate-meta-layouts":"default","ast-page-background-enabled":"default","ast-page-background-meta":{"desktop":{"background-color":"","background-image":"","background-repeat":"repeat","background-position":"center center","background-size":"auto","background-attachment":"scroll","background-type":"","background-media":"","overlay-type":"","overlay-color":"","overlay-opacity":"","overlay-gradient":""},"tablet":{"background-color":"","background-image":"","background-repeat":"repeat","background-position":"center center","background-size":"auto","background-attachment":"scroll","background-type":"","background-media":"","overlay-type":"","overlay-color":"","overlay-opacity":"","overlay-gradient":""},"mobile":{"background-color":"","background-image":"","background-repeat":"repeat","background-position":"center center","background-size":"auto","background-attachment":"scroll","background-type":"","background-media":"","overlay-type":"","overlay-color":"","overlay-opacity":"","overlay-gradient":""}},"ast-content-background-meta":{"desktop":{"background-color":"var(--ast-global-color-5)","background-image":"","background-repeat":"repeat","background-position":"center center","background-size":"auto","background-attachment":"scroll","background-type":"","background-media":"","overlay-type":"","overlay-color":"","overlay-opacity":"","overlay-gradient":""},"tablet":{"background-color":"var(--ast-global-color-5)","background-image":"","background-repeat":"repeat","background-position":"center center","background-size":"auto","background-attachment":"scroll","background-type":"","background-media":"","overlay-type":"","overlay-color":"","overlay-opacity":"","overlay-gradient":""},"mobile":{"background-color":"var(--ast-global-color-5)","background-image":"","background-repeat":"repeat","background-position":"center center","background-size":"auto","background-attachment":"scroll","background-type":"","background-media":"","overlay-type":"","overlay-color":"","overlay-opacity":"","overlay-gradient":""}}},"product_brand":[],"product_cat":[4450,3561,5075,3572,5078,4322,3599,4325,4321,4320],"product_tag":[3647,5577,5583,4557,3760,3761,4582,3789,4013,4536,3341,4215],"class_list":{"0":"post-80555","1":"product","2":"type-product","3":"status-publish","4":"has-post-thumbnail","6":"product_cat-anhaenger","7":"product_cat-design-nach-1945","8":"product_cat-glas-materialien","9":"product_cat-juwelen","10":"product_cat-metall-2","11":"product_cat-periode","12":"product_cat-signierter-schmuck","13":"product_cat-silber","14":"product_cat-steine","15":"product_cat-verkauft","16":"product_tag-anhaenger","17":"product_tag-aventurin","18":"product_tag-blattgold","19":"product_tag-einschmelzungen","20":"product_tag-glas","21":"product_tag-glass","22":"product_tag-goldeinschmelzungen","23":"product_tag-handarbeit","24":"product_tag-handwork","25":"product_tag-murano","26":"product_tag-pendant","27":"product_tag-verkauft","28":"desktop-align-left","29":"tablet-align-left","30":"mobile-align-left","32":"first","33":"outofstock","34":"sold-individually","35":"shipping-taxable","36":"product-type-simple"},"_links":{"self":[{"href":"https:\/\/www.multimedium.eu\/index.php?rest_route=\/wp\/v2\/product\/80555","targetHints":{"allow":["GET"]}}],"collection":[{"href":"https:\/\/www.multimedium.eu\/index.php?rest_route=\/wp\/v2\/product"}],"about":[{"href":"https:\/\/www.multimedium.eu\/index.php?rest_route=\/wp\/v2\/types\/product"}],"version-history":[{"count":9,"href":"https:\/\/www.multimedium.eu\/index.php?rest_route=\/wp\/v2\/product\/80555\/revisions"}],"predecessor-version":[{"id":87761,"href":"https:\/\/www.multimedium.eu\/index.php?rest_route=\/wp\/v2\/product\/80555\/revisions\/87761"}],"wp:featuredmedia":[{"embeddable":true,"href":"https:\/\/www.multimedium.eu\/index.php?rest_route=\/wp\/v2\/media\/80577"}],"wp:attachment":[{"href":"https:\/\/www.multimedium.eu\/index.php?rest_route=%2Fwp%2Fv2%2Fmedia&parent=80555"}],"wp:term":[{"taxonomy":"product_brand","embeddable":true,"href":"https:\/\/www.multimedium.eu\/index.php?rest_route=%2Fwp%2Fv2%2Fproduct_brand&post=80555"},{"taxonomy":"product_cat","embeddable":true,"href":"https:\/\/www.multimedium.eu\/index.php?rest_route=%2Fwp%2Fv2%2Fproduct_cat&post=80555"},{"taxonomy":"product_tag","embeddable":true,"href":"https:\/\/www.multimedium.eu\/index.php?rest_route=%2Fwp%2Fv2%2Fproduct_tag&post=80555"}],"curies":[{"name":"wp","href":"https:\/\/api.w.org\/{rel}","templated":true}]}}