{"id":80643,"date":"2020-11-29T22:31:55","date_gmt":"2020-11-29T21:31:55","guid":{"rendered":"https:\/\/www.multimedium.eu\/?post_type=product&#038;p=80643"},"modified":"2025-07-01T17:22:38","modified_gmt":"2025-07-01T15:22:38","slug":"jugendstil-silber-brosche-tuerkis-siebenbuergen-art-nouveau-silver-brooch","status":"publish","type":"product","link":"https:\/\/www.multimedium.eu\/?product=jugendstil-silber-brosche-tuerkis-siebenbuergen-art-nouveau-silver-brooch","title":{"rendered":"Jugendstil Brosche Silber T\u00fcrkis Siebenb\u00fcrgen art nouveau silver brooch"},"content":{"rendered":"","protected":false},"excerpt":{"rendered":"<p>Sch\u00f6ne dekorative Jugendstil Brosche Silber T\u00fcrkis Siebenb\u00fcrgen um 1900<br \/>\nmit T\u00fcrkisen und S\u00fc\u00dfwasser-Perle, Handarbeit<br \/>\nauch als Schalnadel oder Gewandnadel zu verwenden<br \/>\ngest.: wohl \u00f6sterreichischer L\u00f6wenkopf-Silberstempel (Siehe Foto)<\/p>\n<p>guter sch\u00f6ner Erhaltungszustand<\/p>\n<p>L\u00e4nge der Brosche:\u00a0 7,6 cm<br \/>\nDurchmesser des Broschen-Kopfs:\u00a0 1,9 cm<\/p>\n","protected":false},"featured_media":80646,"template":"","meta":{"site-sidebar-layout":"default","site-content-layout":"default","ast-site-content-layout":"default","site-content-style":"default","site-sidebar-style":"default","ast-global-header-display":"","ast-banner-title-visibility":"","ast-main-header-display":"","ast-hfb-above-header-display":"","ast-hfb-below-header-display":"","ast-hfb-mobile-header-display":"","site-post-title":"","ast-breadcrumbs-content":"","ast-featured-img":"","footer-sml-layout":"","theme-transparent-header-meta":"default","adv-header-id-meta":"","stick-header-meta":"","header-above-stick-meta":"","header-main-stick-meta":"","header-below-stick-meta":"","astra-migrate-meta-layouts":"set","ast-page-background-enabled":"default","ast-page-background-meta":{"desktop":{"background-color":"","background-image":"","background-repeat":"repeat","background-position":"center center","background-size":"auto","background-attachment":"scroll","background-type":"","background-media":"","overlay-type":"","overlay-color":"","overlay-opacity":"","overlay-gradient":""},"tablet":{"background-color":"","background-image":"","background-repeat":"repeat","background-position":"center center","background-size":"auto","background-attachment":"scroll","background-type":"","background-media":"","overlay-type":"","overlay-color":"","overlay-opacity":"","overlay-gradient":""},"mobile":{"background-color":"","background-image":"","background-repeat":"repeat","background-position":"center center","background-size":"auto","background-attachment":"scroll","background-type":"","background-media":"","overlay-type":"","overlay-color":"","overlay-opacity":"","overlay-gradient":""}},"ast-content-background-meta":{"desktop":{"background-color":"var(--ast-global-color-5)","background-image":"","background-repeat":"repeat","background-position":"center center","background-size":"auto","background-attachment":"scroll","background-type":"","background-media":"","overlay-type":"","overlay-color":"","overlay-opacity":"","overlay-gradient":""},"tablet":{"background-color":"var(--ast-global-color-5)","background-image":"","background-repeat":"repeat","background-position":"center center","background-size":"auto","background-attachment":"scroll","background-type":"","background-media":"","overlay-type":"","overlay-color":"","overlay-opacity":"","overlay-gradient":""},"mobile":{"background-color":"var(--ast-global-color-5)","background-image":"","background-repeat":"repeat","background-position":"center center","background-size":"auto","background-attachment":"scroll","background-type":"","background-media":"","overlay-type":"","overlay-color":"","overlay-opacity":"","overlay-gradient":""}}},"product_brand":[],"product_cat":[3559,5078,4322,4754,4325,4321,4149],"product_tag":[3700,3643,3636,5587,3698,3668,3667,4102,3978,3641,3342,5099,3832,3677],"class_list":{"0":"post-80643","1":"product","2":"type-product","3":"status-publish","4":"has-post-thumbnail","6":"product_cat-jugendstil","7":"product_cat-metall-2","8":"product_cat-periode","9":"product_cat-perle","10":"product_cat-silber","11":"product_cat-steine","12":"product_cat-tuerkis","13":"product_tag-art-nouveau","14":"product_tag-brooch","15":"product_tag-brosche","16":"product_tag-gewandnadel","17":"product_tag-jugendstil","18":"product_tag-pearl","19":"product_tag-perle","20":"product_tag-schalnadel","21":"product_tag-siebenbuergen","22":"product_tag-silber","23":"product_tag-silver","24":"product_tag-suesswasserperle","25":"product_tag-tuerkis","26":"product_tag-turquoise","27":"desktop-align-left","28":"tablet-align-left","29":"mobile-align-left","31":"first","32":"instock","33":"sold-individually","34":"shipping-taxable","35":"purchasable","36":"product-type-simple"},"_links":{"self":[{"href":"https:\/\/www.multimedium.eu\/index.php?rest_route=\/wp\/v2\/product\/80643","targetHints":{"allow":["GET"]}}],"collection":[{"href":"https:\/\/www.multimedium.eu\/index.php?rest_route=\/wp\/v2\/product"}],"about":[{"href":"https:\/\/www.multimedium.eu\/index.php?rest_route=\/wp\/v2\/types\/product"}],"version-history":[{"count":3,"href":"https:\/\/www.multimedium.eu\/index.php?rest_route=\/wp\/v2\/product\/80643\/revisions"}],"predecessor-version":[{"id":81773,"href":"https:\/\/www.multimedium.eu\/index.php?rest_route=\/wp\/v2\/product\/80643\/revisions\/81773"}],"wp:featuredmedia":[{"embeddable":true,"href":"https:\/\/www.multimedium.eu\/index.php?rest_route=\/wp\/v2\/media\/80646"}],"wp:attachment":[{"href":"https:\/\/www.multimedium.eu\/index.php?rest_route=%2Fwp%2Fv2%2Fmedia&parent=80643"}],"wp:term":[{"taxonomy":"product_brand","embeddable":true,"href":"https:\/\/www.multimedium.eu\/index.php?rest_route=%2Fwp%2Fv2%2Fproduct_brand&post=80643"},{"taxonomy":"product_cat","embeddable":true,"href":"https:\/\/www.multimedium.eu\/index.php?rest_route=%2Fwp%2Fv2%2Fproduct_cat&post=80643"},{"taxonomy":"product_tag","embeddable":true,"href":"https:\/\/www.multimedium.eu\/index.php?rest_route=%2Fwp%2Fv2%2Fproduct_tag&post=80643"}],"curies":[{"name":"wp","href":"https:\/\/api.w.org\/{rel}","templated":true}]}}