{"id":80863,"date":"2020-12-05T23:12:04","date_gmt":"2020-12-05T22:12:04","guid":{"rendered":"https:\/\/www.multimedium.eu\/?post_type=product&#038;p=80863"},"modified":"2025-03-13T09:28:28","modified_gmt":"2025-03-13T08:28:28","slug":"verkauft-seltene-antike-double-uhrenkette-mit-anker-tuerkis-saatperlen","status":"publish","type":"product","link":"https:\/\/www.multimedium.eu\/?product=verkauft-seltene-antike-double-uhrenkette-mit-anker-tuerkis-saatperlen","title":{"rendered":"Seltene antike Double Uhrenkette mit Anker T\u00fcrkis Saatperlen"},"content":{"rendered":"<p><strong>&#8211; SOLD &#8211; <\/strong><\/p>\n<p><strong>Rare Antique Victorian Watch Chain in Gold Double (Red gold overlay)<\/strong><br \/>\n<strong>with an anchor set with small freshwater pearls<\/strong><br \/>\n<strong>and a ring around the anchor set with tiny turquoise stones<\/strong><\/p>\n<p><strong>age-related in good beautiful condition<\/strong><\/p>\n<p><strong>Length of the necklace: 7, 1\/4&#8243; (18,5 cm)<\/strong><br \/>\n<strong>Width of the chain: 1 3\/4&#8243; (4,5 mm)<\/strong><br \/>\n<strong>Length of the anchor (inclusive soldered loop): 1,14&#8243; (2,9 cm)<\/strong><br \/>\n<strong>Width of the anchor: 3\/4&#8243; (1,9 cm)<\/strong><br \/>\n<strong>Whole weight of the chain: 9,2g<\/strong><\/p>\n","protected":false},"excerpt":{"rendered":"<p>-VERKAUFT &#8211;<\/p>\n<p>Seltene antike viktorianische Uhrenkette in Gold Double (Rotgold-Overlay)<br \/>\nmit einem Anker mit kleinen S\u00fc\u00dfwasserperlen<br \/>\nund ein Ring um den Anker, besetzt mit winzigen t\u00fcrkisfarbenen Steinen<\/p>\n<p>altersbedingt in gutem Zustand<\/p>\n<p>L\u00e4nge der Halskette: 18,5 cm<br \/>\nBreite der Kette: 4,5 mm (1 3\/4 &#8222;)<br \/>\nL\u00e4nge des Ankers (einschlie\u00dflich gel\u00f6teter Schlaufe): 2,9 cm (1,14 &#8222;)<br \/>\nBreite des Ankers: 3\/9 &#8222;(1,9 cm)<br \/>\nGesamtgewicht der Kette: 9,2 g<\/p>\n","protected":false},"featured_media":80868,"template":"","meta":{"site-sidebar-layout":"default","site-content-layout":"default","ast-site-content-layout":"","site-content-style":"default","site-sidebar-style":"default","ast-global-header-display":"","ast-banner-title-visibility":"","ast-main-header-display":"","ast-hfb-above-header-display":"","ast-hfb-below-header-display":"","ast-hfb-mobile-header-display":"","site-post-title":"","ast-breadcrumbs-content":"","ast-featured-img":"","footer-sml-layout":"","theme-transparent-header-meta":"default","adv-header-id-meta":"","stick-header-meta":"","header-above-stick-meta":"","header-main-stick-meta":"","header-below-stick-meta":"","astra-migrate-meta-layouts":"default","ast-page-background-enabled":"default","ast-page-background-meta":{"desktop":{"background-color":"","background-image":"","background-repeat":"repeat","background-position":"center center","background-size":"auto","background-attachment":"scroll","background-type":"","background-media":"","overlay-type":"","overlay-color":"","overlay-opacity":"","overlay-gradient":""},"tablet":{"background-color":"","background-image":"","background-repeat":"repeat","background-position":"center center","background-size":"auto","background-attachment":"scroll","background-type":"","background-media":"","overlay-type":"","overlay-color":"","overlay-opacity":"","overlay-gradient":""},"mobile":{"background-color":"","background-image":"","background-repeat":"repeat","background-position":"center center","background-size":"auto","background-attachment":"scroll","background-type":"","background-media":"","overlay-type":"","overlay-color":"","overlay-opacity":"","overlay-gradient":""}},"ast-content-background-meta":{"desktop":{"background-color":"var(--ast-global-color-5)","background-image":"","background-repeat":"repeat","background-position":"center center","background-size":"auto","background-attachment":"scroll","background-type":"","background-media":"","overlay-type":"","overlay-color":"","overlay-opacity":"","overlay-gradient":""},"tablet":{"background-color":"var(--ast-global-color-5)","background-image":"","background-repeat":"repeat","background-position":"center center","background-size":"auto","background-attachment":"scroll","background-type":"","background-media":"","overlay-type":"","overlay-color":"","overlay-opacity":"","overlay-gradient":""},"mobile":{"background-color":"var(--ast-global-color-5)","background-image":"","background-repeat":"repeat","background-position":"center center","background-size":"auto","background-attachment":"scroll","background-type":"","background-media":"","overlay-type":"","overlay-color":"","overlay-opacity":"","overlay-gradient":""}}},"product_brand":[],"product_cat":[3559,3572,3582,5078,4322,4754,4325,4321,4149,4320],"product_tag":[5612,5211,3710,4863,4126,3817,4215,5609],"class_list":{"0":"post-80863","1":"product","2":"type-product","3":"status-publish","4":"has-post-thumbnail","6":"product_cat-jugendstil","7":"product_cat-juwelen","8":"product_cat-ketten-colliers","9":"product_cat-metall-2","10":"product_cat-periode","11":"product_cat-perle","12":"product_cat-silber","13":"product_cat-steine","14":"product_cat-tuerkis","15":"product_cat-verkauft","16":"product_tag-anker","17":"product_tag-double","18":"product_tag-gold","19":"product_tag-suesswasserperlen","20":"product_tag-tuerkisfarben","21":"product_tag-uhrenkette","22":"product_tag-verkauft","23":"product_tag-viktorianisch","24":"desktop-align-left","25":"tablet-align-left","26":"mobile-align-left","28":"first","29":"outofstock","30":"sold-individually","31":"shipping-taxable","32":"product-type-simple"},"_links":{"self":[{"href":"https:\/\/www.multimedium.eu\/index.php?rest_route=\/wp\/v2\/product\/80863","targetHints":{"allow":["GET"]}}],"collection":[{"href":"https:\/\/www.multimedium.eu\/index.php?rest_route=\/wp\/v2\/product"}],"about":[{"href":"https:\/\/www.multimedium.eu\/index.php?rest_route=\/wp\/v2\/types\/product"}],"version-history":[{"count":3,"href":"https:\/\/www.multimedium.eu\/index.php?rest_route=\/wp\/v2\/product\/80863\/revisions"}],"predecessor-version":[{"id":87823,"href":"https:\/\/www.multimedium.eu\/index.php?rest_route=\/wp\/v2\/product\/80863\/revisions\/87823"}],"wp:featuredmedia":[{"embeddable":true,"href":"https:\/\/www.multimedium.eu\/index.php?rest_route=\/wp\/v2\/media\/80868"}],"wp:attachment":[{"href":"https:\/\/www.multimedium.eu\/index.php?rest_route=%2Fwp%2Fv2%2Fmedia&parent=80863"}],"wp:term":[{"taxonomy":"product_brand","embeddable":true,"href":"https:\/\/www.multimedium.eu\/index.php?rest_route=%2Fwp%2Fv2%2Fproduct_brand&post=80863"},{"taxonomy":"product_cat","embeddable":true,"href":"https:\/\/www.multimedium.eu\/index.php?rest_route=%2Fwp%2Fv2%2Fproduct_cat&post=80863"},{"taxonomy":"product_tag","embeddable":true,"href":"https:\/\/www.multimedium.eu\/index.php?rest_route=%2Fwp%2Fv2%2Fproduct_tag&post=80863"}],"curies":[{"name":"wp","href":"https:\/\/api.w.org\/{rel}","templated":true}]}}