{"id":80932,"date":"2020-12-17T17:53:45","date_gmt":"2020-12-17T16:53:45","guid":{"rendered":"https:\/\/www.multimedium.eu\/?post_type=product&#038;p=80932"},"modified":"2025-03-13T09:28:27","modified_gmt":"2025-03-13T08:28:27","slug":"taxco-fdr-mexico-silver-ring-signed-pancho-modernist-tigers-eye","status":"publish","type":"product","link":"https:\/\/www.multimedium.eu\/?product=taxco-fdr-mexico-silver-ring-signed-pancho-modernist-tigers-eye","title":{"rendered":"Taxco FDR Mexico Modernist Ring Tigerauge Silber Fingerring signiert Pancho"},"content":{"rendered":"<p>Beautiful decorative Taxco FDR Mexico Modernist Silver Ring with tiger&#8217;s-eye,<br \/>\nwith a Front plate and on both sides inlaid with tigers eye stones,<br \/>\nbeautiful coloring and aesthetic form,<br \/>\nsigned: Pancho Taxco Mexico FDR 925,<\/p>\n<p>in a good beautiful condition<\/p>\n<p>Measures of the front: 2cm x 2 cm (0,8 &#8220; x 0,8 &#8222;)<br \/>\nring size: US:10 (0,8 &#8222;)<\/p>\n","protected":false},"excerpt":{"rendered":"<p>Sch\u00f6ner dekorativer Taxco FDR Mexiko Modernist Silber Ring mit Tigerauge,<br \/>\nmit einer Frontplatte und beidseitig mit Tigeraugensteinen eingelegt,<br \/>\nsch\u00f6ne F\u00e4rbung und \u00e4sthetische Form,<br \/>\ngestempelt: Pancho Taxco Mexico FDR 925,<\/p>\n<p>in einem guten sch\u00f6nen Erhaltungszustand<\/p>\n<p>Ma\u00dfe der Frontseite: 2 cm x 2 cm<br \/>\nRinggr\u00f6\u00dfe: 63 (20,1 mm)<\/p>\n","protected":false},"featured_media":80939,"template":"","meta":{"site-sidebar-layout":"default","site-content-layout":"default","ast-site-content-layout":"","site-content-style":"default","site-sidebar-style":"default","ast-global-header-display":"","ast-banner-title-visibility":"","ast-main-header-display":"","ast-hfb-above-header-display":"","ast-hfb-below-header-display":"","ast-hfb-mobile-header-display":"","site-post-title":"","ast-breadcrumbs-content":"","ast-featured-img":"","footer-sml-layout":"","theme-transparent-header-meta":"default","adv-header-id-meta":"","stick-header-meta":"","header-above-stick-meta":"","header-main-stick-meta":"","header-below-stick-meta":"","astra-migrate-meta-layouts":"default","ast-page-background-enabled":"default","ast-page-background-meta":{"desktop":{"background-color":"","background-image":"","background-repeat":"repeat","background-position":"center center","background-size":"auto","background-attachment":"scroll","background-type":"","background-media":"","overlay-type":"","overlay-color":"","overlay-opacity":"","overlay-gradient":""},"tablet":{"background-color":"","background-image":"","background-repeat":"repeat","background-position":"center center","background-size":"auto","background-attachment":"scroll","background-type":"","background-media":"","overlay-type":"","overlay-color":"","overlay-opacity":"","overlay-gradient":""},"mobile":{"background-color":"","background-image":"","background-repeat":"repeat","background-position":"center center","background-size":"auto","background-attachment":"scroll","background-type":"","background-media":"","overlay-type":"","overlay-color":"","overlay-opacity":"","overlay-gradient":""}},"ast-content-background-meta":{"desktop":{"background-color":"var(--ast-global-color-5)","background-image":"","background-repeat":"repeat","background-position":"center center","background-size":"auto","background-attachment":"scroll","background-type":"","background-media":"","overlay-type":"","overlay-color":"","overlay-opacity":"","overlay-gradient":""},"tablet":{"background-color":"var(--ast-global-color-5)","background-image":"","background-repeat":"repeat","background-position":"center center","background-size":"auto","background-attachment":"scroll","background-type":"","background-media":"","overlay-type":"","overlay-color":"","overlay-opacity":"","overlay-gradient":""},"mobile":{"background-color":"var(--ast-global-color-5)","background-image":"","background-repeat":"repeat","background-position":"center center","background-size":"auto","background-attachment":"scroll","background-type":"","background-media":"","overlay-type":"","overlay-color":"","overlay-opacity":"","overlay-gradient":""}}},"product_brand":[],"product_cat":[3561,3572,5078,4322,3579,4325,4321,5484],"product_tag":[5486,3894,3897,3835,5485,3655,3641,3342,3898,5487,5488],"class_list":{"0":"post-80932","1":"product","2":"type-product","3":"status-publish","4":"has-post-thumbnail","6":"product_cat-design-nach-1945","7":"product_cat-juwelen","8":"product_cat-metall-2","9":"product_cat-periode","10":"product_cat-ringe","11":"product_cat-silber","12":"product_cat-steine","13":"product_cat-tigerauge","14":"product_tag-fdr","15":"product_tag-mexico","16":"product_tag-mexiko","17":"product_tag-modernist","18":"product_tag-pancho","19":"product_tag-ring","20":"product_tag-silber","21":"product_tag-silver","22":"product_tag-taxco","23":"product_tag-tigerauge","24":"product_tag-tigers-eye","25":"desktop-align-left","26":"tablet-align-left","27":"mobile-align-left","29":"first","30":"instock","31":"sold-individually","32":"shipping-taxable","33":"purchasable","34":"product-type-simple"},"_links":{"self":[{"href":"https:\/\/www.multimedium.eu\/index.php?rest_route=\/wp\/v2\/product\/80932","targetHints":{"allow":["GET"]}}],"collection":[{"href":"https:\/\/www.multimedium.eu\/index.php?rest_route=\/wp\/v2\/product"}],"about":[{"href":"https:\/\/www.multimedium.eu\/index.php?rest_route=\/wp\/v2\/types\/product"}],"version-history":[{"count":4,"href":"https:\/\/www.multimedium.eu\/index.php?rest_route=\/wp\/v2\/product\/80932\/revisions"}],"predecessor-version":[{"id":80944,"href":"https:\/\/www.multimedium.eu\/index.php?rest_route=\/wp\/v2\/product\/80932\/revisions\/80944"}],"wp:featuredmedia":[{"embeddable":true,"href":"https:\/\/www.multimedium.eu\/index.php?rest_route=\/wp\/v2\/media\/80939"}],"wp:attachment":[{"href":"https:\/\/www.multimedium.eu\/index.php?rest_route=%2Fwp%2Fv2%2Fmedia&parent=80932"}],"wp:term":[{"taxonomy":"product_brand","embeddable":true,"href":"https:\/\/www.multimedium.eu\/index.php?rest_route=%2Fwp%2Fv2%2Fproduct_brand&post=80932"},{"taxonomy":"product_cat","embeddable":true,"href":"https:\/\/www.multimedium.eu\/index.php?rest_route=%2Fwp%2Fv2%2Fproduct_cat&post=80932"},{"taxonomy":"product_tag","embeddable":true,"href":"https:\/\/www.multimedium.eu\/index.php?rest_route=%2Fwp%2Fv2%2Fproduct_tag&post=80932"}],"curies":[{"name":"wp","href":"https:\/\/api.w.org\/{rel}","templated":true}]}}