{"id":81057,"date":"2021-01-03T17:49:29","date_gmt":"2021-01-03T16:49:29","guid":{"rendered":"https:\/\/www.multimedium.eu\/?post_type=product&#038;p=81057"},"modified":"2025-03-13T09:28:26","modified_gmt":"2025-03-13T08:28:26","slug":"karneol-emaille-collier-kunst-handwerk-halskette-steinkette-necklace","status":"publish","type":"product","link":"https:\/\/www.multimedium.eu\/?product=karneol-emaille-collier-kunst-handwerk-halskette-steinkette-necklace","title":{"rendered":"Karneol Emaille Collier Kunst Handwerk Halskette Steinkette necklace"},"content":{"rendered":"<p>Gorgeous beautiful decorative vintage gemstone necklace<br \/>\nwith cylindrical carnelian rods,<br \/>\nwith beautiful, 14 carat gold-plated enameled intermediate eggshaped beads,<br \/>\nwith ornate raised flowers and leaves,<br \/>\nnewly threaded on strong pearl silk<br \/>\nthe way the chain is threaded, it is unique,<br \/>\nSpring ring lock and capsules in double<\/p>\n<p>in a good, beautiful condition<\/p>\n<p>Length: 47 cm<br \/>\nDiameter of the enamelled spheres: 9.6 mm<br \/>\nMax. Diameter of the cylindrical carnelian rods: 6.4 mm<br \/>\nLength of the cylindrical carnelian rods: approx. 1.2 cm<\/p>\n","protected":false},"excerpt":{"rendered":"<p>Prachtvolle sch\u00f6ne dekorative vintage Edelstein Halskette<br \/>\nmit zylinderf\u00f6rmigen Karneol St\u00e4ben,<br \/>\nmit sch\u00f6nen in 14 Karat vergoldeten emaillierten Zwischenkugeln,<br \/>\nmit verzierten erhabenen Bl\u00fcten und Bl\u00e4ttern,<br \/>\nneu auf starker Perlseide aufgezogen<br \/>\nso, wie die Kette aufgezogen ist, ist sie ein Unikat,<br \/>\nFederring-Verschlu\u00df und Kapseln in Double<\/p>\n<p>in einem guten sch\u00f6nen Erhaltungszustand<\/p>\n<p>L\u00e4nge : 47 cm<br \/>\nDurchmesser der emaillierten Kugeln: 9,6 mm<br \/>\nmax. Durchmesser der zylinderf\u00f6rmigen Karneol St\u00e4be: 6,4 mm<br \/>\nL\u00e4nge der zylinderf\u00f6rmigen Karneol St\u00e4be: ca. 1,2 cm<\/p>\n","protected":false},"featured_media":81058,"template":"","meta":{"site-sidebar-layout":"default","site-content-layout":"default","ast-site-content-layout":"","site-content-style":"default","site-sidebar-style":"default","ast-global-header-display":"","ast-banner-title-visibility":"","ast-main-header-display":"","ast-hfb-above-header-display":"","ast-hfb-below-header-display":"","ast-hfb-mobile-header-display":"","site-post-title":"","ast-breadcrumbs-content":"","ast-featured-img":"","footer-sml-layout":"","theme-transparent-header-meta":"default","adv-header-id-meta":"","stick-header-meta":"","header-above-stick-meta":"","header-main-stick-meta":"","header-below-stick-meta":"","astra-migrate-meta-layouts":"default","ast-page-background-enabled":"default","ast-page-background-meta":{"desktop":{"background-color":"","background-image":"","background-repeat":"repeat","background-position":"center center","background-size":"auto","background-attachment":"scroll","background-type":"","background-media":"","overlay-type":"","overlay-color":"","overlay-opacity":"","overlay-gradient":""},"tablet":{"background-color":"","background-image":"","background-repeat":"repeat","background-position":"center center","background-size":"auto","background-attachment":"scroll","background-type":"","background-media":"","overlay-type":"","overlay-color":"","overlay-opacity":"","overlay-gradient":""},"mobile":{"background-color":"","background-image":"","background-repeat":"repeat","background-position":"center center","background-size":"auto","background-attachment":"scroll","background-type":"","background-media":"","overlay-type":"","overlay-color":"","overlay-opacity":"","overlay-gradient":""}},"ast-content-background-meta":{"desktop":{"background-color":"var(--ast-global-color-5)","background-image":"","background-repeat":"repeat","background-position":"center center","background-size":"auto","background-attachment":"scroll","background-type":"","background-media":"","overlay-type":"","overlay-color":"","overlay-opacity":"","overlay-gradient":""},"tablet":{"background-color":"var(--ast-global-color-5)","background-image":"","background-repeat":"repeat","background-position":"center center","background-size":"auto","background-attachment":"scroll","background-type":"","background-media":"","overlay-type":"","overlay-color":"","overlay-opacity":"","overlay-gradient":""},"mobile":{"background-color":"var(--ast-global-color-5)","background-image":"","background-repeat":"repeat","background-position":"center center","background-size":"auto","background-attachment":"scroll","background-type":"","background-media":"","overlay-type":"","overlay-color":"","overlay-opacity":"","overlay-gradient":""}}},"product_brand":[],"product_cat":[4322,3561,3598,3572,4810,3582,4321],"product_tag":[5634,4223,4914,3686,3649,3639,3654,3650,3685,3652,5635],"class_list":{"0":"post-81057","1":"product","2":"type-product","3":"status-publish","4":"has-post-thumbnail","6":"product_cat-periode","7":"product_cat-design-nach-1945","8":"product_cat-emaille","9":"product_cat-juwelen","10":"product_cat-karneol","11":"product_cat-ketten-colliers","12":"product_cat-steine","13":"product_tag-beads","14":"product_tag-blaetter","15":"product_tag-blueten","16":"product_tag-carnelian","17":"product_tag-collier","18":"product_tag-emaille","19":"product_tag-enamel","20":"product_tag-halskette","21":"product_tag-karneol","22":"product_tag-necklace","23":"product_tag-rods","24":"desktop-align-left","25":"tablet-align-left","26":"mobile-align-left","28":"first","29":"instock","30":"sold-individually","31":"shipping-taxable","32":"purchasable","33":"product-type-simple"},"_links":{"self":[{"href":"https:\/\/www.multimedium.eu\/index.php?rest_route=\/wp\/v2\/product\/81057","targetHints":{"allow":["GET"]}}],"collection":[{"href":"https:\/\/www.multimedium.eu\/index.php?rest_route=\/wp\/v2\/product"}],"about":[{"href":"https:\/\/www.multimedium.eu\/index.php?rest_route=\/wp\/v2\/types\/product"}],"version-history":[{"count":2,"href":"https:\/\/www.multimedium.eu\/index.php?rest_route=\/wp\/v2\/product\/81057\/revisions"}],"predecessor-version":[{"id":81734,"href":"https:\/\/www.multimedium.eu\/index.php?rest_route=\/wp\/v2\/product\/81057\/revisions\/81734"}],"wp:featuredmedia":[{"embeddable":true,"href":"https:\/\/www.multimedium.eu\/index.php?rest_route=\/wp\/v2\/media\/81058"}],"wp:attachment":[{"href":"https:\/\/www.multimedium.eu\/index.php?rest_route=%2Fwp%2Fv2%2Fmedia&parent=81057"}],"wp:term":[{"taxonomy":"product_brand","embeddable":true,"href":"https:\/\/www.multimedium.eu\/index.php?rest_route=%2Fwp%2Fv2%2Fproduct_brand&post=81057"},{"taxonomy":"product_cat","embeddable":true,"href":"https:\/\/www.multimedium.eu\/index.php?rest_route=%2Fwp%2Fv2%2Fproduct_cat&post=81057"},{"taxonomy":"product_tag","embeddable":true,"href":"https:\/\/www.multimedium.eu\/index.php?rest_route=%2Fwp%2Fv2%2Fproduct_tag&post=81057"}],"curies":[{"name":"wp","href":"https:\/\/api.w.org\/{rel}","templated":true}]}}