{"id":81426,"date":"2021-04-01T15:50:51","date_gmt":"2021-04-01T13:50:51","guid":{"rendered":"https:\/\/www.multimedium.eu\/?post_type=product&#038;p=81426"},"modified":"2026-03-08T17:33:34","modified_gmt":"2026-03-08T16:33:34","slug":"christoph-palme-deckenlampe-vergoldet-lampe-glas-tropfen-70er-jahre-lamp","status":"publish","type":"product","link":"https:\/\/www.multimedium.eu\/?product=christoph-palme-deckenlampe-vergoldet-lampe-glas-tropfen-70er-jahre-lamp","title":{"rendered":"Christoph Palme Deckenlampe vergoldet Lampe Glas Tropfen 70er Jahre Lamp"},"content":{"rendered":"<h6>Christoph Palme ceiling lamp gold plated glass drops 70s<\/h6>\n<p>Magnificent large decorative multi-level ceiling lamp from the 70s<br \/>\nmade of gold-plated metal by Christoph Palme,<br \/>\ncan be used for living rooms, dining rooms, larger rooms,<br \/>\nwith numerous (90 pcs) crystal glass drops,<br \/>\nat the top with 4 sockets for small light bulbs (E14),<br \/>\nat the bottom with 6 sockets for small light bulbs (E14),<br \/>\nSale without bulbs,<\/p>\n<p>in a good, beautiful condition, top<\/p>\n<p>Total height: 34.25&#8243; (87 cm)<br \/>\nDiameter: 23.62&#8243; (60 cm)<\/p>\n","protected":false},"excerpt":{"rendered":"<h6>Christoph Palme Deckenlampe vergoldet Lampe Glas Tropfen 70er Jahre Lamp<\/h6>\n<p>Prachtvolle gro\u00dfe dekorative mehrstufige 70er Jahre Decken-Lampe<br \/>\naus vergoldetem Metall von Christoph Palme,<br \/>\nf\u00fcr Wohnzimmer, Speisezimmer, gr\u00f6\u00dfere R\u00e4ume nutzbar,<br \/>\nmit zahlreichen (90 St\u00fcck) Kristallglas Tropfen,<br \/>\noben, mit 4 Fassungen f\u00fcr kleine Gl\u00fchbirnen (E14),<br \/>\nunten, mit 6 Fassungen f\u00fcr kleine Gl\u00fchbirnen (E14),<br \/>\nVerkauf ohne Leuchtmittel,<\/p>\n<p>in einem guten sch\u00f6nen Erhaltungszustand, Top<\/p>\n<p>Gesamt-H\u00f6he : 87 cm<br \/>\nDurchmesser : 60 cm<\/p>\n","protected":false},"featured_media":92891,"template":"","meta":{"site-sidebar-layout":"default","site-content-layout":"default","ast-site-content-layout":"default","site-content-style":"default","site-sidebar-style":"default","ast-global-header-display":"","ast-banner-title-visibility":"","ast-main-header-display":"","ast-hfb-above-header-display":"","ast-hfb-below-header-display":"","ast-hfb-mobile-header-display":"","site-post-title":"","ast-breadcrumbs-content":"","ast-featured-img":"","footer-sml-layout":"","theme-transparent-header-meta":"default","adv-header-id-meta":"","stick-header-meta":"","header-above-stick-meta":"","header-main-stick-meta":"","header-below-stick-meta":"","astra-migrate-meta-layouts":"set","ast-page-background-enabled":"default","ast-page-background-meta":{"desktop":{"background-color":"","background-image":"","background-repeat":"repeat","background-position":"center center","background-size":"auto","background-attachment":"scroll","background-type":"","background-media":"","overlay-type":"","overlay-color":"","overlay-opacity":"","overlay-gradient":""},"tablet":{"background-color":"","background-image":"","background-repeat":"repeat","background-position":"center center","background-size":"auto","background-attachment":"scroll","background-type":"","background-media":"","overlay-type":"","overlay-color":"","overlay-opacity":"","overlay-gradient":""},"mobile":{"background-color":"","background-image":"","background-repeat":"repeat","background-position":"center center","background-size":"auto","background-attachment":"scroll","background-type":"","background-media":"","overlay-type":"","overlay-color":"","overlay-opacity":"","overlay-gradient":""}},"ast-content-background-meta":{"desktop":{"background-color":"var(--ast-global-color-5)","background-image":"","background-repeat":"repeat","background-position":"center center","background-size":"auto","background-attachment":"scroll","background-type":"","background-media":"","overlay-type":"","overlay-color":"","overlay-opacity":"","overlay-gradient":""},"tablet":{"background-color":"var(--ast-global-color-5)","background-image":"","background-repeat":"repeat","background-position":"center center","background-size":"auto","background-attachment":"scroll","background-type":"","background-media":"","overlay-type":"","overlay-color":"","overlay-opacity":"","overlay-gradient":""},"mobile":{"background-color":"var(--ast-global-color-5)","background-image":"","background-repeat":"repeat","background-position":"center center","background-size":"auto","background-attachment":"scroll","background-type":"","background-media":"","overlay-type":"","overlay-color":"","overlay-opacity":"","overlay-gradient":""}}},"product_brand":[],"product_cat":[3512,3561],"product_tag":[4555,4666,5212,4503,5676,4567,4504,5675,4859,5674],"class_list":{"0":"post-81426","1":"product","2":"type-product","3":"status-publish","4":"has-post-thumbnail","6":"product_cat-moebel-und-lampen","7":"product_cat-design-nach-1945","8":"product_tag-70er-jahre","9":"product_tag-70s","10":"product_tag-christoph-palme","11":"product_tag-deckenlampe","12":"product_tag-groessere-raeume","13":"product_tag-kristallglas","14":"product_tag-lampe","15":"product_tag-speisezimmer","16":"product_tag-tropfen","17":"product_tag-wohnzimmer","18":"desktop-align-left","19":"tablet-align-left","20":"mobile-align-left","22":"first","23":"instock","24":"sold-individually","25":"shipping-taxable","26":"purchasable","27":"product-type-simple"},"_links":{"self":[{"href":"https:\/\/www.multimedium.eu\/index.php?rest_route=\/wp\/v2\/product\/81426","targetHints":{"allow":["GET"]}}],"collection":[{"href":"https:\/\/www.multimedium.eu\/index.php?rest_route=\/wp\/v2\/product"}],"about":[{"href":"https:\/\/www.multimedium.eu\/index.php?rest_route=\/wp\/v2\/types\/product"}],"version-history":[{"count":3,"href":"https:\/\/www.multimedium.eu\/index.php?rest_route=\/wp\/v2\/product\/81426\/revisions"}],"predecessor-version":[{"id":90403,"href":"https:\/\/www.multimedium.eu\/index.php?rest_route=\/wp\/v2\/product\/81426\/revisions\/90403"}],"wp:featuredmedia":[{"embeddable":true,"href":"https:\/\/www.multimedium.eu\/index.php?rest_route=\/wp\/v2\/media\/92891"}],"wp:attachment":[{"href":"https:\/\/www.multimedium.eu\/index.php?rest_route=%2Fwp%2Fv2%2Fmedia&parent=81426"}],"wp:term":[{"taxonomy":"product_brand","embeddable":true,"href":"https:\/\/www.multimedium.eu\/index.php?rest_route=%2Fwp%2Fv2%2Fproduct_brand&post=81426"},{"taxonomy":"product_cat","embeddable":true,"href":"https:\/\/www.multimedium.eu\/index.php?rest_route=%2Fwp%2Fv2%2Fproduct_cat&post=81426"},{"taxonomy":"product_tag","embeddable":true,"href":"https:\/\/www.multimedium.eu\/index.php?rest_route=%2Fwp%2Fv2%2Fproduct_tag&post=81426"}],"curies":[{"name":"wp","href":"https:\/\/api.w.org\/{rel}","templated":true}]}}